{"id":26158,"date":"2024-02-23T22:19:25","date_gmt":"2024-02-23T22:19:25","guid":{"rendered":"https:\/\/jnksport.com\/?post_type=product&#038;p=26158"},"modified":"2026-03-09T16:38:24","modified_gmt":"2026-03-09T16:38:24","slug":"zapatilla-adidas-advantage-lifestyle-gy6995-para-nino","status":"publish","type":"product","link":"https:\/\/jnksport.com\/en\/product\/zapatilla-adidas-advantage-lifestyle-gy6995-para-nino\/","title":{"rendered":"Zapatilla Adidas Advantage Lifestyle GY6995 para Ni\u00f1o"},"content":{"rendered":"<div>\n<div>Estas zapatillas adidas con pasadores para ni\u00f1os son perfectas para el estudio, los entrenamientos y para todo tipo de actividades de ocio. Traen un exterior sint\u00e9tico suave para una sensaci\u00f3n de comodidad. La suela de caucho brinda una tracci\u00f3n confiable.<\/p>\n<p>Hecho con una serie de materiales reciclados, este exterior incorpora al menos un 50% de contenido reciclado. Este producto representa solo una de nuestras soluciones para acabar con los residuos pl\u00e1sticos.<\/p><\/div>\n<\/div>\n<ul>\n<li>Marca: Adidas<\/li>\n<li>Codigo: GY6995<\/li>\n<li>Modelo: Advantage Lifestyle<\/li>\n<li>G\u00e9nero: Ni\u00f1o<\/li>\n<li>Estilo: Urbano<\/li>\n<li>Cierre: Cordones<\/li>\n<li>Material: Cuero Sintetico<\/li>\n<li>Color: Blanco<\/li>\n<li>Material de la Suela: Caucho<\/li>\n<\/ul>","protected":false},"excerpt":{"rendered":"<p>Estas zapatillas adidas con pasadores para ni\u00f1os son perfectas para el estudio, los entrenamientos y para todo tipo de actividades de ocio. Traen un exterior&#8230;<\/p>","protected":false},"featured_media":25945,"comment_status":"open","ping_status":"closed","template":"","meta":{"om_disable_all_campaigns":false,"_monsterinsights_skip_tracking":false,"_monsterinsights_sitenote_active":false,"_monsterinsights_sitenote_note":"","_monsterinsights_sitenote_category":0,"_uf_show_specific_survey":0,"_uf_disable_surveys":false,"_joinchat":[]},"etheme_brands":[],"product_brand":[],"product_cat":[159],"product_tag":[],"class_list":{"0":"post-26158","1":"product","2":"type-product","3":"status-publish","4":"has-post-thumbnail","6":"product_cat-ninos","7":"product_shipping_class-envio-a-lima-y-provincia","9":"first","10":"instock","11":"sale","12":"featured","13":"shipping-taxable","14":"purchasable","15":"product-type-variable"},"aioseo_notices":[],"_links":{"self":[{"href":"https:\/\/jnksport.com\/en\/wp-json\/wp\/v2\/product\/26158","targetHints":{"allow":["GET"]}}],"collection":[{"href":"https:\/\/jnksport.com\/en\/wp-json\/wp\/v2\/product"}],"about":[{"href":"https:\/\/jnksport.com\/en\/wp-json\/wp\/v2\/types\/product"}],"replies":[{"embeddable":true,"href":"https:\/\/jnksport.com\/en\/wp-json\/wp\/v2\/comments?post=26158"}],"version-history":[{"count":0,"href":"https:\/\/jnksport.com\/en\/wp-json\/wp\/v2\/product\/26158\/revisions"}],"wp:featuredmedia":[{"embeddable":true,"href":"https:\/\/jnksport.com\/en\/wp-json\/wp\/v2\/media\/25945"}],"wp:attachment":[{"href":"https:\/\/jnksport.com\/en\/wp-json\/wp\/v2\/media?parent=26158"}],"wp:term":[{"taxonomy":"brand","embeddable":true,"href":"https:\/\/jnksport.com\/en\/wp-json\/wp\/v2\/etheme_brands?post=26158"},{"taxonomy":"product_brand","embeddable":true,"href":"https:\/\/jnksport.com\/en\/wp-json\/wp\/v2\/product_brand?post=26158"},{"taxonomy":"product_cat","embeddable":true,"href":"https:\/\/jnksport.com\/en\/wp-json\/wp\/v2\/product_cat?post=26158"},{"taxonomy":"product_tag","embeddable":true,"href":"https:\/\/jnksport.com\/en\/wp-json\/wp\/v2\/product_tag?post=26158"}],"curies":[{"name":"wp","href":"https:\/\/api.w.org\/{rel}","templated":true}]}}