{"id":26231,"date":"2024-02-23T22:20:13","date_gmt":"2024-02-23T22:20:13","guid":{"rendered":"https:\/\/jnksport.com\/?post_type=product&#038;p=26231"},"modified":"2026-03-13T22:00:16","modified_gmt":"2026-03-13T22:00:16","slug":"zapatilla-adidas-breaknet-2-0-id5276-para-nino","status":"publish","type":"product","link":"https:\/\/jnksport.com\/en\/product\/zapatilla-adidas-breaknet-2-0-id5276-para-nino\/","title":{"rendered":"Zapatilla Adidas Breaknet 2.0 ID5276 para Ni\u00f1o"},"content":{"rendered":"<div>\n<div>No importa lo ocupado que est\u00e9 el d\u00eda, tu peque\u00f1o puede relajarse c\u00f3modamente con estos zapatos Breaknet 2.0 para beb\u00e9s de adidas. Las correas de velcro hacen que sean muy f\u00e1ciles de poner y quitar, mientras que la entresuela y suela exterior combinadas de EVA de una sola pieza ultra lujosas mantienen cada paso suave y estable. Ya sea jugando a la fantas\u00eda en el patio de recreo o practicando en los columpios, estas zapatillas mantendr\u00e1n c\u00f3modos los pies de los peque\u00f1os. Este producto contiene al menos un 20 % de materiales reciclados. Al reutilizar materiales que ya han sido creados, ayudamos a reducir el desperdicio y nuestra dependencia de recursos finitos y reducimos la huella de los productos que fabricamos.<\/div>\n<\/div>\n<ul>\n<li>Marca: Adidas<\/li>\n<li>Codigo: ID5276<\/li>\n<li>Modelo: Breaknet 2.0<\/li>\n<li>G\u00e9nero: Ni\u00f1o<\/li>\n<li>Estilo: Urbano<\/li>\n<li>Cierre: Pegable<\/li>\n<li>Material: Cuero Sintetico<\/li>\n<li>Color: Blanco<\/li>\n<li>Material de la Suela: Caucho<\/li>\n<\/ul>","protected":false},"excerpt":{"rendered":"<p>No importa lo ocupado que est\u00e9 el d\u00eda, tu peque\u00f1o puede relajarse c\u00f3modamente con estos zapatos Breaknet 2.0 para beb\u00e9s de adidas. Las correas de&#8230;<\/p>","protected":false},"featured_media":26016,"comment_status":"open","ping_status":"closed","template":"","meta":{"om_disable_all_campaigns":false,"_monsterinsights_skip_tracking":false,"_monsterinsights_sitenote_active":false,"_monsterinsights_sitenote_note":"","_monsterinsights_sitenote_category":0,"_uf_show_specific_survey":0,"_uf_disable_surveys":false,"_joinchat":[]},"etheme_brands":[],"product_brand":[],"product_cat":[159],"product_tag":[],"class_list":{"0":"post-26231","1":"product","2":"type-product","3":"status-publish","4":"has-post-thumbnail","6":"product_cat-ninos","7":"product_shipping_class-envio-a-lima-y-provincia","9":"first","10":"instock","11":"featured","12":"shipping-taxable","13":"purchasable","14":"product-type-variable"},"aioseo_notices":[],"_links":{"self":[{"href":"https:\/\/jnksport.com\/en\/wp-json\/wp\/v2\/product\/26231","targetHints":{"allow":["GET"]}}],"collection":[{"href":"https:\/\/jnksport.com\/en\/wp-json\/wp\/v2\/product"}],"about":[{"href":"https:\/\/jnksport.com\/en\/wp-json\/wp\/v2\/types\/product"}],"replies":[{"embeddable":true,"href":"https:\/\/jnksport.com\/en\/wp-json\/wp\/v2\/comments?post=26231"}],"version-history":[{"count":0,"href":"https:\/\/jnksport.com\/en\/wp-json\/wp\/v2\/product\/26231\/revisions"}],"wp:featuredmedia":[{"embeddable":true,"href":"https:\/\/jnksport.com\/en\/wp-json\/wp\/v2\/media\/26016"}],"wp:attachment":[{"href":"https:\/\/jnksport.com\/en\/wp-json\/wp\/v2\/media?parent=26231"}],"wp:term":[{"taxonomy":"brand","embeddable":true,"href":"https:\/\/jnksport.com\/en\/wp-json\/wp\/v2\/etheme_brands?post=26231"},{"taxonomy":"product_brand","embeddable":true,"href":"https:\/\/jnksport.com\/en\/wp-json\/wp\/v2\/product_brand?post=26231"},{"taxonomy":"product_cat","embeddable":true,"href":"https:\/\/jnksport.com\/en\/wp-json\/wp\/v2\/product_cat?post=26231"},{"taxonomy":"product_tag","embeddable":true,"href":"https:\/\/jnksport.com\/en\/wp-json\/wp\/v2\/product_tag?post=26231"}],"curies":[{"name":"wp","href":"https:\/\/api.w.org\/{rel}","templated":true}]}}