{"id":26249,"date":"2024-02-23T22:20:23","date_gmt":"2024-02-23T22:20:23","guid":{"rendered":"https:\/\/jnksport.com\/?post_type=product&#038;p=26249"},"modified":"2026-03-21T08:03:19","modified_gmt":"2026-03-21T08:03:19","slug":"zapatilla-adidas-breaknet-2-0-id8026-para-nino","status":"publish","type":"product","link":"https:\/\/jnksport.com\/en\/product\/zapatilla-adidas-breaknet-2-0-id8026-para-nino\/","title":{"rendered":"Zapatilla Adidas Breaknet 2.0 ID8026 para Ni\u00f1o"},"content":{"rendered":"<div>\n<div>Ya sea siguiendo a sus personajes favoritos de Disney hasta el infinito y m\u00e1s all\u00e1 o corriendo por el patio de recreo, a tu peque\u00f1o aventurero le encantar\u00e1 ponerse estos zapatos inspirados en Mickey Mouse de adidas. Las correas de velcro hacen que sea f\u00e1cil de poner y quitar, para que puedan lanzarse directamente al juego imaginativo. Este producto contiene al menos un 20 % de materiales reciclados. Al reutilizar materiales que ya han sido creados, ayudamos a reducir el desperdicio y nuestra dependencia de recursos finitos y reducimos la huella de los productos que fabricamos.<\/div>\n<\/div>\n<ul>\n<li>Marca: Adidas<\/li>\n<li>Codigo: ID8026<\/li>\n<li>Modelo: Breaknet 2.0<\/li>\n<li>G\u00e9nero: Ni\u00f1o<\/li>\n<li>Estilo: Urbano<\/li>\n<li>Cierre: Cordones<\/li>\n<li>Material: Cuero Sintetico<\/li>\n<li>Color: Blanco<\/li>\n<li>Material de la Suela: Goma<\/li>\n<\/ul>","protected":false},"excerpt":{"rendered":"<p>Ya sea siguiendo a sus personajes favoritos de Disney hasta el infinito y m\u00e1s all\u00e1 o corriendo por el patio de recreo, a tu peque\u00f1o&#8230;<\/p>","protected":false},"featured_media":26034,"comment_status":"open","ping_status":"closed","template":"","meta":{"om_disable_all_campaigns":false,"_monsterinsights_skip_tracking":false,"_monsterinsights_sitenote_active":false,"_monsterinsights_sitenote_note":"","_monsterinsights_sitenote_category":0,"_uf_show_specific_survey":0,"_uf_disable_surveys":false,"_joinchat":[]},"etheme_brands":[],"product_brand":[],"product_cat":[159],"product_tag":[],"class_list":{"0":"post-26249","1":"product","2":"type-product","3":"status-publish","4":"has-post-thumbnail","6":"product_cat-ninos","7":"product_shipping_class-envio-a-lima-y-provincia","9":"first","10":"instock","11":"sale","12":"featured","13":"shipping-taxable","14":"purchasable","15":"product-type-variable"},"aioseo_notices":[],"_links":{"self":[{"href":"https:\/\/jnksport.com\/en\/wp-json\/wp\/v2\/product\/26249","targetHints":{"allow":["GET"]}}],"collection":[{"href":"https:\/\/jnksport.com\/en\/wp-json\/wp\/v2\/product"}],"about":[{"href":"https:\/\/jnksport.com\/en\/wp-json\/wp\/v2\/types\/product"}],"replies":[{"embeddable":true,"href":"https:\/\/jnksport.com\/en\/wp-json\/wp\/v2\/comments?post=26249"}],"version-history":[{"count":0,"href":"https:\/\/jnksport.com\/en\/wp-json\/wp\/v2\/product\/26249\/revisions"}],"wp:featuredmedia":[{"embeddable":true,"href":"https:\/\/jnksport.com\/en\/wp-json\/wp\/v2\/media\/26034"}],"wp:attachment":[{"href":"https:\/\/jnksport.com\/en\/wp-json\/wp\/v2\/media?parent=26249"}],"wp:term":[{"taxonomy":"brand","embeddable":true,"href":"https:\/\/jnksport.com\/en\/wp-json\/wp\/v2\/etheme_brands?post=26249"},{"taxonomy":"product_brand","embeddable":true,"href":"https:\/\/jnksport.com\/en\/wp-json\/wp\/v2\/product_brand?post=26249"},{"taxonomy":"product_cat","embeddable":true,"href":"https:\/\/jnksport.com\/en\/wp-json\/wp\/v2\/product_cat?post=26249"},{"taxonomy":"product_tag","embeddable":true,"href":"https:\/\/jnksport.com\/en\/wp-json\/wp\/v2\/product_tag?post=26249"}],"curies":[{"name":"wp","href":"https:\/\/api.w.org\/{rel}","templated":true}]}}