{"id":26365,"date":"2024-02-23T22:21:42","date_gmt":"2024-02-23T22:21:42","guid":{"rendered":"https:\/\/jnksport.com\/?post_type=product&#038;p=26365"},"modified":"2026-03-30T23:02:10","modified_gmt":"2026-03-30T23:02:10","slug":"zapatilla-adidas-hoops-3-0-ig7896-para-mujer","status":"publish","type":"product","link":"https:\/\/jnksport.com\/en\/product\/zapatilla-adidas-hoops-3-0-ig7896-para-mujer\/","title":{"rendered":"Zapatilla Adidas Hoops 3.0 IG7896 para Mujer"},"content":{"rendered":"<div>\n<div>Crea un look que rinda homenaje a la cultura del baloncesto con estos zapatos adidas. La silueta cl\u00e1sica aporta un esp\u00edritu retro. Y cuando los combinas con cualquier conjunto, las 3 Rayas hacen una clara declaraci\u00f3n de herencia deportiva. Fabricada con una serie de materiales reciclados, esta parte superior presenta al menos un 50 % de contenido reciclado. Este producto representa solo una de nuestras soluciones para ayudar a acabar con los residuos pl\u00e1sticos.<\/div>\n<\/div>\n<ul>\n<li>Marca: Adidas<\/li>\n<li>Codigo: IG7896<\/li>\n<li>Modelo: Hoops 3.0<\/li>\n<li>G\u00e9nero: Mujer<\/li>\n<li>Estilo: Urbano<\/li>\n<li>Cierre: Cordones<\/li>\n<li>Material: Cuero Sintetico<\/li>\n<li>Color: Negro<\/li>\n<li>Material de la Suela: Goma<\/li>\n<\/ul>","protected":false},"excerpt":{"rendered":"<p>Crea un look que rinda homenaje a la cultura del baloncesto con estos zapatos adidas. La silueta cl\u00e1sica aporta un esp\u00edritu retro. Y cuando los&#8230;<\/p>","protected":false},"featured_media":57170,"comment_status":"open","ping_status":"closed","template":"","meta":{"om_disable_all_campaigns":false,"_monsterinsights_skip_tracking":false,"_monsterinsights_sitenote_active":false,"_monsterinsights_sitenote_note":"","_monsterinsights_sitenote_category":0,"_uf_show_specific_survey":0,"_uf_disable_surveys":false,"_joinchat":[]},"etheme_brands":[],"product_brand":[],"product_cat":[18],"product_tag":[],"class_list":{"0":"post-26365","1":"product","2":"type-product","3":"status-publish","4":"has-post-thumbnail","6":"product_cat-mujer","7":"product_shipping_class-envio-a-lima-y-provincia","9":"first","10":"instock","11":"sale","12":"featured","13":"shipping-taxable","14":"purchasable","15":"product-type-variable"},"aioseo_notices":[],"_links":{"self":[{"href":"https:\/\/jnksport.com\/en\/wp-json\/wp\/v2\/product\/26365","targetHints":{"allow":["GET"]}}],"collection":[{"href":"https:\/\/jnksport.com\/en\/wp-json\/wp\/v2\/product"}],"about":[{"href":"https:\/\/jnksport.com\/en\/wp-json\/wp\/v2\/types\/product"}],"replies":[{"embeddable":true,"href":"https:\/\/jnksport.com\/en\/wp-json\/wp\/v2\/comments?post=26365"}],"version-history":[{"count":0,"href":"https:\/\/jnksport.com\/en\/wp-json\/wp\/v2\/product\/26365\/revisions"}],"wp:featuredmedia":[{"embeddable":true,"href":"https:\/\/jnksport.com\/en\/wp-json\/wp\/v2\/media\/57170"}],"wp:attachment":[{"href":"https:\/\/jnksport.com\/en\/wp-json\/wp\/v2\/media?parent=26365"}],"wp:term":[{"taxonomy":"brand","embeddable":true,"href":"https:\/\/jnksport.com\/en\/wp-json\/wp\/v2\/etheme_brands?post=26365"},{"taxonomy":"product_brand","embeddable":true,"href":"https:\/\/jnksport.com\/en\/wp-json\/wp\/v2\/product_brand?post=26365"},{"taxonomy":"product_cat","embeddable":true,"href":"https:\/\/jnksport.com\/en\/wp-json\/wp\/v2\/product_cat?post=26365"},{"taxonomy":"product_tag","embeddable":true,"href":"https:\/\/jnksport.com\/en\/wp-json\/wp\/v2\/product_tag?post=26365"}],"curies":[{"name":"wp","href":"https:\/\/api.w.org\/{rel}","templated":true}]}}