{"id":26430,"date":"2024-02-26T07:11:55","date_gmt":"2024-02-26T07:11:55","guid":{"rendered":"https:\/\/jnksport.com\/?post_type=product&#038;p=26430"},"modified":"2026-03-14T15:19:53","modified_gmt":"2026-03-14T15:19:53","slug":"zapatillas-urbanas-converse-chuck-taylor-all-star-132173-blanco","status":"publish","type":"product","link":"https:\/\/jnksport.com\/en\/product\/zapatillas-urbanas-converse-chuck-taylor-all-star-132173-blanco\/","title":{"rendered":"Zapatillas Urbanas Converse Chuck Taylor All Star 132173 &#8211; Blanco"},"content":{"rendered":"<div class=\"titulo\"><span>UN CL\u00c1SICO REMASTERIZADO.<\/span><\/div>\n<div class=\"titulo\"><span style=\"font-size: 13px;\">El cl\u00e1sico de siempre confeccionado con cuero sumamente suave, que te permite usarlo con diferentes estilos refinados o modernos de la forma que&nbsp;<\/span><span><span style=\"font-size: small;\">m\u00e1s<\/span><\/span><span>&nbsp;quieras. T\u00fa escribes la historia.<\/span><\/div>\n<div class=\"titulo\">Detalles:<\/div>\n<p>Marca: Converse.Material: Cuero.Categor\u00eda: Calzado.Color: Blanco.G\u00e9nero: Hombre.Estilo: Urbano.Tipo de Ca\u00f1a: Ca\u00f1a Baja.<\/p>","protected":false},"excerpt":{"rendered":"<p>UN CL\u00c1SICO REMASTERIZADO. El cl\u00e1sico de siempre confeccionado con cuero sumamente suave, que te permite usarlo con diferentes estilos refinados o modernos de la forma&#8230;<\/p>","protected":false},"featured_media":22950,"comment_status":"open","ping_status":"closed","template":"","meta":{"om_disable_all_campaigns":false,"_monsterinsights_skip_tracking":false,"_monsterinsights_sitenote_active":false,"_monsterinsights_sitenote_note":"","_monsterinsights_sitenote_category":0,"_uf_show_specific_survey":0,"_uf_disable_surveys":false,"_joinchat":[]},"etheme_brands":[],"product_brand":[],"product_cat":[18],"product_tag":[],"class_list":{"0":"post-26430","1":"product","2":"type-product","3":"status-publish","4":"has-post-thumbnail","6":"product_cat-mujer","7":"product_shipping_class-envio-a-lima-y-provincia","9":"first","10":"instock","11":"sale","12":"featured","13":"shipping-taxable","14":"purchasable","15":"product-type-variable"},"aioseo_notices":[],"_links":{"self":[{"href":"https:\/\/jnksport.com\/en\/wp-json\/wp\/v2\/product\/26430","targetHints":{"allow":["GET"]}}],"collection":[{"href":"https:\/\/jnksport.com\/en\/wp-json\/wp\/v2\/product"}],"about":[{"href":"https:\/\/jnksport.com\/en\/wp-json\/wp\/v2\/types\/product"}],"replies":[{"embeddable":true,"href":"https:\/\/jnksport.com\/en\/wp-json\/wp\/v2\/comments?post=26430"}],"version-history":[{"count":0,"href":"https:\/\/jnksport.com\/en\/wp-json\/wp\/v2\/product\/26430\/revisions"}],"wp:featuredmedia":[{"embeddable":true,"href":"https:\/\/jnksport.com\/en\/wp-json\/wp\/v2\/media\/22950"}],"wp:attachment":[{"href":"https:\/\/jnksport.com\/en\/wp-json\/wp\/v2\/media?parent=26430"}],"wp:term":[{"taxonomy":"brand","embeddable":true,"href":"https:\/\/jnksport.com\/en\/wp-json\/wp\/v2\/etheme_brands?post=26430"},{"taxonomy":"product_brand","embeddable":true,"href":"https:\/\/jnksport.com\/en\/wp-json\/wp\/v2\/product_brand?post=26430"},{"taxonomy":"product_cat","embeddable":true,"href":"https:\/\/jnksport.com\/en\/wp-json\/wp\/v2\/product_cat?post=26430"},{"taxonomy":"product_tag","embeddable":true,"href":"https:\/\/jnksport.com\/en\/wp-json\/wp\/v2\/product_tag?post=26430"}],"curies":[{"name":"wp","href":"https:\/\/api.w.org\/{rel}","templated":true}]}}