{"id":26547,"date":"2024-02-26T07:13:25","date_gmt":"2024-02-26T07:13:25","guid":{"rendered":"https:\/\/jnksport.com\/?post_type=product&#038;p=26547"},"modified":"2026-04-29T22:31:53","modified_gmt":"2026-04-29T22:31:53","slug":"zapatillas-urbanas-puma-x-ray-2-square-373108-50-negro","status":"publish","type":"product","link":"https:\/\/jnksport.com\/en\/product\/zapatillas-urbanas-puma-x-ray-2-square-373108-50-negro\/","title":{"rendered":"Zapatillas Urbanas Puma X-Ray 2 Square 373108-50 &#8211; Negro"},"content":{"rendered":"<p style=\"text-align:justify\"><span style=\"font-size: large;\">Viajamosen el tiempo hasta principios de la d\u00e9cada de los 2000 para traer de vueltanuestros c\u00e9lebres X-Ray, ideales para los fan\u00e1ticos de los tenis que tienen ungran sentido de la moda. Este modelo presenta detalles gruesos, una innovadoracombinaci\u00f3n de materiales y una configuraci\u00f3n elegante que los pone un pasoadelante en la l\u00ednea evolutiva de la moda.<\/span><\/p>\n<p style=\"text-align:justify\"><span><span style=\"font-size: large;\">CARACTER\u00cdSTICASY BENEFICIOS<\/span><\/span><\/p>\n<p style=\"margin-top:0cm;margin-right:0cm; margin-bottom:0cm;margin-left:54.0pt;mso-add-space:auto;text-indent:-18.0pt; line-height:normal;mso-list:l0 level1 lfo1\"><span style=\"font-size: large;\"><span><span>\u00b7<span>&nbsp; &nbsp;<\/span><\/span><\/span><span>IMEVA: entresuela de PUMA que ofrece una sensaci\u00f3n deligereza y comodidad<\/span><\/span><\/p>\n<p style=\"margin-top:0cm;margin-right:0cm; margin-bottom:0cm;margin-left:54.0pt;mso-add-space:auto;text-indent:-18.0pt; line-height:normal;mso-list:l0 level1 lfo1\"><span style=\"font-size: large;\"><span><span>\u00b7<span>&nbsp; <\/span><\/span><\/span><span>SoftFoam+: c\u00f3moda plantilla de PUMA para una comodidadinstant\u00e1nea y duradera que proporciona una amortiguaci\u00f3n suave en cada paso<\/span><\/span><\/p>\n<p><img decoding=\"async\" src=\"https:\/\/i.postimg.cc\/5tfDzLmX\/PUMA-HOMBRE.png\" alt=\"image\" \/><\/p>","protected":false},"excerpt":{"rendered":"<p>Viajamosen el tiempo hasta principios de la d\u00e9cada de los 2000 para traer de vueltanuestros c\u00e9lebres X-Ray, ideales para los fan\u00e1ticos de los tenis que&#8230;<\/p>","protected":false},"featured_media":23216,"comment_status":"open","ping_status":"closed","template":"","meta":{"om_disable_all_campaigns":false,"_monsterinsights_skip_tracking":false,"_monsterinsights_sitenote_active":false,"_monsterinsights_sitenote_note":"","_monsterinsights_sitenote_category":0,"_uf_show_specific_survey":0,"_uf_disable_surveys":false,"_joinchat":[]},"etheme_brands":[],"product_brand":[],"product_cat":[19],"product_tag":[],"class_list":{"0":"post-26547","1":"product","2":"type-product","3":"status-publish","4":"has-post-thumbnail","6":"product_cat-hombre","7":"product_shipping_class-envio-a-lima-y-provincia","9":"first","10":"instock","11":"sale","12":"featured","13":"shipping-taxable","14":"purchasable","15":"product-type-variable"},"aioseo_notices":[],"_links":{"self":[{"href":"https:\/\/jnksport.com\/en\/wp-json\/wp\/v2\/product\/26547","targetHints":{"allow":["GET"]}}],"collection":[{"href":"https:\/\/jnksport.com\/en\/wp-json\/wp\/v2\/product"}],"about":[{"href":"https:\/\/jnksport.com\/en\/wp-json\/wp\/v2\/types\/product"}],"replies":[{"embeddable":true,"href":"https:\/\/jnksport.com\/en\/wp-json\/wp\/v2\/comments?post=26547"}],"version-history":[{"count":0,"href":"https:\/\/jnksport.com\/en\/wp-json\/wp\/v2\/product\/26547\/revisions"}],"wp:featuredmedia":[{"embeddable":true,"href":"https:\/\/jnksport.com\/en\/wp-json\/wp\/v2\/media\/23216"}],"wp:attachment":[{"href":"https:\/\/jnksport.com\/en\/wp-json\/wp\/v2\/media?parent=26547"}],"wp:term":[{"taxonomy":"brand","embeddable":true,"href":"https:\/\/jnksport.com\/en\/wp-json\/wp\/v2\/etheme_brands?post=26547"},{"taxonomy":"product_brand","embeddable":true,"href":"https:\/\/jnksport.com\/en\/wp-json\/wp\/v2\/product_brand?post=26547"},{"taxonomy":"product_cat","embeddable":true,"href":"https:\/\/jnksport.com\/en\/wp-json\/wp\/v2\/product_cat?post=26547"},{"taxonomy":"product_tag","embeddable":true,"href":"https:\/\/jnksport.com\/en\/wp-json\/wp\/v2\/product_tag?post=26547"}],"curies":[{"name":"wp","href":"https:\/\/api.w.org\/{rel}","templated":true}]}}