{"id":26574,"date":"2024-02-26T07:13:53","date_gmt":"2024-02-26T07:13:53","guid":{"rendered":"https:\/\/jnksport.com\/?post_type=product&#038;p=26574"},"modified":"2026-04-20T15:30:07","modified_gmt":"2026-04-20T15:30:07","slug":"zapatillas-urbanas-puma-st-runner-v3-384857-14-negro","status":"publish","type":"product","link":"https:\/\/jnksport.com\/en\/product\/zapatillas-urbanas-puma-st-runner-v3-384857-14-negro\/","title":{"rendered":"Zapatillas Urbanas Puma St Runner V3 384857-14 &#8211; Negro"},"content":{"rendered":"<p style=\"letter-spacing: 1.125px; color: rgb(0, 0, 0); font-family: Oswald, Arial, Helvetica, sans-serif; box-sizing: border-box !important;\">Los&nbsp;<strong style=\"letter-spacing: 0.075em; box-sizing: border-box !important;\">St Runner V3 <\/strong>son unos&nbsp;<strong style=\"letter-spacing: 0.075em; box-sizing: border-box !important;\">zapatos Puma<\/strong>&nbsp;que cuentan con un dise\u00f1o que personifica el estilo que se extiende a lo largo de las d\u00e9cadas. Est\u00e1n ajustados para un rendimiento moderno, alineando el clip del tal\u00f3n con el dise\u00f1o contempor\u00e1neo de PUMA y presentan una entresuela de EVA liviana y una plantilla&nbsp;<strong style=\"letter-spacing: 0.075em; box-sizing: border-box !important;\">SoftFoam+<\/strong>&nbsp;para una comodidad optimizada.<\/p>\n<h3 style=\"letter-spacing: 0.075em; font-family: Oswald, Arial, Helvetica, sans-serif; font-weight: 500; line-height: 1.1; color: rgb(0, 0, 0); margin-top: 20px; margin-bottom: 10px; font-size: 14px; box-sizing: border-box !important;\">Beneficios del producto<\/h3>\n<ul style=\"letter-spacing: 1.125px; margin-top: 0px; margin-bottom: 10px; padding-left: 20px; color: rgb(0, 0, 0); font-family: Oswald, Arial, Helvetica, sans-serif; box-sizing: border-box !important;\">\n<li style=\"letter-spacing: 0.075em; box-sizing: border-box !important;\">Con&nbsp;<strong style=\"letter-spacing: 0.075em; box-sizing: border-box !important;\">CMEVA<\/strong>: material EVA moldeado por compresi\u00f3n de PUMA para un rendimiento ligero.<\/li>\n<li style=\"letter-spacing: 0.075em; box-sizing: border-box !important;\">Con&nbsp;<strong style=\"letter-spacing: 0.075em; box-sizing: border-box !important;\">SoftFoam+<\/strong>: la plantilla c\u00f3moda para un calce instant\u00e1neo y una comodidad duradera que brinda una amortiguaci\u00f3n suave en cada paso del d\u00eda.<\/li>\n<li style=\"letter-spacing: 0.075em; box-sizing: border-box !important;\">Construcci\u00f3n de bota baja.<\/li>\n<li style=\"letter-spacing: 0.075em; box-sizing: border-box !important;\">Exterior textil.<\/li>\n<li style=\"letter-spacing: 0.075em; box-sizing: border-box !important;\">Entresuela de EVA.<\/li>\n<li style=\"letter-spacing: 0.075em; box-sizing: border-box !important;\">Suela de goma.<\/li>\n<li style=\"letter-spacing: 0.075em; box-sizing: border-box !important;\">Leng\u00fceta textil.<\/li>\n<li style=\"letter-spacing: 0.075em; box-sizing: border-box !important;\">Cierre de cordones.<\/li>\n<li style=\"letter-spacing: 0.075em; box-sizing: border-box !important;\">Inscripci\u00f3n PUMA en la leng\u00fceta.<\/li>\n<li style=\"letter-spacing: 0.075em; box-sizing: border-box !important;\">PUMA No. 2 Logo en el costado.<\/li>\n<li style=\"letter-spacing: 0.075em; box-sizing: border-box !important;\">Franja caracter\u00edstica de PUMA en el costado.<\/li>\n<\/ul>\n<p><img decoding=\"async\" src=\"https:\/\/i.postimg.cc\/5tfDzLmX\/PUMA-HOMBRE.png\" alt=\"image\" \/><\/p>","protected":false},"excerpt":{"rendered":"<p>Los&nbsp;St Runner V3 son unos&nbsp;zapatos Puma&nbsp;que cuentan con un dise\u00f1o que personifica el estilo que se extiende a lo largo de las d\u00e9cadas. Est\u00e1n ajustados&#8230;<\/p>","protected":false},"featured_media":23264,"comment_status":"open","ping_status":"closed","template":"","meta":{"om_disable_all_campaigns":false,"_monsterinsights_skip_tracking":false,"_monsterinsights_sitenote_active":false,"_monsterinsights_sitenote_note":"","_monsterinsights_sitenote_category":0,"_uf_show_specific_survey":0,"_uf_disable_surveys":false,"_joinchat":[]},"etheme_brands":[],"product_brand":[],"product_cat":[19],"product_tag":[],"class_list":{"0":"post-26574","1":"product","2":"type-product","3":"status-publish","4":"has-post-thumbnail","6":"product_cat-hombre","7":"product_shipping_class-envio-a-lima-y-provincia","9":"first","10":"instock","11":"sale","12":"featured","13":"shipping-taxable","14":"purchasable","15":"product-type-variable"},"aioseo_notices":[],"_links":{"self":[{"href":"https:\/\/jnksport.com\/en\/wp-json\/wp\/v2\/product\/26574","targetHints":{"allow":["GET"]}}],"collection":[{"href":"https:\/\/jnksport.com\/en\/wp-json\/wp\/v2\/product"}],"about":[{"href":"https:\/\/jnksport.com\/en\/wp-json\/wp\/v2\/types\/product"}],"replies":[{"embeddable":true,"href":"https:\/\/jnksport.com\/en\/wp-json\/wp\/v2\/comments?post=26574"}],"version-history":[{"count":0,"href":"https:\/\/jnksport.com\/en\/wp-json\/wp\/v2\/product\/26574\/revisions"}],"wp:featuredmedia":[{"embeddable":true,"href":"https:\/\/jnksport.com\/en\/wp-json\/wp\/v2\/media\/23264"}],"wp:attachment":[{"href":"https:\/\/jnksport.com\/en\/wp-json\/wp\/v2\/media?parent=26574"}],"wp:term":[{"taxonomy":"brand","embeddable":true,"href":"https:\/\/jnksport.com\/en\/wp-json\/wp\/v2\/etheme_brands?post=26574"},{"taxonomy":"product_brand","embeddable":true,"href":"https:\/\/jnksport.com\/en\/wp-json\/wp\/v2\/product_brand?post=26574"},{"taxonomy":"product_cat","embeddable":true,"href":"https:\/\/jnksport.com\/en\/wp-json\/wp\/v2\/product_cat?post=26574"},{"taxonomy":"product_tag","embeddable":true,"href":"https:\/\/jnksport.com\/en\/wp-json\/wp\/v2\/product_tag?post=26574"}],"curies":[{"name":"wp","href":"https:\/\/api.w.org\/{rel}","templated":true}]}}