{"id":26598,"date":"2024-02-26T07:14:06","date_gmt":"2024-02-26T07:14:06","guid":{"rendered":"https:\/\/jnksport.com\/?post_type=product&#038;p=26598"},"modified":"2026-03-13T12:48:37","modified_gmt":"2026-03-13T12:48:37","slug":"zapatillas-urbanas-converse-chuck-taylor-all-star-3j232-rojo","status":"publish","type":"product","link":"https:\/\/jnksport.com\/en\/product\/zapatillas-urbanas-converse-chuck-taylor-all-star-3j232-rojo\/","title":{"rendered":"Zapatillas Urbanas Converse Chuck Taylor All Star 3J232 &#8211; Rojo"},"content":{"rendered":"<p><span style=\"text-align: justify;\"><span style=\"font-family: Roboto, helvetica, sans-serif; color: #444444;\"><span style=\"font-size: 16px;\">Tenis con un modelo casual para unisex Converse 3J232 Color Rojo en Acabado Lona, que te permitir\u00e1 a tus engre\u00eddos&nbsp;usarlo con diferentes estilos refinados o modernos de la forma que m\u00e1s&nbsp;quiera.<\/span><\/span><\/span><\/p>\n<div>\n<p style=\"mso-margin-top-alt:auto;margin-bottom:0cm;line-height: normal\"><b><span>Detalles:<\/span><\/b><span style=\"font-size: 11.5pt; font-family: Arial, sans-serif;\"><\/span><\/p>\n<p style=\"mso-margin-top-alt:auto;margin-bottom:0cm;line-height: normal\"><span style=\"font-size: 12pt; font-family: Symbol;\">\u00b7<\/span><span>&nbsp;&nbsp;Marca: Converse.<\/span><span style=\"font-size: 11.5pt; font-family: Arial, sans-serif;\"><\/span><\/p>\n<p style=\"mso-margin-top-alt:auto;margin-bottom:0cm;line-height: normal\"><span style=\"font-size: 12pt; font-family: Symbol;\">\u00b7<\/span><span>&nbsp;&nbsp;Material: Textil.<\/span><span style=\"font-size: 11.5pt; font-family: Arial, sans-serif;\"><\/span><\/p>\n<p style=\"mso-margin-top-alt:auto;margin-bottom:0cm;line-height: normal\"><span style=\"font-size: 12pt; font-family: Symbol;\">\u00b7<\/span><span>&nbsp;&nbsp;Categor\u00eda: Calzado.<\/span><span style=\"font-size: 11.5pt; font-family: Arial, sans-serif;\"><\/span><\/p>\n<p style=\"mso-margin-top-alt:auto;margin-bottom:0cm;line-height: normal\"><span style=\"font-size: 12pt; font-family: Symbol;\">\u00b7<\/span><span>&nbsp;&nbsp;Color: Rojo.<\/span><span style=\"font-size: 11.5pt; font-family: Arial, sans-serif;\"><\/span><\/p>\n<p style=\"mso-margin-top-alt:auto;margin-bottom:0cm;line-height: normal\"><span style=\"font-size: 12pt; font-family: Symbol;\">\u00b7<\/span><span>&nbsp;&nbsp;G\u00e9nero: Ni\u00f1os.<\/span><span style=\"font-size: 11.5pt; font-family: Arial, sans-serif;\"><\/span><\/p>\n<p style=\"mso-margin-top-alt:auto;margin-bottom:0cm;line-height: normal\"><span style=\"font-size: 12pt; font-family: Symbol;\">\u00b7<\/span><span>&nbsp;&nbsp;Estilo: Urbano.<\/span><\/p>\n<p><span>\u00b7<\/span><span>&nbsp;&nbsp;Tipo de Ca\u00f1a:<br \/>\nCa\u00f1a alta<\/span><\/div>","protected":false},"excerpt":{"rendered":"<p>Tenis con un modelo casual para unisex Converse 3J232 Color Rojo en Acabado Lona, que te permitir\u00e1 a tus engre\u00eddos&nbsp;usarlo con diferentes estilos refinados o&#8230;<\/p>","protected":false},"featured_media":24083,"comment_status":"open","ping_status":"closed","template":"","meta":{"om_disable_all_campaigns":false,"_monsterinsights_skip_tracking":false,"_monsterinsights_sitenote_active":false,"_monsterinsights_sitenote_note":"","_monsterinsights_sitenote_category":0,"_uf_show_specific_survey":0,"_uf_disable_surveys":false,"_joinchat":[]},"etheme_brands":[],"product_brand":[],"product_cat":[159],"product_tag":[],"class_list":{"0":"post-26598","1":"product","2":"type-product","3":"status-publish","4":"has-post-thumbnail","6":"product_cat-ninos","7":"product_shipping_class-envio-a-lima-y-provincia","9":"first","10":"instock","11":"sale","12":"featured","13":"shipping-taxable","14":"purchasable","15":"product-type-variable"},"aioseo_notices":[],"_links":{"self":[{"href":"https:\/\/jnksport.com\/en\/wp-json\/wp\/v2\/product\/26598","targetHints":{"allow":["GET"]}}],"collection":[{"href":"https:\/\/jnksport.com\/en\/wp-json\/wp\/v2\/product"}],"about":[{"href":"https:\/\/jnksport.com\/en\/wp-json\/wp\/v2\/types\/product"}],"replies":[{"embeddable":true,"href":"https:\/\/jnksport.com\/en\/wp-json\/wp\/v2\/comments?post=26598"}],"version-history":[{"count":0,"href":"https:\/\/jnksport.com\/en\/wp-json\/wp\/v2\/product\/26598\/revisions"}],"wp:featuredmedia":[{"embeddable":true,"href":"https:\/\/jnksport.com\/en\/wp-json\/wp\/v2\/media\/24083"}],"wp:attachment":[{"href":"https:\/\/jnksport.com\/en\/wp-json\/wp\/v2\/media?parent=26598"}],"wp:term":[{"taxonomy":"brand","embeddable":true,"href":"https:\/\/jnksport.com\/en\/wp-json\/wp\/v2\/etheme_brands?post=26598"},{"taxonomy":"product_brand","embeddable":true,"href":"https:\/\/jnksport.com\/en\/wp-json\/wp\/v2\/product_brand?post=26598"},{"taxonomy":"product_cat","embeddable":true,"href":"https:\/\/jnksport.com\/en\/wp-json\/wp\/v2\/product_cat?post=26598"},{"taxonomy":"product_tag","embeddable":true,"href":"https:\/\/jnksport.com\/en\/wp-json\/wp\/v2\/product_tag?post=26598"}],"curies":[{"name":"wp","href":"https:\/\/api.w.org\/{rel}","templated":true}]}}