{"id":26658,"date":"2024-02-26T07:14:42","date_gmt":"2024-02-26T07:14:42","guid":{"rendered":"https:\/\/jnksport.com\/?post_type=product&#038;p=26658"},"modified":"2026-04-11T17:02:44","modified_gmt":"2026-04-11T17:02:44","slug":"zapatillas-urbanas-converse-ct-as-platform-leather-ox-561680-blanco","status":"publish","type":"product","link":"https:\/\/jnksport.com\/en\/product\/zapatillas-urbanas-converse-ct-as-platform-leather-ox-561680-blanco\/","title":{"rendered":"Zapatillas Urbanas Converse Ct As Platform Leather Ox 561680 &#8211; Blanco"},"content":{"rendered":"<p style=\"box-sizing: border-box; -webkit-font-smoothing: antialiased; --pr-translate-x: 0; --pr-translate-y: 0; --pr-rotate: 0; --pr-skew-x: 0; --pr-skew-y: 0; --pr-scale-x: 1; --pr-scale-y: 1; --pr-pan-x: ; --pr-pan-y: ; --pr-pinch-zoom: ; --pr-scroll-snap-strictness: proximity; --pr-ordinal: ; --pr-slashed-zero: ; --pr-numeric-figure: ; --pr-numeric-spacing: ; --pr-numeric-fraction: ; --pr-ring-inset: ; --pr-ring-offset-width: 0px; --pr-ring-offset-color: #fff; --pr-ring-color: rgba(59,130,246,.5); --pr-ring-offset-shadow: 0 0 transparent; --pr-ring-shadow: 0 0 transparent; --pr-shadow: 0 0 transparent; --pr-shadow-colored: 0 0 transparent; --pr-blur: ; --pr-brightness: ; --pr-contrast: ; --pr-grayscale: ; --pr-hue-rotate: ; --pr-invert: ; --pr-saturate: ; --pr-sepia: ; --pr-drop-shadow: ; --pr-backdrop-blur: ; --pr-backdrop-brightness: ; --pr-backdrop-contrast: ; --pr-backdrop-grayscale: ; --pr-backdrop-hue-rotate: ; --pr-backdrop-invert: ; --pr-backdrop-opacity: ; --pr-backdrop-saturate: ; --pr-backdrop-sepia: ; color: rgb(106, 106, 106); font-family: &quot;Barlow Regular&quot;, sans-serif; font-size: 14px;\">Crea tu propio estilo y atr\u00e9vete a lucir un calzado diferente que se acomodar\u00e1 a tu ritmo de vida.<\/p>\n<p style=\"box-sizing: border-box; -webkit-font-smoothing: antialiased; --pr-translate-x: 0; --pr-translate-y: 0; --pr-rotate: 0; --pr-skew-x: 0; --pr-skew-y: 0; --pr-scale-x: 1; --pr-scale-y: 1; --pr-pan-x: ; --pr-pan-y: ; --pr-pinch-zoom: ; --pr-scroll-snap-strictness: proximity; --pr-ordinal: ; --pr-slashed-zero: ; --pr-numeric-figure: ; --pr-numeric-spacing: ; --pr-numeric-fraction: ; --pr-ring-inset: ; --pr-ring-offset-width: 0px; --pr-ring-offset-color: #fff; --pr-ring-color: rgba(59,130,246,.5); --pr-ring-offset-shadow: 0 0 transparent; --pr-ring-shadow: 0 0 transparent; --pr-shadow: 0 0 transparent; --pr-shadow-colored: 0 0 transparent; --pr-blur: ; --pr-brightness: ; --pr-contrast: ; --pr-grayscale: ; --pr-hue-rotate: ; --pr-invert: ; --pr-saturate: ; --pr-sepia: ; --pr-drop-shadow: ; --pr-backdrop-blur: ; --pr-backdrop-brightness: ; --pr-backdrop-contrast: ; --pr-backdrop-grayscale: ; --pr-backdrop-hue-rotate: ; --pr-backdrop-invert: ; --pr-backdrop-opacity: ; --pr-backdrop-saturate: ; --pr-backdrop-sepia: ; color: rgb(106, 106, 106); font-family: &quot;Barlow Regular&quot;, sans-serif; font-size: 14px;\">Las zapatillas urbanas de la marca Converse, cuentan con un dise\u00f1o \u00fanico ya que est\u00e1n confeccionadas de textil. Materiales de primera calidad, capaces de garantizar mayor nivel de resistencia, seguridad y comodidad en las pisadas.<\/p>\n<p style=\"box-sizing: border-box; -webkit-font-smoothing: antialiased; --pr-translate-x: 0; --pr-translate-y: 0; --pr-rotate: 0; --pr-skew-x: 0; --pr-skew-y: 0; --pr-scale-x: 1; --pr-scale-y: 1; --pr-pan-x: ; --pr-pan-y: ; --pr-pinch-zoom: ; --pr-scroll-snap-strictness: proximity; --pr-ordinal: ; --pr-slashed-zero: ; --pr-numeric-figure: ; --pr-numeric-spacing: ; --pr-numeric-fraction: ; --pr-ring-inset: ; --pr-ring-offset-width: 0px; --pr-ring-offset-color: #fff; --pr-ring-color: rgba(59,130,246,.5); --pr-ring-offset-shadow: 0 0 transparent; --pr-ring-shadow: 0 0 transparent; --pr-shadow: 0 0 transparent; --pr-shadow-colored: 0 0 transparent; --pr-blur: ; --pr-brightness: ; --pr-contrast: ; --pr-grayscale: ; --pr-hue-rotate: ; --pr-invert: ; --pr-saturate: ; --pr-sepia: ; --pr-drop-shadow: ; --pr-backdrop-blur: ; --pr-backdrop-brightness: ; --pr-backdrop-contrast: ; --pr-backdrop-grayscale: ; --pr-backdrop-hue-rotate: ; --pr-backdrop-invert: ; --pr-backdrop-opacity: ; --pr-backdrop-saturate: ; --pr-backdrop-sepia: ; color: rgb(106, 106, 106); font-family: &quot;Barlow Regular&quot;, sans-serif; font-size: 14px;\">\u00bfQu\u00e9 est\u00e1s esperando? Escoge la talla que mejor se adecue a tu medida y adquiere de inmediato este modelo tradicional con detalles novedosos.<\/p>","protected":false},"excerpt":{"rendered":"<p>Crea tu propio estilo y atr\u00e9vete a lucir un calzado diferente que se acomodar\u00e1 a tu ritmo de vida. Las zapatillas urbanas de la marca&#8230;<\/p>","protected":false},"featured_media":24364,"comment_status":"open","ping_status":"closed","template":"","meta":{"om_disable_all_campaigns":false,"_monsterinsights_skip_tracking":false,"_monsterinsights_sitenote_active":false,"_monsterinsights_sitenote_note":"","_monsterinsights_sitenote_category":0,"_uf_show_specific_survey":0,"_uf_disable_surveys":false,"_joinchat":[]},"etheme_brands":[],"product_brand":[],"product_cat":[18],"product_tag":[],"class_list":{"0":"post-26658","1":"product","2":"type-product","3":"status-publish","4":"has-post-thumbnail","6":"product_cat-mujer","7":"product_shipping_class-envio-a-lima-y-provincia","9":"first","10":"instock","11":"featured","12":"shipping-taxable","13":"purchasable","14":"product-type-variable"},"aioseo_notices":[],"_links":{"self":[{"href":"https:\/\/jnksport.com\/en\/wp-json\/wp\/v2\/product\/26658","targetHints":{"allow":["GET"]}}],"collection":[{"href":"https:\/\/jnksport.com\/en\/wp-json\/wp\/v2\/product"}],"about":[{"href":"https:\/\/jnksport.com\/en\/wp-json\/wp\/v2\/types\/product"}],"replies":[{"embeddable":true,"href":"https:\/\/jnksport.com\/en\/wp-json\/wp\/v2\/comments?post=26658"}],"version-history":[{"count":0,"href":"https:\/\/jnksport.com\/en\/wp-json\/wp\/v2\/product\/26658\/revisions"}],"wp:featuredmedia":[{"embeddable":true,"href":"https:\/\/jnksport.com\/en\/wp-json\/wp\/v2\/media\/24364"}],"wp:attachment":[{"href":"https:\/\/jnksport.com\/en\/wp-json\/wp\/v2\/media?parent=26658"}],"wp:term":[{"taxonomy":"brand","embeddable":true,"href":"https:\/\/jnksport.com\/en\/wp-json\/wp\/v2\/etheme_brands?post=26658"},{"taxonomy":"product_brand","embeddable":true,"href":"https:\/\/jnksport.com\/en\/wp-json\/wp\/v2\/product_brand?post=26658"},{"taxonomy":"product_cat","embeddable":true,"href":"https:\/\/jnksport.com\/en\/wp-json\/wp\/v2\/product_cat?post=26658"},{"taxonomy":"product_tag","embeddable":true,"href":"https:\/\/jnksport.com\/en\/wp-json\/wp\/v2\/product_tag?post=26658"}],"curies":[{"name":"wp","href":"https:\/\/api.w.org\/{rel}","templated":true}]}}