{"id":26668,"date":"2024-02-26T07:14:48","date_gmt":"2024-02-26T07:14:48","guid":{"rendered":"https:\/\/jnksport.com\/?post_type=product&#038;p=26668"},"modified":"2026-03-13T22:00:17","modified_gmt":"2026-03-13T22:00:17","slug":"zapatillas-urbanas-converse-lift-clean-leather-ox-561681-negro","status":"publish","type":"product","link":"https:\/\/jnksport.com\/en\/product\/zapatillas-urbanas-converse-lift-clean-leather-ox-561681-negro\/","title":{"rendered":"Zapatillas Urbanas Converse Lift Clean Leather Ox 561681 &#8211; Negro"},"content":{"rendered":"<div class=\"titulo\">La leyenda sube de nivel con las vibras de los 90. Una parte superior de cuero de premium eleva el look, mientras que una suela de doble capa lo lleva m\u00e1s alto. Con acolchado EVA para brindar comodidad.<\/p>\n<p>Detalles:<\/p><\/div>\n<p>Zapatilla de plataforma con parte superior de cuero premium.Suela de plataforma elevada para mayor altura.Etiqueta de leng\u00fceta tejida.Estilo con cordones para un ajuste m\u00e1s c\u00f3modo.Acolchado de EVA para m\u00e1s confort.Marca: Converse.Categor\u00eda: Calzado.Color: Negro.G\u00e9nero: Mujer.Estilo: Urbano.Tipo de Ca\u00f1a: Ca\u00f1a Baja.<\/p>","protected":false},"excerpt":{"rendered":"<p>La leyenda sube de nivel con las vibras de los 90. Una parte superior de cuero de premium eleva el look, mientras que una suela&#8230;<\/p>","protected":false},"featured_media":24368,"comment_status":"open","ping_status":"closed","template":"","meta":{"om_disable_all_campaigns":false,"_monsterinsights_skip_tracking":false,"_monsterinsights_sitenote_active":false,"_monsterinsights_sitenote_note":"","_monsterinsights_sitenote_category":0,"_uf_show_specific_survey":0,"_uf_disable_surveys":false,"_joinchat":[]},"etheme_brands":[],"product_brand":[],"product_cat":[18],"product_tag":[],"class_list":{"0":"post-26668","1":"product","2":"type-product","3":"status-publish","4":"has-post-thumbnail","6":"product_cat-mujer","7":"product_shipping_class-envio-a-lima-y-provincia","9":"first","10":"instock","11":"featured","12":"shipping-taxable","13":"purchasable","14":"product-type-variable"},"aioseo_notices":[],"_links":{"self":[{"href":"https:\/\/jnksport.com\/en\/wp-json\/wp\/v2\/product\/26668","targetHints":{"allow":["GET"]}}],"collection":[{"href":"https:\/\/jnksport.com\/en\/wp-json\/wp\/v2\/product"}],"about":[{"href":"https:\/\/jnksport.com\/en\/wp-json\/wp\/v2\/types\/product"}],"replies":[{"embeddable":true,"href":"https:\/\/jnksport.com\/en\/wp-json\/wp\/v2\/comments?post=26668"}],"version-history":[{"count":0,"href":"https:\/\/jnksport.com\/en\/wp-json\/wp\/v2\/product\/26668\/revisions"}],"wp:featuredmedia":[{"embeddable":true,"href":"https:\/\/jnksport.com\/en\/wp-json\/wp\/v2\/media\/24368"}],"wp:attachment":[{"href":"https:\/\/jnksport.com\/en\/wp-json\/wp\/v2\/media?parent=26668"}],"wp:term":[{"taxonomy":"brand","embeddable":true,"href":"https:\/\/jnksport.com\/en\/wp-json\/wp\/v2\/etheme_brands?post=26668"},{"taxonomy":"product_brand","embeddable":true,"href":"https:\/\/jnksport.com\/en\/wp-json\/wp\/v2\/product_brand?post=26668"},{"taxonomy":"product_cat","embeddable":true,"href":"https:\/\/jnksport.com\/en\/wp-json\/wp\/v2\/product_cat?post=26668"},{"taxonomy":"product_tag","embeddable":true,"href":"https:\/\/jnksport.com\/en\/wp-json\/wp\/v2\/product_tag?post=26668"}],"curies":[{"name":"wp","href":"https:\/\/api.w.org\/{rel}","templated":true}]}}