{"id":26875,"date":"2024-02-26T07:17:01","date_gmt":"2024-02-26T07:17:01","guid":{"rendered":"https:\/\/jnksport.com\/?post_type=product&#038;p=26875"},"modified":"2026-04-29T22:31:56","modified_gmt":"2026-04-29T22:31:56","slug":"zapatilla-nike-court-vision-low-dh3158-100-blanco","status":"publish","type":"product","link":"https:\/\/jnksport.com\/en\/product\/zapatilla-nike-court-vision-low-dh3158-100-blanco\/","title":{"rendered":"Zapatilla Nike Court Vision Low Dh3158-100 Blanco"},"content":{"rendered":"<h3 style=\"letter-spacing: 0.075em; font-family: Oswald, Arial, Helvetica, sans-serif; font-weight: 500; line-height: 1.1; color: rgb(0, 0, 0); margin-top: 20px; margin-bottom: 10px; font-size: 14px; box-sizing: border-box !important;\">Nike Court Vision Low<\/h3>\n<p style=\"letter-spacing: 1.125px; color: rgb(0, 0, 0); font-family: Oswald, Arial, Helvetica, sans-serif; box-sizing: border-box !important;\">Las&nbsp;<strong style=\"letter-spacing: 0.075em; box-sizing: border-box !important;\">Court Vision Low<\/strong>&nbsp;son unas&nbsp;<strong style=\"letter-spacing: 0.075em; box-sizing: border-box !important;\">zapatillas urbanas Nike de mujer<\/strong>&nbsp;que lucen un estilo retro con toques modernos. Inspiradas en las zapatillas de b\u00e1squet de los a\u00f1os 80, poseen una superficie de cuero sint\u00e9tico y una suela exterior que te proporciona tracci\u00f3n.<\/p>\n<h3 style=\"letter-spacing: 0.075em; font-family: Oswald, Arial, Helvetica, sans-serif; font-weight: 500; line-height: 1.1; color: rgb(0, 0, 0); margin-top: 20px; margin-bottom: 10px; font-size: 14px; box-sizing: border-box !important;\">Beneficios del producto<\/h3>\n<ul style=\"letter-spacing: 1.125px; margin-top: 0px; margin-bottom: 10px; padding-left: 20px; color: rgb(0, 0, 0); font-family: Oswald, Arial, Helvetica, sans-serif; box-sizing: border-box !important;\">\n<li style=\"letter-spacing: 0.075em; box-sizing: border-box !important;\">Los pasadores gruesos y el dise\u00f1o de Swoosh retro brindan un look elegante.<\/li>\n<li style=\"letter-spacing: 0.075em; box-sizing: border-box !important;\">La confecci\u00f3n vulcanizada fusiona la suela con la entresuela para lograr un look sencillo.<\/li>\n<li style=\"letter-spacing: 0.075em; box-sizing: border-box !important;\">La parte superior est\u00e1 confeccionada con cuero aut\u00e9ntico y sint\u00e9tico.<\/li>\n<li style=\"letter-spacing: 0.075em; box-sizing: border-box !important;\">Dise\u00f1o Swoosh cosido.<\/li>\n<li style=\"letter-spacing: 0.075em; box-sizing: border-box !important;\">Perforaciones en la punta y los costados.<\/li>\n<li style=\"letter-spacing: 0.075em; box-sizing: border-box !important;\">NIKE en relieve en el tal\u00f3n.<\/li>\n<\/ul>\n<p><img decoding=\"async\" src=\"https:\/\/i.postimg.cc\/YC6JjbQc\/NIKE-MUJER.png\" alt=\"image\" \/><\/p>","protected":false},"excerpt":{"rendered":"<p>Nike Court Vision Low Las&nbsp;Court Vision Low&nbsp;son unas&nbsp;zapatillas urbanas Nike de mujer&nbsp;que lucen un estilo retro con toques modernos. Inspiradas en las zapatillas de b\u00e1squet&#8230;<\/p>","protected":false},"featured_media":59625,"comment_status":"open","ping_status":"closed","template":"","meta":{"om_disable_all_campaigns":false,"_monsterinsights_skip_tracking":false,"_monsterinsights_sitenote_active":false,"_monsterinsights_sitenote_note":"","_monsterinsights_sitenote_category":0,"_uf_show_specific_survey":0,"_uf_disable_surveys":false,"_joinchat":[]},"etheme_brands":[],"product_brand":[],"product_cat":[18],"product_tag":[],"class_list":{"0":"post-26875","1":"product","2":"type-product","3":"status-publish","4":"has-post-thumbnail","6":"product_cat-mujer","7":"product_shipping_class-envio-a-lima-y-provincia","9":"first","10":"instock","11":"sale","12":"featured","13":"shipping-taxable","14":"purchasable","15":"product-type-variable"},"aioseo_notices":[],"_links":{"self":[{"href":"https:\/\/jnksport.com\/en\/wp-json\/wp\/v2\/product\/26875","targetHints":{"allow":["GET"]}}],"collection":[{"href":"https:\/\/jnksport.com\/en\/wp-json\/wp\/v2\/product"}],"about":[{"href":"https:\/\/jnksport.com\/en\/wp-json\/wp\/v2\/types\/product"}],"replies":[{"embeddable":true,"href":"https:\/\/jnksport.com\/en\/wp-json\/wp\/v2\/comments?post=26875"}],"version-history":[{"count":2,"href":"https:\/\/jnksport.com\/en\/wp-json\/wp\/v2\/product\/26875\/revisions"}],"predecessor-version":[{"id":59626,"href":"https:\/\/jnksport.com\/en\/wp-json\/wp\/v2\/product\/26875\/revisions\/59626"}],"wp:featuredmedia":[{"embeddable":true,"href":"https:\/\/jnksport.com\/en\/wp-json\/wp\/v2\/media\/59625"}],"wp:attachment":[{"href":"https:\/\/jnksport.com\/en\/wp-json\/wp\/v2\/media?parent=26875"}],"wp:term":[{"taxonomy":"brand","embeddable":true,"href":"https:\/\/jnksport.com\/en\/wp-json\/wp\/v2\/etheme_brands?post=26875"},{"taxonomy":"product_brand","embeddable":true,"href":"https:\/\/jnksport.com\/en\/wp-json\/wp\/v2\/product_brand?post=26875"},{"taxonomy":"product_cat","embeddable":true,"href":"https:\/\/jnksport.com\/en\/wp-json\/wp\/v2\/product_cat?post=26875"},{"taxonomy":"product_tag","embeddable":true,"href":"https:\/\/jnksport.com\/en\/wp-json\/wp\/v2\/product_tag?post=26875"}],"curies":[{"name":"wp","href":"https:\/\/api.w.org\/{rel}","templated":true}]}}