{"id":26908,"date":"2024-02-26T07:17:21","date_gmt":"2024-02-26T07:17:21","guid":{"rendered":"https:\/\/jnksport.com\/?post_type=product&#038;p=26908"},"modified":"2026-04-29T22:31:56","modified_gmt":"2026-04-29T22:31:56","slug":"zapatillas-urbanas-nike-court-legacy-lift-dm7590-100-blanco","status":"publish","type":"product","link":"https:\/\/jnksport.com\/en\/product\/zapatillas-urbanas-nike-court-legacy-lift-dm7590-100-blanco\/","title":{"rendered":"Zapatillas Urbanas Nike Court Legacy Lift Dm7590-100 &#8211; Blanco"},"content":{"rendered":"<div class=\"experience-component experience-productText\">\n<div class=\"product-text-wrapper hide-empty\">\n<div class=\"product-text-content\">\n<div class=\"product-text\" data-product-field=\"longDescription\">\n<p style=\"box-sizing: border-box; margin-top: 0px; margin-bottom: 1rem; font-family: var(--body-font-family); font-weight: var(--body-font-weight); font-size: var(--p-size-desktop); margin-block-end: 0px;\"><span>Nike Court Legacy Lift<\/span>&nbsp;son&nbsp;<span>zapatillas urbanas<\/span>&nbsp;para mujer, con las que podr\u00e1s elevar tu estilo. Incorpora una entresuela de plataforma de estilo audaz sobre el dise\u00f1o cl\u00e1sico, as\u00ed que es f\u00e1cil de llevar.<\/p>\n<p style=\"box-sizing: border-box; margin-top: 0px; margin-bottom: 1rem; font-family: var(--body-font-family); font-weight: var(--body-font-weight); font-size: var(--p-size-desktop); margin-block-end: 0px;\"><\/p>\n<h3 style=\"box-sizing: border-box; margin-top: var(--header-margin-top); margin-bottom: var(--header-margin-bottom); line-height: var(--header-line-height); font-size: 1rem; font-family: var(--body-bold-font-family); color: var(--header-color);\">Beneficios del producto<\/h3>\n<div><\/div>\n<ul style=\"box-sizing: border-box; margin-bottom: 1rem; margin-top: 0px; padding-left: 0.9375rem;\">\n<li style=\"box-sizing: border-box;\">Entresuela de plataforma.<\/li>\n<li style=\"box-sizing: border-box;\">Parte superior con capas sutiles la mantiene cl\u00e1sica.<\/li>\n<li style=\"box-sizing: border-box;\">Suela de goma ofrece tracci\u00f3n y durabilidad.<\/li>\n<li style=\"box-sizing: border-box;\">Tal\u00f3n acolchado y la leng\u00fceta defelpa.<\/li>\n<li style=\"box-sizing: border-box;\">\n<div class=\"product-text-label\">Color que se muestra:&nbsp;<\/div>\n<div class=\"product-text\" data-product-field=\"selectedVariationColorName\">Blanco\/C\u00e1\u00f1amo\/Naranja team\/Negro<\/div>\n<\/li>\n<\/ul>\n<\/div>\n<\/div>\n<\/div>\n<\/div>\n<p><img decoding=\"async\" src=\"https:\/\/i.postimg.cc\/YC6JjbQc\/NIKE-MUJER.png\" alt=\"image\" \/><\/p>","protected":false},"excerpt":{"rendered":"<p>Nike Court Legacy Lift&nbsp;son&nbsp;zapatillas urbanas&nbsp;para mujer, con las que podr\u00e1s elevar tu estilo. Incorpora una entresuela de plataforma de estilo audaz sobre el dise\u00f1o cl\u00e1sico,&#8230;<\/p>","protected":false},"featured_media":59627,"comment_status":"open","ping_status":"closed","template":"","meta":{"om_disable_all_campaigns":false,"_monsterinsights_skip_tracking":false,"_monsterinsights_sitenote_active":false,"_monsterinsights_sitenote_note":"","_monsterinsights_sitenote_category":0,"_uf_show_specific_survey":0,"_uf_disable_surveys":false,"_joinchat":[]},"etheme_brands":[],"product_brand":[],"product_cat":[18],"product_tag":[],"class_list":{"0":"post-26908","1":"product","2":"type-product","3":"status-publish","4":"has-post-thumbnail","6":"product_cat-mujer","7":"product_shipping_class-envio-a-lima-y-provincia","9":"first","10":"instock","11":"sale","12":"featured","13":"shipping-taxable","14":"purchasable","15":"product-type-variable"},"aioseo_notices":[],"_links":{"self":[{"href":"https:\/\/jnksport.com\/en\/wp-json\/wp\/v2\/product\/26908","targetHints":{"allow":["GET"]}}],"collection":[{"href":"https:\/\/jnksport.com\/en\/wp-json\/wp\/v2\/product"}],"about":[{"href":"https:\/\/jnksport.com\/en\/wp-json\/wp\/v2\/types\/product"}],"replies":[{"embeddable":true,"href":"https:\/\/jnksport.com\/en\/wp-json\/wp\/v2\/comments?post=26908"}],"version-history":[{"count":1,"href":"https:\/\/jnksport.com\/en\/wp-json\/wp\/v2\/product\/26908\/revisions"}],"predecessor-version":[{"id":59628,"href":"https:\/\/jnksport.com\/en\/wp-json\/wp\/v2\/product\/26908\/revisions\/59628"}],"wp:featuredmedia":[{"embeddable":true,"href":"https:\/\/jnksport.com\/en\/wp-json\/wp\/v2\/media\/59627"}],"wp:attachment":[{"href":"https:\/\/jnksport.com\/en\/wp-json\/wp\/v2\/media?parent=26908"}],"wp:term":[{"taxonomy":"brand","embeddable":true,"href":"https:\/\/jnksport.com\/en\/wp-json\/wp\/v2\/etheme_brands?post=26908"},{"taxonomy":"product_brand","embeddable":true,"href":"https:\/\/jnksport.com\/en\/wp-json\/wp\/v2\/product_brand?post=26908"},{"taxonomy":"product_cat","embeddable":true,"href":"https:\/\/jnksport.com\/en\/wp-json\/wp\/v2\/product_cat?post=26908"},{"taxonomy":"product_tag","embeddable":true,"href":"https:\/\/jnksport.com\/en\/wp-json\/wp\/v2\/product_tag?post=26908"}],"curies":[{"name":"wp","href":"https:\/\/api.w.org\/{rel}","templated":true}]}}