{"id":26916,"date":"2024-02-26T07:17:26","date_gmt":"2024-02-26T07:17:26","guid":{"rendered":"https:\/\/jnksport.com\/?post_type=product&#038;p=26916"},"modified":"2026-04-28T00:53:54","modified_gmt":"2026-04-28T00:53:54","slug":"zapatillas-urbanas-nike-court-legacy-lift-dm7590-101-blanco","status":"publish","type":"product","link":"https:\/\/jnksport.com\/en\/product\/zapatillas-urbanas-nike-court-legacy-lift-dm7590-101-blanco\/","title":{"rendered":"Zapatillas Urbanas Nike Court Legacy Lift Dm7590-101 &#8211; Blanco"},"content":{"rendered":"<p style=\"letter-spacing: 1.125px; color: rgb(0, 0, 0); font-family: Oswald, Arial, Helvetica, sans-serif; box-sizing: border-box !important;\"><strong style=\"letter-spacing: 0.075em; box-sizing: border-box !important;\">Nike Court Legacy Lift&nbsp;<\/strong>son unas&nbsp;<strong style=\"letter-spacing: 0.075em; box-sizing: border-box !important;\">zapatillas urbanas de mujer&nbsp;<\/strong>que combinan estilo y comodidad. Su entresuela de plataforma ofrece una declaraci\u00f3n audaz sobre el dise\u00f1o cl\u00e1sico y f\u00e1cil de llevar.<\/p>\n<h3 style=\"letter-spacing: 0.075em; font-family: Oswald, Arial, Helvetica, sans-serif; font-weight: 500; line-height: 1.1; color: rgb(0, 0, 0); margin-top: 20px; margin-bottom: 10px; font-size: 14px; box-sizing: border-box !important;\">Beneficios del producto<\/h3>\n<ul style=\"letter-spacing: 1.125px; margin-top: 0px; margin-bottom: 10px; padding-left: 20px; color: rgb(0, 0, 0); font-family: Oswald, Arial, Helvetica, sans-serif; box-sizing: border-box !important;\">\n<li style=\"letter-spacing: 0.075em; box-sizing: border-box !important;\">La parte superior con capas sutiles la mantiene cl\u00e1sica y f\u00e1cil de llevar.<\/li>\n<li style=\"letter-spacing: 0.075em; box-sizing: border-box !important;\">La suela de goma ofrece tracci\u00f3n y durabilidad.<\/li>\n<li style=\"letter-spacing: 0.075em; box-sizing: border-box !important;\">El tal\u00f3n acolchado y la leng\u00fceta de felpa son suaves.<\/li>\n<\/ul>\n<p><img decoding=\"async\" src=\"https:\/\/i.postimg.cc\/YC6JjbQc\/NIKE-MUJER.png\" alt=\"image\" \/><\/p>","protected":false},"excerpt":{"rendered":"<p>Nike Court Legacy Lift&nbsp;son unas&nbsp;zapatillas urbanas de mujer&nbsp;que combinan estilo y comodidad. Su entresuela de plataforma ofrece una declaraci\u00f3n audaz sobre el dise\u00f1o cl\u00e1sico y&#8230;<\/p>","protected":false},"featured_media":59629,"comment_status":"open","ping_status":"closed","template":"","meta":{"om_disable_all_campaigns":false,"_monsterinsights_skip_tracking":false,"_monsterinsights_sitenote_active":false,"_monsterinsights_sitenote_note":"","_monsterinsights_sitenote_category":0,"_uf_show_specific_survey":0,"_uf_disable_surveys":false,"_joinchat":[]},"etheme_brands":[],"product_brand":[],"product_cat":[18],"product_tag":[],"class_list":{"0":"post-26916","1":"product","2":"type-product","3":"status-publish","4":"has-post-thumbnail","6":"product_cat-mujer","7":"product_shipping_class-envio-a-lima-y-provincia","9":"first","10":"instock","11":"sale","12":"featured","13":"shipping-taxable","14":"purchasable","15":"product-type-variable"},"aioseo_notices":[],"_links":{"self":[{"href":"https:\/\/jnksport.com\/en\/wp-json\/wp\/v2\/product\/26916","targetHints":{"allow":["GET"]}}],"collection":[{"href":"https:\/\/jnksport.com\/en\/wp-json\/wp\/v2\/product"}],"about":[{"href":"https:\/\/jnksport.com\/en\/wp-json\/wp\/v2\/types\/product"}],"replies":[{"embeddable":true,"href":"https:\/\/jnksport.com\/en\/wp-json\/wp\/v2\/comments?post=26916"}],"version-history":[{"count":1,"href":"https:\/\/jnksport.com\/en\/wp-json\/wp\/v2\/product\/26916\/revisions"}],"predecessor-version":[{"id":59591,"href":"https:\/\/jnksport.com\/en\/wp-json\/wp\/v2\/product\/26916\/revisions\/59591"}],"wp:featuredmedia":[{"embeddable":true,"href":"https:\/\/jnksport.com\/en\/wp-json\/wp\/v2\/media\/59629"}],"wp:attachment":[{"href":"https:\/\/jnksport.com\/en\/wp-json\/wp\/v2\/media?parent=26916"}],"wp:term":[{"taxonomy":"brand","embeddable":true,"href":"https:\/\/jnksport.com\/en\/wp-json\/wp\/v2\/etheme_brands?post=26916"},{"taxonomy":"product_brand","embeddable":true,"href":"https:\/\/jnksport.com\/en\/wp-json\/wp\/v2\/product_brand?post=26916"},{"taxonomy":"product_cat","embeddable":true,"href":"https:\/\/jnksport.com\/en\/wp-json\/wp\/v2\/product_cat?post=26916"},{"taxonomy":"product_tag","embeddable":true,"href":"https:\/\/jnksport.com\/en\/wp-json\/wp\/v2\/product_tag?post=26916"}],"curies":[{"name":"wp","href":"https:\/\/api.w.org\/{rel}","templated":true}]}}