{"id":26937,"date":"2024-02-26T07:17:39","date_gmt":"2024-02-26T07:17:39","guid":{"rendered":"https:\/\/jnksport.com\/?post_type=product&#038;p=26937"},"modified":"2026-04-28T01:07:23","modified_gmt":"2026-04-28T01:07:23","slug":"zapatillas-urbanas-court-vision-mid-dn3577-100-blanco","status":"publish","type":"product","link":"https:\/\/jnksport.com\/en\/product\/zapatillas-urbanas-court-vision-mid-dn3577-100-blanco\/","title":{"rendered":"Zapatillas Urbanas Court Vision Mid Dn3577-100 &#8211; Blanco"},"content":{"rendered":"<h3 style=\"letter-spacing: 0.075em; font-family: Oswald, Arial, Helvetica, sans-serif; font-weight: 500; line-height: 1.1; color: rgb(0, 0, 0); margin-top: 20px; margin-bottom: 10px; font-size: 14px; box-sizing: border-box !important;\"><strong style=\"letter-spacing: 0.075em; box-sizing: border-box !important;\">Nike Court Vision Mid<\/strong><\/h3>\n<p style=\"letter-spacing: 1.125px; color: rgb(0, 0, 0); font-family: Oswald, Arial, Helvetica, sans-serif; box-sizing: border-box !important;\">Las&nbsp;<strong style=\"letter-spacing: 0.075em; box-sizing: border-box !important;\">Court Vision Mid<\/strong>&nbsp;son unas&nbsp;<strong style=\"letter-spacing: 0.075em; box-sizing: border-box !important;\">zapatillas urbanas Nike<\/strong>&nbsp;que lucen un estilo retro con toques modernos. Inspiradas en las zapatillas de b\u00e1squet de los a\u00f1os 80, poseenuna superficie de cuero sint\u00e9tico y una suela exterior que te proporciona tracci\u00f3n.<\/p>\n<h3 style=\"letter-spacing: 0.075em; font-family: Oswald, Arial, Helvetica, sans-serif; font-weight: 500; line-height: 1.1; color: rgb(0, 0, 0); margin-top: 20px; margin-bottom: 10px; font-size: 14px; box-sizing: border-box !important;\"><strong style=\"letter-spacing: 0.075em; box-sizing: border-box !important;\">Beneficios del producto<\/strong><\/h3>\n<ul style=\"letter-spacing: 1.125px; margin-top: 0px; margin-bottom: 10px; padding-left: 20px; color: rgb(0, 0, 0); font-family: Oswald, Arial, Helvetica, sans-serif; box-sizing: border-box !important;\">\n<li style=\"letter-spacing: 0.075em; box-sizing: border-box !important;\">Inspirado en los dise\u00f1os de calzado de mediados de la d\u00e9cada de 1980, el Nike Court Vision Mid ofrece un estilo de baloncesto retro que llama la atenci\u00f3n en la era moderna.<\/li>\n<li style=\"letter-spacing: 0.075em; box-sizing: border-box !important;\">Proyecta el estilo cl\u00e1sico de la cancha.<\/li>\n<li style=\"letter-spacing: 0.075em; box-sizing: border-box !important;\">Un gran dise\u00f1o de Swoosh hace una declaraci\u00f3n de estilo fuerte.<\/li>\n<li style=\"letter-spacing: 0.075em; box-sizing: border-box !important;\">La suela de goma agrega durabilidad y tracci\u00f3n modernas.<\/li>\n<li style=\"letter-spacing: 0.075em; box-sizing: border-box !important;\">Piel y piel sint\u00e9tica en la parte superior.<\/li>\n<\/ul>\n<p><img decoding=\"async\" src=\"https:\/\/i.postimg.cc\/wj8C6Syc\/NIKE-HOMBRE.png\" alt=\"image\" \/><\/p>","protected":false},"excerpt":{"rendered":"<p>Nike Court Vision Mid Las&nbsp;Court Vision Mid&nbsp;son unas&nbsp;zapatillas urbanas Nike&nbsp;que lucen un estilo retro con toques modernos. Inspiradas en las zapatillas de b\u00e1squet de los&#8230;<\/p>","protected":false},"featured_media":59634,"comment_status":"open","ping_status":"closed","template":"","meta":{"om_disable_all_campaigns":false,"_monsterinsights_skip_tracking":false,"_monsterinsights_sitenote_active":false,"_monsterinsights_sitenote_note":"","_monsterinsights_sitenote_category":0,"_uf_show_specific_survey":0,"_uf_disable_surveys":false,"_joinchat":[]},"etheme_brands":[],"product_brand":[],"product_cat":[19],"product_tag":[],"class_list":{"0":"post-26937","1":"product","2":"type-product","3":"status-publish","4":"has-post-thumbnail","6":"product_cat-hombre","7":"product_shipping_class-envio-a-lima-y-provincia","9":"first","10":"instock","11":"featured","12":"shipping-taxable","13":"purchasable","14":"product-type-variable"},"aioseo_notices":[],"_links":{"self":[{"href":"https:\/\/jnksport.com\/en\/wp-json\/wp\/v2\/product\/26937","targetHints":{"allow":["GET"]}}],"collection":[{"href":"https:\/\/jnksport.com\/en\/wp-json\/wp\/v2\/product"}],"about":[{"href":"https:\/\/jnksport.com\/en\/wp-json\/wp\/v2\/types\/product"}],"replies":[{"embeddable":true,"href":"https:\/\/jnksport.com\/en\/wp-json\/wp\/v2\/comments?post=26937"}],"version-history":[{"count":1,"href":"https:\/\/jnksport.com\/en\/wp-json\/wp\/v2\/product\/26937\/revisions"}],"predecessor-version":[{"id":59635,"href":"https:\/\/jnksport.com\/en\/wp-json\/wp\/v2\/product\/26937\/revisions\/59635"}],"wp:featuredmedia":[{"embeddable":true,"href":"https:\/\/jnksport.com\/en\/wp-json\/wp\/v2\/media\/59634"}],"wp:attachment":[{"href":"https:\/\/jnksport.com\/en\/wp-json\/wp\/v2\/media?parent=26937"}],"wp:term":[{"taxonomy":"brand","embeddable":true,"href":"https:\/\/jnksport.com\/en\/wp-json\/wp\/v2\/etheme_brands?post=26937"},{"taxonomy":"product_brand","embeddable":true,"href":"https:\/\/jnksport.com\/en\/wp-json\/wp\/v2\/product_brand?post=26937"},{"taxonomy":"product_cat","embeddable":true,"href":"https:\/\/jnksport.com\/en\/wp-json\/wp\/v2\/product_cat?post=26937"},{"taxonomy":"product_tag","embeddable":true,"href":"https:\/\/jnksport.com\/en\/wp-json\/wp\/v2\/product_tag?post=26937"}],"curies":[{"name":"wp","href":"https:\/\/api.w.org\/{rel}","templated":true}]}}