{"id":27001,"date":"2024-02-26T07:18:21","date_gmt":"2024-02-26T07:18:21","guid":{"rendered":"https:\/\/jnksport.com\/?post_type=product&#038;p=27001"},"modified":"2026-04-20T15:30:07","modified_gmt":"2026-04-20T15:30:07","slug":"zapatillas-urbanas-adidas-advantage-base-court-gw2063-blanco","status":"publish","type":"product","link":"https:\/\/jnksport.com\/en\/product\/zapatillas-urbanas-adidas-advantage-base-court-gw2063-blanco\/","title":{"rendered":"Zapatillas Urbanas Adidas Advantage Base Court Gw2063 &#8211; Blanco"},"content":{"rendered":"<p><span style=\"font-family: AdihausDIN, Helvetica, Arial, sans-serif; color: #000000;\"><span>A\u00f1ade un toque deportivo a tu look con esta zapatilla Adidas. La parte superior de piel sint\u00e9tica suave y resistente te ofrece un ajuste c\u00f3modo. Las 3 bandas perforadas y la suela de goma completan su imagen de inspiraci\u00f3n ten\u00edstica.<\/span><\/span><\/p>\n<div><\/div>\n<div><span style=\"font-family: AdihausDIN, Helvetica, Arial, sans-serif; color: #000000;\"><span>Detalles:<\/span><\/span><\/div>\n<div>\n<ul class=\"gl-list\" style=\"box-sizing: border-box; list-style-position: initial; list-style-image: initial; margin: 0px; padding: 0px; font-family: AdihausDIN, Helvetica, Arial, sans-serif; font-size: 16px; line-height: var(--gl-body-font-set-lineheight-functional-7); width: calc(50% - 15px); color: rgb(0, 0, 0);\">\n<li class=\"gl-vspace-bpall-small\" style=\"box-sizing: border-box; margin-top: var(--gl-spacing-0150); padding-left: var(--gl-spacing-0100); margin-left: 18px;\">Horma cl\u00e1sica<\/li>\n<li class=\"gl-vspace-bpall-small\" style=\"box-sizing: border-box; margin-top: var(--gl-spacing-0150); padding-left: var(--gl-spacing-0100); margin-left: 18px;\">Cierre de cordones<\/li>\n<li class=\"gl-vspace-bpall-small\" style=\"box-sizing: border-box; margin-top: var(--gl-spacing-0150); padding-left: var(--gl-spacing-0100); margin-left: 18px;\">Parte superior de piel sint\u00e9tica<\/li>\n<li class=\"gl-vspace-bpall-small\" style=\"box-sizing: border-box; margin-top: var(--gl-spacing-0150); padding-left: var(--gl-spacing-0100); margin-left: 18px;\">Plantilla de EVA<\/li>\n<li class=\"gl-vspace-bpall-small\" style=\"box-sizing: border-box; margin-top: var(--gl-spacing-0150); padding-left: var(--gl-spacing-0100); margin-left: 18px;\">Forro textil<\/li>\n<\/ul>\n<ul class=\"gl-list\" style=\"box-sizing: border-box; list-style-position: initial; list-style-image: initial; margin: 0px; padding: 0px; font-family: AdihausDIN, Helvetica, Arial, sans-serif; font-size: 16px; line-height: var(--gl-body-font-set-lineheight-functional-7); width: calc(50% - 15px); color: rgb(0, 0, 0);\">\n<li class=\"gl-vspace-bpall-small\" style=\"box-sizing: border-box; margin-top: var(--gl-spacing-0150); padding-left: var(--gl-spacing-0100); margin-left: 18px;\">Suela de goma<\/li>\n<\/ul>\n<\/div>\n<p><img decoding=\"async\" src=\"https:\/\/i.postimg.cc\/Dw1KL2kM\/ADIDAS-HOMBRE.png\" alt=\"image\" \/><\/p>","protected":false},"excerpt":{"rendered":"<p>A\u00f1ade un toque deportivo a tu look con esta zapatilla Adidas. La parte superior de piel sint\u00e9tica suave y resistente te ofrece un ajuste c\u00f3modo&#8230;.<\/p>","protected":false},"featured_media":57178,"comment_status":"open","ping_status":"closed","template":"","meta":{"om_disable_all_campaigns":false,"_monsterinsights_skip_tracking":false,"_monsterinsights_sitenote_active":false,"_monsterinsights_sitenote_note":"","_monsterinsights_sitenote_category":0,"_uf_show_specific_survey":0,"_uf_disable_surveys":false,"_joinchat":[]},"etheme_brands":[],"product_brand":[],"product_cat":[19],"product_tag":[],"class_list":{"0":"post-27001","1":"product","2":"type-product","3":"status-publish","4":"has-post-thumbnail","6":"product_cat-hombre","7":"product_shipping_class-envio-a-lima-y-provincia","9":"first","10":"instock","11":"featured","12":"shipping-taxable","13":"purchasable","14":"product-type-variable"},"aioseo_notices":[],"_links":{"self":[{"href":"https:\/\/jnksport.com\/en\/wp-json\/wp\/v2\/product\/27001","targetHints":{"allow":["GET"]}}],"collection":[{"href":"https:\/\/jnksport.com\/en\/wp-json\/wp\/v2\/product"}],"about":[{"href":"https:\/\/jnksport.com\/en\/wp-json\/wp\/v2\/types\/product"}],"replies":[{"embeddable":true,"href":"https:\/\/jnksport.com\/en\/wp-json\/wp\/v2\/comments?post=27001"}],"version-history":[{"count":0,"href":"https:\/\/jnksport.com\/en\/wp-json\/wp\/v2\/product\/27001\/revisions"}],"wp:featuredmedia":[{"embeddable":true,"href":"https:\/\/jnksport.com\/en\/wp-json\/wp\/v2\/media\/57178"}],"wp:attachment":[{"href":"https:\/\/jnksport.com\/en\/wp-json\/wp\/v2\/media?parent=27001"}],"wp:term":[{"taxonomy":"brand","embeddable":true,"href":"https:\/\/jnksport.com\/en\/wp-json\/wp\/v2\/etheme_brands?post=27001"},{"taxonomy":"product_brand","embeddable":true,"href":"https:\/\/jnksport.com\/en\/wp-json\/wp\/v2\/product_brand?post=27001"},{"taxonomy":"product_cat","embeddable":true,"href":"https:\/\/jnksport.com\/en\/wp-json\/wp\/v2\/product_cat?post=27001"},{"taxonomy":"product_tag","embeddable":true,"href":"https:\/\/jnksport.com\/en\/wp-json\/wp\/v2\/product_tag?post=27001"}],"curies":[{"name":"wp","href":"https:\/\/api.w.org\/{rel}","templated":true}]}}