{"id":27014,"date":"2024-02-26T07:18:31","date_gmt":"2024-02-26T07:18:31","guid":{"rendered":"https:\/\/jnksport.com\/?post_type=product&#038;p=27014"},"modified":"2026-03-30T23:14:58","modified_gmt":"2026-03-30T23:14:58","slug":"zapatillas-urbanas-adidas-court-low-streetcheck-gw5488-blanco","status":"publish","type":"product","link":"https:\/\/jnksport.com\/en\/product\/zapatillas-urbanas-adidas-court-low-streetcheck-gw5488-blanco\/","title":{"rendered":"Zapatillas Urbanas Adidas Court Low Streetcheck Gw5488 &#8211; Blanco"},"content":{"rendered":"<p><span>Una plataforma para tus sue\u00f1os. Una lona para escribir tu propia historia. Puede que parezca mucho para un calzado, pero estas zapatillas adidas pueden soportarlo. Con una silueta de corte bajo inspirada en el legado de adidas, adem\u00e1s de una mediasuela y plantilla ultrac\u00f3moda, est\u00e1n listas para acompa\u00f1arte adonde quieras ir.<\/span><\/p>\n<p><img decoding=\"async\" src=\"https:\/\/i.postimg.cc\/Dw1KL2kM\/ADIDAS-HOMBRE.png\" alt=\"image\" \/><\/p>","protected":false},"excerpt":{"rendered":"<p>Una plataforma para tus sue\u00f1os. Una lona para escribir tu propia historia. Puede que parezca mucho para un calzado, pero estas zapatillas adidas pueden soportarlo&#8230;.<\/p>","protected":false},"featured_media":57173,"comment_status":"open","ping_status":"closed","template":"","meta":{"om_disable_all_campaigns":false,"_monsterinsights_skip_tracking":false,"_monsterinsights_sitenote_active":false,"_monsterinsights_sitenote_note":"","_monsterinsights_sitenote_category":0,"_uf_show_specific_survey":0,"_uf_disable_surveys":false,"_joinchat":[]},"etheme_brands":[],"product_brand":[],"product_cat":[19],"product_tag":[],"class_list":{"0":"post-27014","1":"product","2":"type-product","3":"status-publish","4":"has-post-thumbnail","6":"product_cat-hombre","7":"product_shipping_class-envio-a-lima-y-provincia","9":"first","10":"instock","11":"sale","12":"featured","13":"shipping-taxable","14":"purchasable","15":"product-type-variable"},"aioseo_notices":[],"_links":{"self":[{"href":"https:\/\/jnksport.com\/en\/wp-json\/wp\/v2\/product\/27014","targetHints":{"allow":["GET"]}}],"collection":[{"href":"https:\/\/jnksport.com\/en\/wp-json\/wp\/v2\/product"}],"about":[{"href":"https:\/\/jnksport.com\/en\/wp-json\/wp\/v2\/types\/product"}],"replies":[{"embeddable":true,"href":"https:\/\/jnksport.com\/en\/wp-json\/wp\/v2\/comments?post=27014"}],"version-history":[{"count":0,"href":"https:\/\/jnksport.com\/en\/wp-json\/wp\/v2\/product\/27014\/revisions"}],"wp:featuredmedia":[{"embeddable":true,"href":"https:\/\/jnksport.com\/en\/wp-json\/wp\/v2\/media\/57173"}],"wp:attachment":[{"href":"https:\/\/jnksport.com\/en\/wp-json\/wp\/v2\/media?parent=27014"}],"wp:term":[{"taxonomy":"brand","embeddable":true,"href":"https:\/\/jnksport.com\/en\/wp-json\/wp\/v2\/etheme_brands?post=27014"},{"taxonomy":"product_brand","embeddable":true,"href":"https:\/\/jnksport.com\/en\/wp-json\/wp\/v2\/product_brand?post=27014"},{"taxonomy":"product_cat","embeddable":true,"href":"https:\/\/jnksport.com\/en\/wp-json\/wp\/v2\/product_cat?post=27014"},{"taxonomy":"product_tag","embeddable":true,"href":"https:\/\/jnksport.com\/en\/wp-json\/wp\/v2\/product_tag?post=27014"}],"curies":[{"name":"wp","href":"https:\/\/api.w.org\/{rel}","templated":true}]}}