{"id":27043,"date":"2024-02-26T07:18:50","date_gmt":"2024-02-26T07:18:50","guid":{"rendered":"https:\/\/jnksport.com\/?post_type=product&#038;p=27043"},"modified":"2026-04-29T22:31:56","modified_gmt":"2026-04-29T22:31:56","slug":"zapatillas-urbano-adidas-advantage-gw9284-negro","status":"publish","type":"product","link":"https:\/\/jnksport.com\/en\/product\/zapatillas-urbano-adidas-advantage-gw9284-negro\/","title":{"rendered":"Zapatillas Urbano Adidas  Advantage Gw9284 &#8211; Negro"},"content":{"rendered":"<p><span style=\"font-family: t-Montserrat-Thin, sans-serif; color: #707070;\"><b style=\"font-size: 16px;\">A\u00f1ade un toque deportivo a tu look con esta zapatilla Adidas. La parte superior de piel sint\u00e9tica suave y resistente te ofrece un ajuste c\u00f3modo. Las 3 bandas perforadas y la suela de goma completan su imagen de inspiraci\u00f3n <\/b><span style=\"font-size: 16px;\"><b>ten\u00edstica. La<\/b><\/span><b style=\"font-size: 16px;\">\u00a0parte superior contiene al menos un 50% de materiales reciclados. Su objetivo es plantear otra soluci\u00f3n m\u00e1s que ayude a eliminar los residuos pl\u00e1sticos.<\/b><\/span><\/p>\n<p><img decoding=\"async\" src=\"https:\/\/i.postimg.cc\/Dw1KL2kM\/ADIDAS-HOMBRE.png\" alt=\"image\" \/><\/p>","protected":false},"excerpt":{"rendered":"<p>A\u00f1ade un toque deportivo a tu look con esta zapatilla Adidas. La parte superior de piel sint\u00e9tica suave y resistente te ofrece un ajuste c\u00f3modo&#8230;.<\/p>","protected":false},"featured_media":57175,"comment_status":"open","ping_status":"closed","template":"","meta":{"om_disable_all_campaigns":false,"_monsterinsights_skip_tracking":false,"_monsterinsights_sitenote_active":false,"_monsterinsights_sitenote_note":"","_monsterinsights_sitenote_category":0,"_uf_show_specific_survey":0,"_uf_disable_surveys":false,"_joinchat":[]},"etheme_brands":[],"product_brand":[],"product_cat":[19],"product_tag":[],"class_list":{"0":"post-27043","1":"product","2":"type-product","3":"status-publish","4":"has-post-thumbnail","6":"product_cat-hombre","7":"product_shipping_class-envio-a-lima-y-provincia","9":"first","10":"instock","11":"sale","12":"featured","13":"shipping-taxable","14":"purchasable","15":"product-type-variable"},"aioseo_notices":[],"_links":{"self":[{"href":"https:\/\/jnksport.com\/en\/wp-json\/wp\/v2\/product\/27043","targetHints":{"allow":["GET"]}}],"collection":[{"href":"https:\/\/jnksport.com\/en\/wp-json\/wp\/v2\/product"}],"about":[{"href":"https:\/\/jnksport.com\/en\/wp-json\/wp\/v2\/types\/product"}],"replies":[{"embeddable":true,"href":"https:\/\/jnksport.com\/en\/wp-json\/wp\/v2\/comments?post=27043"}],"version-history":[{"count":0,"href":"https:\/\/jnksport.com\/en\/wp-json\/wp\/v2\/product\/27043\/revisions"}],"wp:featuredmedia":[{"embeddable":true,"href":"https:\/\/jnksport.com\/en\/wp-json\/wp\/v2\/media\/57175"}],"wp:attachment":[{"href":"https:\/\/jnksport.com\/en\/wp-json\/wp\/v2\/media?parent=27043"}],"wp:term":[{"taxonomy":"brand","embeddable":true,"href":"https:\/\/jnksport.com\/en\/wp-json\/wp\/v2\/etheme_brands?post=27043"},{"taxonomy":"product_brand","embeddable":true,"href":"https:\/\/jnksport.com\/en\/wp-json\/wp\/v2\/product_brand?post=27043"},{"taxonomy":"product_cat","embeddable":true,"href":"https:\/\/jnksport.com\/en\/wp-json\/wp\/v2\/product_cat?post=27043"},{"taxonomy":"product_tag","embeddable":true,"href":"https:\/\/jnksport.com\/en\/wp-json\/wp\/v2\/product_tag?post=27043"}],"curies":[{"name":"wp","href":"https:\/\/api.w.org\/{rel}","templated":true}]}}