{"id":27139,"date":"2024-02-26T07:19:49","date_gmt":"2024-02-26T07:19:49","guid":{"rendered":"https:\/\/jnksport.com\/?post_type=product&#038;p=27139"},"modified":"2026-03-30T23:10:06","modified_gmt":"2026-03-30T23:10:06","slug":"zapatillas-urbana-vs-pace-2-0-hp6010-blanco","status":"publish","type":"product","link":"https:\/\/jnksport.com\/en\/product\/zapatillas-urbana-vs-pace-2-0-hp6010-blanco\/","title":{"rendered":"Zapatillas Urbana Vs Pace 2.0 Hp6010 &#8211; Blanco"},"content":{"rendered":"<p><span>Esta zapatilla adidas inspirada en el calzado de skate es perfecta para practicar nuevos trucos o disfrutar de una tarde de diversi\u00f3n con tus amigos. Presenta una parte superior de nobuk y una mediasuela de aspecto vulcanizado. P\u00f3ntela y presume de estilo deportivo all\u00e1 donde vayas.Este producto se ha fabricado con diferentes materiales t\u00e9cnicos y contiene al menos un 50% de material reciclado. Su objetivo es plantear otra soluci\u00f3n m\u00e1s que ayude a eliminar los residuos pl\u00e1sticos.<\/span><\/p>\n<p><img decoding=\"async\" src=\"https:\/\/i.postimg.cc\/Dw1KL2kM\/ADIDAS-HOMBRE.png\" alt=\"image\" \/><\/p>","protected":false},"excerpt":{"rendered":"<p>Esta zapatilla adidas inspirada en el calzado de skate es perfecta para practicar nuevos trucos o disfrutar de una tarde de diversi\u00f3n con tus amigos&#8230;.<\/p>","protected":false},"featured_media":57171,"comment_status":"open","ping_status":"closed","template":"","meta":{"om_disable_all_campaigns":false,"_monsterinsights_skip_tracking":false,"_monsterinsights_sitenote_active":false,"_monsterinsights_sitenote_note":"","_monsterinsights_sitenote_category":0,"_uf_show_specific_survey":0,"_uf_disable_surveys":false,"_joinchat":[]},"etheme_brands":[],"product_brand":[],"product_cat":[19],"product_tag":[],"class_list":{"0":"post-27139","1":"product","2":"type-product","3":"status-publish","4":"has-post-thumbnail","6":"product_cat-hombre","7":"product_shipping_class-envio-a-lima-y-provincia","9":"first","10":"instock","11":"sale","12":"featured","13":"shipping-taxable","14":"purchasable","15":"product-type-variable"},"aioseo_notices":[],"_links":{"self":[{"href":"https:\/\/jnksport.com\/en\/wp-json\/wp\/v2\/product\/27139","targetHints":{"allow":["GET"]}}],"collection":[{"href":"https:\/\/jnksport.com\/en\/wp-json\/wp\/v2\/product"}],"about":[{"href":"https:\/\/jnksport.com\/en\/wp-json\/wp\/v2\/types\/product"}],"replies":[{"embeddable":true,"href":"https:\/\/jnksport.com\/en\/wp-json\/wp\/v2\/comments?post=27139"}],"version-history":[{"count":0,"href":"https:\/\/jnksport.com\/en\/wp-json\/wp\/v2\/product\/27139\/revisions"}],"wp:featuredmedia":[{"embeddable":true,"href":"https:\/\/jnksport.com\/en\/wp-json\/wp\/v2\/media\/57171"}],"wp:attachment":[{"href":"https:\/\/jnksport.com\/en\/wp-json\/wp\/v2\/media?parent=27139"}],"wp:term":[{"taxonomy":"brand","embeddable":true,"href":"https:\/\/jnksport.com\/en\/wp-json\/wp\/v2\/etheme_brands?post=27139"},{"taxonomy":"product_brand","embeddable":true,"href":"https:\/\/jnksport.com\/en\/wp-json\/wp\/v2\/product_brand?post=27139"},{"taxonomy":"product_cat","embeddable":true,"href":"https:\/\/jnksport.com\/en\/wp-json\/wp\/v2\/product_cat?post=27139"},{"taxonomy":"product_tag","embeddable":true,"href":"https:\/\/jnksport.com\/en\/wp-json\/wp\/v2\/product_tag?post=27139"}],"curies":[{"name":"wp","href":"https:\/\/api.w.org\/{rel}","templated":true}]}}