{"id":27225,"date":"2024-02-26T07:20:41","date_gmt":"2024-02-26T07:20:41","guid":{"rendered":"https:\/\/jnksport.com\/?post_type=product&#038;p=27225"},"modified":"2026-03-29T20:21:05","modified_gmt":"2026-03-29T20:21:05","slug":"zapatillas-urbanas-adidas-breaknet-2-0-hp8961ps-negro","status":"publish","type":"product","link":"https:\/\/jnksport.com\/en\/product\/zapatillas-urbanas-adidas-breaknet-2-0-hp8961ps-negro\/","title":{"rendered":"Zapatillas Urbanas Adidas Breaknet 2.0 Hp8961Ps &#8211; Negro"},"content":{"rendered":"<p style=\"box-sizing: border-box; -webkit-font-smoothing: antialiased; --pr-translate-x: 0; --pr-translate-y: 0; --pr-rotate: 0; --pr-skew-x: 0; --pr-skew-y: 0; --pr-scale-x: 1; --pr-scale-y: 1; --pr-scroll-snap-strictness: proximity; --pr-ring-offset-width: 0px; --pr-ring-offset-color: #fff; --pr-ring-color: rgba(59,130,246,.5); --pr-ring-offset-shadow: 0 0 transparent; --pr-ring-shadow: 0 0 transparent; --pr-shadow: 0 0 transparent; --pr-shadow-colored: 0 0 transparent; color: #6a6a6a; font-family: 'Barlow Regular', sans-serif; font-size: 14px;\">Esta zapatilla adidas inspirada en el estilo del tenis es perfecta para que tu peque luzca un look elegante y deportivo. El cierre ajustable le permite llevarla de forma c\u00f3moda y segura. La mediasuela con amortiguaci\u00f3n le proporciona una pisada m\u00e1s c\u00f3moda en el cole, en casa o cuando juega con sus amigos. Este producto se ha fabricado con diferentes materiales t\u00e9cnicos y contiene al menos un 50% de material reciclado. Su objetivo es plantear otra soluci\u00f3n m\u00e1s que ayude a eliminar los residuos pl\u00e1sticos.<\/p>\n<p style=\"box-sizing: border-box; -webkit-font-smoothing: antialiased; --pr-translate-x: 0; --pr-translate-y: 0; --pr-rotate: 0; --pr-skew-x: 0; --pr-skew-y: 0; --pr-scale-x: 1; --pr-scale-y: 1; --pr-scroll-snap-strictness: proximity; --pr-ring-offset-width: 0px; --pr-ring-offset-color: #fff; --pr-ring-color: rgba(59,130,246,.5); --pr-ring-offset-shadow: 0 0 transparent; --pr-ring-shadow: 0 0 transparent; --pr-shadow: 0 0 transparent; --pr-shadow-colored: 0 0 transparent; color: #6a6a6a; font-family: 'Barlow Regular', sans-serif; font-size: 14px;\">Compra Zapatillas urbanas adidas para ni\u00f1os unisex adidas breaknet 2.0 hp8961 en Ripley Per\u00fa. Conoce sus caracteristicas y rec\u00edbelo en pocos d\u00edas.<\/p>","protected":false},"excerpt":{"rendered":"<p>Esta zapatilla adidas inspirada en el estilo del tenis es perfecta para que tu peque luzca un look elegante y deportivo. El cierre ajustable le&#8230;<\/p>","protected":false},"featured_media":22729,"comment_status":"open","ping_status":"closed","template":"","meta":{"om_disable_all_campaigns":false,"_monsterinsights_skip_tracking":false,"_monsterinsights_sitenote_active":false,"_monsterinsights_sitenote_note":"","_monsterinsights_sitenote_category":0,"_uf_show_specific_survey":0,"_uf_disable_surveys":false,"_joinchat":[]},"etheme_brands":[],"product_brand":[],"product_cat":[159],"product_tag":[],"class_list":{"0":"post-27225","1":"product","2":"type-product","3":"status-publish","4":"has-post-thumbnail","6":"product_cat-ninos","7":"product_shipping_class-envio-a-lima-y-provincia","9":"first","10":"instock","11":"featured","12":"shipping-taxable","13":"purchasable","14":"product-type-variable"},"aioseo_notices":[],"_links":{"self":[{"href":"https:\/\/jnksport.com\/en\/wp-json\/wp\/v2\/product\/27225","targetHints":{"allow":["GET"]}}],"collection":[{"href":"https:\/\/jnksport.com\/en\/wp-json\/wp\/v2\/product"}],"about":[{"href":"https:\/\/jnksport.com\/en\/wp-json\/wp\/v2\/types\/product"}],"replies":[{"embeddable":true,"href":"https:\/\/jnksport.com\/en\/wp-json\/wp\/v2\/comments?post=27225"}],"version-history":[{"count":0,"href":"https:\/\/jnksport.com\/en\/wp-json\/wp\/v2\/product\/27225\/revisions"}],"wp:featuredmedia":[{"embeddable":true,"href":"https:\/\/jnksport.com\/en\/wp-json\/wp\/v2\/media\/22729"}],"wp:attachment":[{"href":"https:\/\/jnksport.com\/en\/wp-json\/wp\/v2\/media?parent=27225"}],"wp:term":[{"taxonomy":"brand","embeddable":true,"href":"https:\/\/jnksport.com\/en\/wp-json\/wp\/v2\/etheme_brands?post=27225"},{"taxonomy":"product_brand","embeddable":true,"href":"https:\/\/jnksport.com\/en\/wp-json\/wp\/v2\/product_brand?post=27225"},{"taxonomy":"product_cat","embeddable":true,"href":"https:\/\/jnksport.com\/en\/wp-json\/wp\/v2\/product_cat?post=27225"},{"taxonomy":"product_tag","embeddable":true,"href":"https:\/\/jnksport.com\/en\/wp-json\/wp\/v2\/product_tag?post=27225"}],"curies":[{"name":"wp","href":"https:\/\/api.w.org\/{rel}","templated":true}]}}