{"id":27366,"date":"2024-02-26T07:22:11","date_gmt":"2024-02-26T07:22:11","guid":{"rendered":"https:\/\/jnksport.com\/?post_type=product&#038;p=27366"},"modified":"2026-04-20T15:30:07","modified_gmt":"2026-04-20T15:30:07","slug":"zapatillas-urbanas-converse-all-star-hi-m9621-rojo","status":"publish","type":"product","link":"https:\/\/jnksport.com\/en\/product\/zapatillas-urbanas-converse-all-star-hi-m9621-rojo\/","title":{"rendered":"Zapatillas Urbanas Converse All-Star Hi  M9621 &#8211; Rojo"},"content":{"rendered":"<p style=\"text-align: justify;\"><span style=\"font-size: 12pt;\">Tenis Converse originales unisex modelo Chuck Taylor <\/span><span style=\"font-size: 16px;\">all-star hi <\/span><span style=\"font-size: 12pt;\">, color rojo, material lona, suela antiderrapante.<\/span><\/p>\n<p style=\"text-align: justify;\">Son un cl\u00e1sico atemporal que nunca pasa de moda. Confeccionados en resistente lona, este modelo unisex es perfecto para cualquier ocasi\u00f3n. Su suela antiderrapante garantiza una mayor estabilidad y seguridad al caminar. Disponibles en una amplia variedad de colores y dise\u00f1os, estos ic\u00f3nicos tenis son la elecci\u00f3n perfecta para aquellos que buscan un estilo casual y c\u00f3modo sin sacrificar la calidad y la durabilidad.<\/p>","protected":false},"excerpt":{"rendered":"<p>Tenis Converse originales unisex modelo Chuck Taylor all-star hi , color rojo, material lona, suela antiderrapante. Son un cl\u00e1sico atemporal que nunca pasa de moda&#8230;.<\/p>","protected":false},"featured_media":22857,"comment_status":"open","ping_status":"closed","template":"","meta":{"om_disable_all_campaigns":false,"_monsterinsights_skip_tracking":false,"_monsterinsights_sitenote_active":false,"_monsterinsights_sitenote_note":"","_monsterinsights_sitenote_category":0,"_uf_show_specific_survey":0,"_uf_disable_surveys":false,"_joinchat":[]},"etheme_brands":[],"product_brand":[],"product_cat":[19],"product_tag":[],"class_list":{"0":"post-27366","1":"product","2":"type-product","3":"status-publish","4":"has-post-thumbnail","6":"product_cat-hombre","7":"product_shipping_class-envio-a-lima-y-provincia","9":"first","10":"instock","11":"featured","12":"shipping-taxable","13":"purchasable","14":"product-type-variable"},"aioseo_notices":[],"_links":{"self":[{"href":"https:\/\/jnksport.com\/en\/wp-json\/wp\/v2\/product\/27366","targetHints":{"allow":["GET"]}}],"collection":[{"href":"https:\/\/jnksport.com\/en\/wp-json\/wp\/v2\/product"}],"about":[{"href":"https:\/\/jnksport.com\/en\/wp-json\/wp\/v2\/types\/product"}],"replies":[{"embeddable":true,"href":"https:\/\/jnksport.com\/en\/wp-json\/wp\/v2\/comments?post=27366"}],"version-history":[{"count":0,"href":"https:\/\/jnksport.com\/en\/wp-json\/wp\/v2\/product\/27366\/revisions"}],"wp:featuredmedia":[{"embeddable":true,"href":"https:\/\/jnksport.com\/en\/wp-json\/wp\/v2\/media\/22857"}],"wp:attachment":[{"href":"https:\/\/jnksport.com\/en\/wp-json\/wp\/v2\/media?parent=27366"}],"wp:term":[{"taxonomy":"brand","embeddable":true,"href":"https:\/\/jnksport.com\/en\/wp-json\/wp\/v2\/etheme_brands?post=27366"},{"taxonomy":"product_brand","embeddable":true,"href":"https:\/\/jnksport.com\/en\/wp-json\/wp\/v2\/product_brand?post=27366"},{"taxonomy":"product_cat","embeddable":true,"href":"https:\/\/jnksport.com\/en\/wp-json\/wp\/v2\/product_cat?post=27366"},{"taxonomy":"product_tag","embeddable":true,"href":"https:\/\/jnksport.com\/en\/wp-json\/wp\/v2\/product_tag?post=27366"}],"curies":[{"name":"wp","href":"https:\/\/api.w.org\/{rel}","templated":true}]}}