{"id":27517,"date":"2024-03-29T02:24:10","date_gmt":"2024-03-29T02:24:10","guid":{"rendered":"https:\/\/jnksport.com\/?post_type=product&#038;p=27517"},"modified":"2025-11-14T22:47:54","modified_gmt":"2025-11-14T22:47:54","slug":"zapatilla-adidas-advantage-lifestyle-gw6484jr-para-mujer-2","status":"publish","type":"product","link":"https:\/\/jnksport.com\/en\/product\/zapatilla-adidas-advantage-lifestyle-gw6484jr-para-mujer-2\/","title":{"rendered":"Zapatilla Puma Jada Renew 386401-03 para Mujer"},"content":{"rendered":"<div>\n<div>Los zapatos urbanos Puma Jada Renew Better inspirados en el tenis, es una versi\u00f3n moderna de un cl\u00e1sico con un gui\u00f1o a la moda. Con una combinaci\u00f3n de diferentes materiales de cuero duradero y unaplantilla c\u00f3moda, estos zapatos te mantendr\u00e1n en movimiento todo el d\u00eda. Una solapa en el tal\u00f3n de gamuza reconstituida agregada para mejorar un aspecto cl\u00e1sico de la cancha. La suela tipo cupsole con altura de perfil elevada y una pieza de tal\u00f3n deTPU actualizada proporciona un toque glamuroso y femenino que eleva el estilo a algo especial. La plantilla SoftFoam+ proporciona una amortiguaci\u00f3n superior y una comodidad \u00f3ptima para cada paso del d\u00eda. La parte superior de este calzado est\u00e1 hecha con al menos un 20 % de materiales reciclados como un paso hacia un futuro mejor. Una de las respuestas de PUMA para reducir nuestro impacto ambiental.<\/div>\n<\/div>\n<ul>\n<li>Marca: Puma<\/li>\n<li>Codigo: 386401-03<\/li>\n<li>Modelo: Jada Renew<\/li>\n<li>G\u00e9nero: Mujer<\/li>\n<li>Estilo: Urbano<\/li>\n<li>Cierre: Cordones<\/li>\n<li>Material: Cuero<\/li>\n<li>Color: Blanco<\/li>\n<li>Material de la Suela: Goma<\/li>\n<\/ul>","protected":false},"excerpt":{"rendered":"<p>Los zapatos urbanos Puma Jada Renew Better inspirados en el tenis, es una versi\u00f3n moderna de un cl\u00e1sico con un gui\u00f1o a la moda. Con&#8230;<\/p>","protected":false},"featured_media":27494,"comment_status":"open","ping_status":"closed","template":"","meta":{"om_disable_all_campaigns":false,"_monsterinsights_skip_tracking":false,"_monsterinsights_sitenote_active":false,"_monsterinsights_sitenote_note":"","_monsterinsights_sitenote_category":0,"_uf_show_specific_survey":0,"_uf_disable_surveys":false,"_joinchat":[]},"etheme_brands":[],"product_brand":[],"product_cat":[18],"product_tag":[],"class_list":{"0":"post-27517","1":"product","2":"type-product","3":"status-publish","4":"has-post-thumbnail","6":"product_cat-mujer","7":"product_shipping_class-envio-a-lima-y-provincia","9":"first","10":"instock","11":"sale","12":"featured","13":"shipping-taxable","14":"purchasable","15":"product-type-variable"},"aioseo_notices":[],"_links":{"self":[{"href":"https:\/\/jnksport.com\/en\/wp-json\/wp\/v2\/product\/27517","targetHints":{"allow":["GET"]}}],"collection":[{"href":"https:\/\/jnksport.com\/en\/wp-json\/wp\/v2\/product"}],"about":[{"href":"https:\/\/jnksport.com\/en\/wp-json\/wp\/v2\/types\/product"}],"replies":[{"embeddable":true,"href":"https:\/\/jnksport.com\/en\/wp-json\/wp\/v2\/comments?post=27517"}],"version-history":[{"count":0,"href":"https:\/\/jnksport.com\/en\/wp-json\/wp\/v2\/product\/27517\/revisions"}],"wp:featuredmedia":[{"embeddable":true,"href":"https:\/\/jnksport.com\/en\/wp-json\/wp\/v2\/media\/27494"}],"wp:attachment":[{"href":"https:\/\/jnksport.com\/en\/wp-json\/wp\/v2\/media?parent=27517"}],"wp:term":[{"taxonomy":"brand","embeddable":true,"href":"https:\/\/jnksport.com\/en\/wp-json\/wp\/v2\/etheme_brands?post=27517"},{"taxonomy":"product_brand","embeddable":true,"href":"https:\/\/jnksport.com\/en\/wp-json\/wp\/v2\/product_brand?post=27517"},{"taxonomy":"product_cat","embeddable":true,"href":"https:\/\/jnksport.com\/en\/wp-json\/wp\/v2\/product_cat?post=27517"},{"taxonomy":"product_tag","embeddable":true,"href":"https:\/\/jnksport.com\/en\/wp-json\/wp\/v2\/product_tag?post=27517"}],"curies":[{"name":"wp","href":"https:\/\/api.w.org\/{rel}","templated":true}]}}