{"id":28511,"date":"2024-04-12T07:43:31","date_gmt":"2024-04-12T07:43:31","guid":{"rendered":"https:\/\/jnksport.com\/?post_type=product&#038;p=28511"},"modified":"2025-11-14T22:47:57","modified_gmt":"2025-11-14T22:47:57","slug":"zapatilla-asics-noosa-tri-14-1011b368-301-para-hombre","status":"publish","type":"product","link":"https:\/\/jnksport.com\/en\/product\/zapatilla-asics-noosa-tri-14-1011b368-301-para-hombre\/","title":{"rendered":"Zapatilla Asics Noosa Tri 14 1011B368-301 para Hombre"},"content":{"rendered":"<div>\n<div>\n<p>El zapato NOOSA TRI\u2122 14 remezcla la inspiraci\u00f3n de archivo con un ajuste similar al de un calcet\u00edn. Est\u00e1 formado con una construcci\u00f3n liviana y una pisada eficiente bajo los pies.<\/p>\n<p>Los colores y patrones llamativos en la parte superior de malla dise\u00f1ada est\u00e1n inspirados en los primeros estilos GEL-NOOSA\u2122 de la d\u00e9cada de 2000. Las caracter\u00edsticas convenientes, como las leng\u00fcetas para tirar y los cordones alternados, hacen que los zapatos sean m\u00e1s f\u00e1ciles de poner. Esto lo hace m\u00e1s pr\u00e1ctico despu\u00e9s de salir de la etapa de nataci\u00f3n de un triatl\u00f3n o salir m\u00e1s r\u00e1pido. Con la tecnolog\u00eda GUIDESOLE\u00ae debajo del pie, estos zapatos ayudan a reducir la flexi\u00f3n del tobillo. Su dise\u00f1o curvo le permite conservar m\u00e1s energ\u00eda mientras experimenta un desplazamiento hacia adelante f\u00e1cil.<\/p>\n<\/div>\n<\/div>\n<ul>\n<li>Marca: Asics<\/li>\n<li>Codigo: 1011B368-301<\/li>\n<li>Modelo: Noosa Tri 14<\/li>\n<li>G\u00e9nero: Hombre<\/li>\n<li>Estilo: Deportivo<\/li>\n<li>Cierre: Cordones<\/li>\n<li>Material: Malla<\/li>\n<li>Color: Verde<\/li>\n<li>Material de la Suela: Goma<\/li>\n<\/ul>","protected":false},"excerpt":{"rendered":"<p>El zapato NOOSA TRI\u2122 14 remezcla la inspiraci\u00f3n de archivo con un ajuste similar al de un calcet\u00edn. Est\u00e1 formado con una construcci\u00f3n liviana y&#8230;<\/p>","protected":false},"featured_media":27596,"comment_status":"open","ping_status":"closed","template":"","meta":{"om_disable_all_campaigns":false,"_monsterinsights_skip_tracking":false,"_monsterinsights_sitenote_active":false,"_monsterinsights_sitenote_note":"","_monsterinsights_sitenote_category":0,"_uf_show_specific_survey":0,"_uf_disable_surveys":false,"_joinchat":[]},"etheme_brands":[],"product_brand":[],"product_cat":[19],"product_tag":[],"class_list":{"0":"post-28511","1":"product","2":"type-product","3":"status-publish","4":"has-post-thumbnail","6":"product_cat-hombre","7":"product_shipping_class-envio-a-lima-y-provincia","9":"first","10":"instock","11":"sale","12":"featured","13":"shipping-taxable","14":"purchasable","15":"product-type-variable"},"aioseo_notices":[],"_links":{"self":[{"href":"https:\/\/jnksport.com\/en\/wp-json\/wp\/v2\/product\/28511","targetHints":{"allow":["GET"]}}],"collection":[{"href":"https:\/\/jnksport.com\/en\/wp-json\/wp\/v2\/product"}],"about":[{"href":"https:\/\/jnksport.com\/en\/wp-json\/wp\/v2\/types\/product"}],"replies":[{"embeddable":true,"href":"https:\/\/jnksport.com\/en\/wp-json\/wp\/v2\/comments?post=28511"}],"version-history":[{"count":0,"href":"https:\/\/jnksport.com\/en\/wp-json\/wp\/v2\/product\/28511\/revisions"}],"wp:featuredmedia":[{"embeddable":true,"href":"https:\/\/jnksport.com\/en\/wp-json\/wp\/v2\/media\/27596"}],"wp:attachment":[{"href":"https:\/\/jnksport.com\/en\/wp-json\/wp\/v2\/media?parent=28511"}],"wp:term":[{"taxonomy":"brand","embeddable":true,"href":"https:\/\/jnksport.com\/en\/wp-json\/wp\/v2\/etheme_brands?post=28511"},{"taxonomy":"product_brand","embeddable":true,"href":"https:\/\/jnksport.com\/en\/wp-json\/wp\/v2\/product_brand?post=28511"},{"taxonomy":"product_cat","embeddable":true,"href":"https:\/\/jnksport.com\/en\/wp-json\/wp\/v2\/product_cat?post=28511"},{"taxonomy":"product_tag","embeddable":true,"href":"https:\/\/jnksport.com\/en\/wp-json\/wp\/v2\/product_tag?post=28511"}],"curies":[{"name":"wp","href":"https:\/\/api.w.org\/{rel}","templated":true}]}}