{"id":28521,"date":"2024-04-12T07:43:36","date_gmt":"2024-04-12T07:43:36","guid":{"rendered":"https:\/\/jnksport.com\/?post_type=product&#038;p=28521"},"modified":"2026-04-29T19:36:18","modified_gmt":"2026-04-29T19:36:18","slug":"zapatilla-asics-gel-backhand-1041a331-003-para-hombre","status":"publish","type":"product","link":"https:\/\/jnksport.com\/en\/product\/zapatilla-asics-gel-backhand-1041a331-003-para-hombre\/","title":{"rendered":"Zapatilla Asics  Gel-Backhand 1041A331-003 para Hombre"},"content":{"rendered":"<div>\n<div>\n<p>El GEL-Backhand ofrece una gran estabilidad y una sensaci\u00f3n de flexi\u00f3n para mantener tu atenci\u00f3n enfocada durante un partido. La parte superior est\u00e1 construida con material resistente para un mejor soporte. Aprovecha al m\u00e1ximo tu pr\u00f3ximo partido con estas zapatillas de tenis ASICS. Esta zapatilla ligera y duradera fue dise\u00f1ada pensando en tu comodidad y resistencia, para que puedas alcanzar tu m\u00e1ximo potencial.<\/p>\n<p>Puntera de goma reforzada;<\/p>\n<p>Malla trasera y ricos detalles en la composici\u00f3n de la parte superior, aportando m\u00e1s energ\u00eda y estilo al modelo;<\/p>\n<p>GEL\u2122 trasero interno para m\u00e1s amor y protecci\u00f3n;<\/p>\n<p>Mediasuela fabricada en EVA en toda su longitud, aportando m\u00e1s suavidad y ligereza;<\/p>\n<p>Suela sin marca \u2013 que no marca la cancha.<\/p>\n<\/div>\n<\/div>\n<ul>\n<li>Marca: Asics<\/li>\n<li>Codigo: 1041A331-003<\/li>\n<li>Modelo: Gel-Backhand<\/li>\n<li>G\u00e9nero: Hombre<\/li>\n<li>Estilo: Deportivo<\/li>\n<li>Cierre: Cordones<\/li>\n<li>Material: Cuero sintetico<\/li>\n<li>Color: Negro<\/li>\n<li>Material de la Suela: Goma<\/li>\n<\/ul>","protected":false},"excerpt":{"rendered":"<p>El GEL-Backhand ofrece una gran estabilidad y una sensaci\u00f3n de flexi\u00f3n para mantener tu atenci\u00f3n enfocada durante un partido. La parte superior est\u00e1 construida con&#8230;<\/p>","protected":false},"featured_media":59738,"comment_status":"open","ping_status":"closed","template":"","meta":{"om_disable_all_campaigns":false,"_monsterinsights_skip_tracking":false,"_monsterinsights_sitenote_active":false,"_monsterinsights_sitenote_note":"","_monsterinsights_sitenote_category":0,"_uf_show_specific_survey":0,"_uf_disable_surveys":false,"_joinchat":[]},"etheme_brands":[],"product_brand":[],"product_cat":[19],"product_tag":[],"class_list":{"0":"post-28521","1":"product","2":"type-product","3":"status-publish","4":"has-post-thumbnail","6":"product_cat-hombre","7":"product_shipping_class-envio-a-lima-y-provincia","9":"first","10":"instock","11":"sale","12":"featured","13":"shipping-taxable","14":"purchasable","15":"product-type-variable"},"aioseo_notices":[],"_links":{"self":[{"href":"https:\/\/jnksport.com\/en\/wp-json\/wp\/v2\/product\/28521","targetHints":{"allow":["GET"]}}],"collection":[{"href":"https:\/\/jnksport.com\/en\/wp-json\/wp\/v2\/product"}],"about":[{"href":"https:\/\/jnksport.com\/en\/wp-json\/wp\/v2\/types\/product"}],"replies":[{"embeddable":true,"href":"https:\/\/jnksport.com\/en\/wp-json\/wp\/v2\/comments?post=28521"}],"version-history":[{"count":1,"href":"https:\/\/jnksport.com\/en\/wp-json\/wp\/v2\/product\/28521\/revisions"}],"predecessor-version":[{"id":59739,"href":"https:\/\/jnksport.com\/en\/wp-json\/wp\/v2\/product\/28521\/revisions\/59739"}],"wp:featuredmedia":[{"embeddable":true,"href":"https:\/\/jnksport.com\/en\/wp-json\/wp\/v2\/media\/59738"}],"wp:attachment":[{"href":"https:\/\/jnksport.com\/en\/wp-json\/wp\/v2\/media?parent=28521"}],"wp:term":[{"taxonomy":"brand","embeddable":true,"href":"https:\/\/jnksport.com\/en\/wp-json\/wp\/v2\/etheme_brands?post=28521"},{"taxonomy":"product_brand","embeddable":true,"href":"https:\/\/jnksport.com\/en\/wp-json\/wp\/v2\/product_brand?post=28521"},{"taxonomy":"product_cat","embeddable":true,"href":"https:\/\/jnksport.com\/en\/wp-json\/wp\/v2\/product_cat?post=28521"},{"taxonomy":"product_tag","embeddable":true,"href":"https:\/\/jnksport.com\/en\/wp-json\/wp\/v2\/product_tag?post=28521"}],"curies":[{"name":"wp","href":"https:\/\/api.w.org\/{rel}","templated":true}]}}