{"id":28536,"date":"2024-04-12T07:43:44","date_gmt":"2024-04-12T07:43:44","guid":{"rendered":"https:\/\/jnksport.com\/?post_type=product&#038;p=28536"},"modified":"2026-03-13T22:00:19","modified_gmt":"2026-03-13T22:00:19","slug":"zapatilla-asics-gel-rocket-11-1071a091-001-para-hombre","status":"publish","type":"product","link":"https:\/\/jnksport.com\/en\/product\/zapatilla-asics-gel-rocket-11-1071a091-001-para-hombre\/","title":{"rendered":"Zapatilla Asics Gel-Rocket 11 1071A091-001 para Hombre"},"content":{"rendered":"<div>\n<div>\n<p>El estilo GEL-ROCKET 11 es una zapatilla para pista cubierta multiusos que ofrece una buena estabilidad y movimiento f\u00e1cil para deportistas de pista. \u200b<\/p>\n<p>Esta zapatilla se ha dise\u00f1ado con una parte superior flexible transpirable y m\u00e1s c\u00f3moda.\u200b<\/p>\n<p>La aplicaci\u00f3n TPU TRUSSTIC en la mediasuela resiste el sobregiro y mejora la estabilidad en las transiciones r\u00e1pidas. \u200b<\/p>\n<p>La suela envolvente y el estabilizador mejoran la sujeci\u00f3n eficaces y los movimientos de lado a lado. Los surcos flexibles de la suela mejoran la flexibilidad y la libertad en la pista.<\/p>\n<\/div>\n<\/div>\n<ul>\n<li>Marca: Asics<\/li>\n<li>Codigo: 1071A091-001<\/li>\n<li>Modelo: Gel-Rocket 11<\/li>\n<li>G\u00e9nero: Hombre<\/li>\n<li>Estilo: Deportivo<\/li>\n<li>Cierre: Cordones<\/li>\n<li>Material: Cuero sintetico<\/li>\n<li>Color: Negro<\/li>\n<li>Material de la Suela: Goma<\/li>\n<\/ul>","protected":false},"excerpt":{"rendered":"<p>El estilo GEL-ROCKET 11 es una zapatilla para pista cubierta multiusos que ofrece una buena estabilidad y movimiento f\u00e1cil para deportistas de pista. \u200b Esta&#8230;<\/p>","protected":false},"featured_media":27625,"comment_status":"open","ping_status":"closed","template":"","meta":{"om_disable_all_campaigns":false,"_monsterinsights_skip_tracking":false,"_monsterinsights_sitenote_active":false,"_monsterinsights_sitenote_note":"","_monsterinsights_sitenote_category":0,"_uf_show_specific_survey":0,"_uf_disable_surveys":false,"_joinchat":[]},"etheme_brands":[],"product_brand":[],"product_cat":[19],"product_tag":[],"class_list":{"0":"post-28536","1":"product","2":"type-product","3":"status-publish","4":"has-post-thumbnail","6":"product_cat-hombre","7":"product_shipping_class-envio-a-lima-y-provincia","9":"first","10":"instock","11":"sale","12":"featured","13":"shipping-taxable","14":"purchasable","15":"product-type-variable"},"aioseo_notices":[],"_links":{"self":[{"href":"https:\/\/jnksport.com\/en\/wp-json\/wp\/v2\/product\/28536","targetHints":{"allow":["GET"]}}],"collection":[{"href":"https:\/\/jnksport.com\/en\/wp-json\/wp\/v2\/product"}],"about":[{"href":"https:\/\/jnksport.com\/en\/wp-json\/wp\/v2\/types\/product"}],"replies":[{"embeddable":true,"href":"https:\/\/jnksport.com\/en\/wp-json\/wp\/v2\/comments?post=28536"}],"version-history":[{"count":0,"href":"https:\/\/jnksport.com\/en\/wp-json\/wp\/v2\/product\/28536\/revisions"}],"wp:featuredmedia":[{"embeddable":true,"href":"https:\/\/jnksport.com\/en\/wp-json\/wp\/v2\/media\/27625"}],"wp:attachment":[{"href":"https:\/\/jnksport.com\/en\/wp-json\/wp\/v2\/media?parent=28536"}],"wp:term":[{"taxonomy":"brand","embeddable":true,"href":"https:\/\/jnksport.com\/en\/wp-json\/wp\/v2\/etheme_brands?post=28536"},{"taxonomy":"product_brand","embeddable":true,"href":"https:\/\/jnksport.com\/en\/wp-json\/wp\/v2\/product_brand?post=28536"},{"taxonomy":"product_cat","embeddable":true,"href":"https:\/\/jnksport.com\/en\/wp-json\/wp\/v2\/product_cat?post=28536"},{"taxonomy":"product_tag","embeddable":true,"href":"https:\/\/jnksport.com\/en\/wp-json\/wp\/v2\/product_tag?post=28536"}],"curies":[{"name":"wp","href":"https:\/\/api.w.org\/{rel}","templated":true}]}}