{"id":28664,"date":"2024-04-12T07:44:51","date_gmt":"2024-04-12T07:44:51","guid":{"rendered":"https:\/\/jnksport.com\/?post_type=product&#038;p=28664"},"modified":"2025-12-18T00:33:04","modified_gmt":"2025-12-18T00:33:04","slug":"zapatilla-skechers-billion-2-177336-nat-para-ninas","status":"publish","type":"product","link":"https:\/\/jnksport.com\/en\/product\/zapatilla-skechers-billion-2-177336-nat-para-ninas\/","title":{"rendered":"Zapatilla Skechers Billion 2 177336-NAT"},"content":{"rendered":"<div>\n<div>\n<p>Somos el lugar perfecto para encontrar el par perfecto de zapatos para mujer. Nuestra selecci\u00f3n incluye zapatos casuales, zapatos formales, zapatos deportivos y mucho m\u00e1s. Si est\u00e1s buscando un look moderno para el d\u00eda a d\u00eda o si necesitas un par de zapatos para una noche especial, en Saga Falabella encontrar\u00e1s el calzado perfecto para cualquier ocasi\u00f3n.<\/p>\n<p>Adem\u00e1s, te ofrecemos una amplia variedad de estilos, colores y tama\u00f1os para que encuentres el par ideal para ti. Ven a descubrir la colecci\u00f3n de zapatos para mujer de Saga Falabella y encuentra el par perfecto para ti.<\/p>\n<\/div>\n<\/div>\n<ul>\n<li>Marca: Skechers<\/li>\n<li>Codigo: 177336-NAT<\/li>\n<li>Modelo: Billion 2<\/li>\n<li>G\u00e9nero: Ni\u00f1as<\/li>\n<li>Estilo: Urbano<\/li>\n<li>Cierre: Cordones<\/li>\n<li>Material: Cuero sintetico<\/li>\n<li>Color: Crema<\/li>\n<li>Material de la Suela: Goma<\/li>\n<\/ul>","protected":false},"excerpt":{"rendered":"<p>Somos el lugar perfecto para encontrar el par perfecto de zapatos para mujer. Nuestra selecci\u00f3n incluye zapatos casuales, zapatos formales, zapatos deportivos y mucho m\u00e1s&#8230;.<\/p>","protected":false},"featured_media":27785,"comment_status":"open","ping_status":"closed","template":"","meta":{"om_disable_all_campaigns":false,"_monsterinsights_skip_tracking":false,"_monsterinsights_sitenote_active":false,"_monsterinsights_sitenote_note":"","_monsterinsights_sitenote_category":0,"_uf_show_specific_survey":0,"_uf_disable_surveys":false,"_joinchat":[]},"etheme_brands":[],"product_brand":[],"product_cat":[18],"product_tag":[],"class_list":{"0":"post-28664","1":"product","2":"type-product","3":"status-publish","4":"has-post-thumbnail","6":"product_cat-mujer","7":"product_shipping_class-envio-a-lima-y-provincia","9":"first","10":"instock","11":"sale","12":"featured","13":"shipping-taxable","14":"purchasable","15":"product-type-variable"},"aioseo_notices":[],"_links":{"self":[{"href":"https:\/\/jnksport.com\/en\/wp-json\/wp\/v2\/product\/28664","targetHints":{"allow":["GET"]}}],"collection":[{"href":"https:\/\/jnksport.com\/en\/wp-json\/wp\/v2\/product"}],"about":[{"href":"https:\/\/jnksport.com\/en\/wp-json\/wp\/v2\/types\/product"}],"replies":[{"embeddable":true,"href":"https:\/\/jnksport.com\/en\/wp-json\/wp\/v2\/comments?post=28664"}],"version-history":[{"count":0,"href":"https:\/\/jnksport.com\/en\/wp-json\/wp\/v2\/product\/28664\/revisions"}],"wp:featuredmedia":[{"embeddable":true,"href":"https:\/\/jnksport.com\/en\/wp-json\/wp\/v2\/media\/27785"}],"wp:attachment":[{"href":"https:\/\/jnksport.com\/en\/wp-json\/wp\/v2\/media?parent=28664"}],"wp:term":[{"taxonomy":"brand","embeddable":true,"href":"https:\/\/jnksport.com\/en\/wp-json\/wp\/v2\/etheme_brands?post=28664"},{"taxonomy":"product_brand","embeddable":true,"href":"https:\/\/jnksport.com\/en\/wp-json\/wp\/v2\/product_brand?post=28664"},{"taxonomy":"product_cat","embeddable":true,"href":"https:\/\/jnksport.com\/en\/wp-json\/wp\/v2\/product_cat?post=28664"},{"taxonomy":"product_tag","embeddable":true,"href":"https:\/\/jnksport.com\/en\/wp-json\/wp\/v2\/product_tag?post=28664"}],"curies":[{"name":"wp","href":"https:\/\/api.w.org\/{rel}","templated":true}]}}