{"id":28677,"date":"2024-04-12T07:44:59","date_gmt":"2024-04-12T07:44:59","guid":{"rendered":"https:\/\/jnksport.com\/?post_type=product&#038;p=28677"},"modified":"2026-03-13T22:00:19","modified_gmt":"2026-03-13T22:00:19","slug":"zapatilla-skechers-bring-sparkle-302317n-lvmt-para-ninas","status":"publish","type":"product","link":"https:\/\/jnksport.com\/en\/product\/zapatilla-skechers-bring-sparkle-302317n-lvmt-para-ninas\/","title":{"rendered":"Zapatilla Skechers Bring Sparkle 302317N-LVMT para Ni\u00f1as"},"content":{"rendered":"<div>\n<div>Luces adorables y colores bonitos alegran el d\u00eda en Skechers S-Lights: Flutter Heart Lights &#8211; Bring Sparkle. Este dise\u00f1o casual y liviano cuenta con una parte superior de tejido de malla brillante y tejido sint\u00e9tico brillante con una divertida entresuela iluminada con formas de coraz\u00f3n en 3D.<\/div>\n<\/div>\n<ul>\n<li>Marca: Skechers<\/li>\n<li>Codigo: 302317N-LVMT<\/li>\n<li>Modelo: Bring Sparkle<\/li>\n<li>G\u00e9nero: Ni\u00f1as<\/li>\n<li>Estilo: Deportivo<\/li>\n<li>Cierre: Cordones<\/li>\n<li>Material: Textil<\/li>\n<li>Color: Lila<\/li>\n<li>Material de la Suela: Goma<\/li>\n<\/ul>","protected":false},"excerpt":{"rendered":"<p>Luces adorables y colores bonitos alegran el d\u00eda en Skechers S-Lights: Flutter Heart Lights &#8211; Bring Sparkle. Este dise\u00f1o casual y liviano cuenta con una&#8230;<\/p>","protected":false},"featured_media":27790,"comment_status":"open","ping_status":"closed","template":"","meta":{"om_disable_all_campaigns":false,"_monsterinsights_skip_tracking":false,"_monsterinsights_sitenote_active":false,"_monsterinsights_sitenote_note":"","_monsterinsights_sitenote_category":0,"_uf_show_specific_survey":0,"_uf_disable_surveys":false,"_joinchat":[]},"etheme_brands":[],"product_brand":[],"product_cat":[159],"product_tag":[],"class_list":{"0":"post-28677","1":"product","2":"type-product","3":"status-publish","4":"has-post-thumbnail","6":"product_cat-ninos","7":"product_shipping_class-envio-a-lima-y-provincia","9":"first","10":"instock","11":"sale","12":"featured","13":"shipping-taxable","14":"purchasable","15":"product-type-variable"},"aioseo_notices":[],"_links":{"self":[{"href":"https:\/\/jnksport.com\/en\/wp-json\/wp\/v2\/product\/28677","targetHints":{"allow":["GET"]}}],"collection":[{"href":"https:\/\/jnksport.com\/en\/wp-json\/wp\/v2\/product"}],"about":[{"href":"https:\/\/jnksport.com\/en\/wp-json\/wp\/v2\/types\/product"}],"replies":[{"embeddable":true,"href":"https:\/\/jnksport.com\/en\/wp-json\/wp\/v2\/comments?post=28677"}],"version-history":[{"count":0,"href":"https:\/\/jnksport.com\/en\/wp-json\/wp\/v2\/product\/28677\/revisions"}],"wp:featuredmedia":[{"embeddable":true,"href":"https:\/\/jnksport.com\/en\/wp-json\/wp\/v2\/media\/27790"}],"wp:attachment":[{"href":"https:\/\/jnksport.com\/en\/wp-json\/wp\/v2\/media?parent=28677"}],"wp:term":[{"taxonomy":"brand","embeddable":true,"href":"https:\/\/jnksport.com\/en\/wp-json\/wp\/v2\/etheme_brands?post=28677"},{"taxonomy":"product_brand","embeddable":true,"href":"https:\/\/jnksport.com\/en\/wp-json\/wp\/v2\/product_brand?post=28677"},{"taxonomy":"product_cat","embeddable":true,"href":"https:\/\/jnksport.com\/en\/wp-json\/wp\/v2\/product_cat?post=28677"},{"taxonomy":"product_tag","embeddable":true,"href":"https:\/\/jnksport.com\/en\/wp-json\/wp\/v2\/product_tag?post=28677"}],"curies":[{"name":"wp","href":"https:\/\/api.w.org\/{rel}","templated":true}]}}