{"id":28790,"date":"2024-04-12T07:46:11","date_gmt":"2024-04-12T07:46:11","guid":{"rendered":"https:\/\/jnksport.com\/?post_type=product&#038;p=28790"},"modified":"2026-03-13T22:00:19","modified_gmt":"2026-03-13T22:00:19","slug":"zapatilla-puma-jada-renew-386401-01-para-mujer","status":"publish","type":"product","link":"https:\/\/jnksport.com\/en\/product\/zapatilla-puma-jada-renew-386401-01-para-mujer\/","title":{"rendered":"Zapatilla Puma Jada Renew 386401-01 para Mujer"},"content":{"rendered":"<div>\n<div>\u00bfLa base para un peinado exitoso? \u00a1Zapatos comodos! Los de Puma se distinguen por una silueta esbelta y equilibrada y una cuidada selecci\u00f3n de colores. La parte superior es flexible y se adapta f\u00e1cilmente al pie. Numerosas perforaciones mantienen la piel seca durante todo el d\u00eda. El interior acolchado tambi\u00e9n contribuye al confort. El forro textil reduce la humedad y al mismo tiempo te permite disfrutar de la suavidad en cada paso. \u00bfQu\u00e9 otra cosa? En primer lugar, el dise\u00f1o. El modelo cautiva por su sencillez y combina brillantemente la moda urbana con el estilo deportivo.<\/div>\n<\/div>\n<ul>\n<li>Marca: Puma<\/li>\n<li>Codigo: 386401-01<\/li>\n<li>Modelo: Jada Renew<\/li>\n<li>G\u00e9nero: Mujer<\/li>\n<li>Estilo: Urbano<\/li>\n<li>Cierre: Cordones<\/li>\n<li>Material: Cuero sintetico<\/li>\n<li>Color: Blanco<\/li>\n<li>Material de la Suela: Caucho<\/li>\n<\/ul>","protected":false},"excerpt":{"rendered":"<p>\u00bfLa base para un peinado exitoso? \u00a1Zapatos comodos! Los de Puma se distinguen por una silueta esbelta y equilibrada y una cuidada selecci\u00f3n de colores&#8230;.<\/p>","protected":false},"featured_media":27901,"comment_status":"open","ping_status":"closed","template":"","meta":{"om_disable_all_campaigns":false,"_monsterinsights_skip_tracking":false,"_monsterinsights_sitenote_active":false,"_monsterinsights_sitenote_note":"","_monsterinsights_sitenote_category":0,"_uf_show_specific_survey":0,"_uf_disable_surveys":false,"_joinchat":[]},"etheme_brands":[],"product_brand":[],"product_cat":[18],"product_tag":[],"class_list":{"0":"post-28790","1":"product","2":"type-product","3":"status-publish","4":"has-post-thumbnail","6":"product_cat-mujer","7":"product_shipping_class-envio-a-lima-y-provincia","9":"first","10":"instock","11":"sale","12":"featured","13":"shipping-taxable","14":"purchasable","15":"product-type-variable"},"aioseo_notices":[],"_links":{"self":[{"href":"https:\/\/jnksport.com\/en\/wp-json\/wp\/v2\/product\/28790","targetHints":{"allow":["GET"]}}],"collection":[{"href":"https:\/\/jnksport.com\/en\/wp-json\/wp\/v2\/product"}],"about":[{"href":"https:\/\/jnksport.com\/en\/wp-json\/wp\/v2\/types\/product"}],"replies":[{"embeddable":true,"href":"https:\/\/jnksport.com\/en\/wp-json\/wp\/v2\/comments?post=28790"}],"version-history":[{"count":0,"href":"https:\/\/jnksport.com\/en\/wp-json\/wp\/v2\/product\/28790\/revisions"}],"wp:featuredmedia":[{"embeddable":true,"href":"https:\/\/jnksport.com\/en\/wp-json\/wp\/v2\/media\/27901"}],"wp:attachment":[{"href":"https:\/\/jnksport.com\/en\/wp-json\/wp\/v2\/media?parent=28790"}],"wp:term":[{"taxonomy":"brand","embeddable":true,"href":"https:\/\/jnksport.com\/en\/wp-json\/wp\/v2\/etheme_brands?post=28790"},{"taxonomy":"product_brand","embeddable":true,"href":"https:\/\/jnksport.com\/en\/wp-json\/wp\/v2\/product_brand?post=28790"},{"taxonomy":"product_cat","embeddable":true,"href":"https:\/\/jnksport.com\/en\/wp-json\/wp\/v2\/product_cat?post=28790"},{"taxonomy":"product_tag","embeddable":true,"href":"https:\/\/jnksport.com\/en\/wp-json\/wp\/v2\/product_tag?post=28790"}],"curies":[{"name":"wp","href":"https:\/\/api.w.org\/{rel}","templated":true}]}}