{"id":29042,"date":"2024-04-12T07:48:37","date_gmt":"2024-04-12T07:48:37","guid":{"rendered":"https:\/\/jnksport.com\/?post_type=product&#038;p=29042"},"modified":"2025-11-14T22:48:09","modified_gmt":"2025-11-14T22:48:09","slug":"zapatilla-converse-lift-hi-mystic-gems-a02483-para-mujer","status":"publish","type":"product","link":"https:\/\/jnksport.com\/en\/product\/zapatilla-converse-lift-hi-mystic-gems-a02483-para-mujer\/","title":{"rendered":"Zapatilla Converse Lift Hi Mystic Gems A02483 para Mujer"},"content":{"rendered":"<div>\n<div>Mejora tu juego de zapatillas con las zapatillas Converse Chuck Taylor All Star Lift Platform High Color Swirl.\u00a0Estas elegantes zapatillas altas de Converse presentan un patr\u00f3n de remolinos de colores vibrantes que seguramente llamar\u00e1 la atenci\u00f3n.\u00a0Con su suela de plataforma elevada, estos zapatos brindan mayor altura y un aspecto moderno.\u00a0Perfectas para d\u00edas o noches informales en la ciudad, estas zapatillas ofrecen estilo y comodidad.\u00a0Prep\u00e1rate para hacer una declaraci\u00f3n con las zapatillas Converse Chuck Taylor All Star Lift Platform High Color Swirl.<\/div>\n<\/div>\n<ul>\n<li>Marca: Converse<\/li>\n<li>Codigo: A02483<\/li>\n<li>Modelo: Lift Hi Mystic Gems<\/li>\n<li>G\u00e9nero: Mujer<\/li>\n<li>Estilo: Urbano<\/li>\n<li>Cierre: Cordones<\/li>\n<li>Material: Textil<\/li>\n<li>Color: Multicolor<\/li>\n<li>Material de la Suela: Goma<\/li>\n<\/ul>","protected":false},"excerpt":{"rendered":"<p>Mejora tu juego de zapatillas con las zapatillas Converse Chuck Taylor All Star Lift Platform High Color Swirl.\u00a0Estas elegantes zapatillas altas de Converse presentan un&#8230;<\/p>","protected":false},"featured_media":28175,"comment_status":"open","ping_status":"closed","template":"","meta":{"om_disable_all_campaigns":false,"_monsterinsights_skip_tracking":false,"_monsterinsights_sitenote_active":false,"_monsterinsights_sitenote_note":"","_monsterinsights_sitenote_category":0,"_uf_show_specific_survey":0,"_uf_disable_surveys":false,"_joinchat":[]},"etheme_brands":[],"product_brand":[],"product_cat":[19],"product_tag":[],"class_list":{"0":"post-29042","1":"product","2":"type-product","3":"status-publish","4":"has-post-thumbnail","6":"product_cat-hombre","7":"product_shipping_class-envio-a-lima-y-provincia","9":"first","10":"instock","11":"sale","12":"featured","13":"shipping-taxable","14":"purchasable","15":"product-type-variable"},"aioseo_notices":[],"_links":{"self":[{"href":"https:\/\/jnksport.com\/en\/wp-json\/wp\/v2\/product\/29042","targetHints":{"allow":["GET"]}}],"collection":[{"href":"https:\/\/jnksport.com\/en\/wp-json\/wp\/v2\/product"}],"about":[{"href":"https:\/\/jnksport.com\/en\/wp-json\/wp\/v2\/types\/product"}],"replies":[{"embeddable":true,"href":"https:\/\/jnksport.com\/en\/wp-json\/wp\/v2\/comments?post=29042"}],"version-history":[{"count":0,"href":"https:\/\/jnksport.com\/en\/wp-json\/wp\/v2\/product\/29042\/revisions"}],"wp:featuredmedia":[{"embeddable":true,"href":"https:\/\/jnksport.com\/en\/wp-json\/wp\/v2\/media\/28175"}],"wp:attachment":[{"href":"https:\/\/jnksport.com\/en\/wp-json\/wp\/v2\/media?parent=29042"}],"wp:term":[{"taxonomy":"brand","embeddable":true,"href":"https:\/\/jnksport.com\/en\/wp-json\/wp\/v2\/etheme_brands?post=29042"},{"taxonomy":"product_brand","embeddable":true,"href":"https:\/\/jnksport.com\/en\/wp-json\/wp\/v2\/product_brand?post=29042"},{"taxonomy":"product_cat","embeddable":true,"href":"https:\/\/jnksport.com\/en\/wp-json\/wp\/v2\/product_cat?post=29042"},{"taxonomy":"product_tag","embeddable":true,"href":"https:\/\/jnksport.com\/en\/wp-json\/wp\/v2\/product_tag?post=29042"}],"curies":[{"name":"wp","href":"https:\/\/api.w.org\/{rel}","templated":true}]}}