{"id":29063,"date":"2024-04-12T07:48:49","date_gmt":"2024-04-12T07:48:49","guid":{"rendered":"https:\/\/jnksport.com\/?post_type=product&#038;p=29063"},"modified":"2026-04-25T19:59:27","modified_gmt":"2026-04-25T19:59:27","slug":"zapatilla-converse-madison-star-studded-a05457-para-mujer","status":"publish","type":"product","link":"https:\/\/jnksport.com\/en\/product\/zapatilla-converse-madison-star-studded-a05457-para-mujer\/","title":{"rendered":"Zapatilla Converse \u00a0Madison Star Studded A05457 para Mujer"},"content":{"rendered":"<div>\n<div>CL\u00c1SICO CON AMORTIGUACI\u00d3N El inconfundible estilo Chuck Taylor, pero con una mayor amortiguaci\u00f3n. Las CTAS Madison combinan el cl\u00e1sico estilo de corte bajo que ya conoces y que tanto te gusta con una leng\u00fceta y una zona del tobillo acolchadas para mejorar la comodidad. El dise\u00f1o se completa con una nueva selecci\u00f3n de colores y un brillante aplique dorado, lo que lo convierte en una prenda imprescindible para disfrutar de la temporada con estilo.<\/div>\n<\/div>\n<ul>\n<li>Marca: Converse<\/li>\n<li>Codigo: A05457<\/li>\n<li>Modelo: \u00a0Madison Star Studded<\/li>\n<li>G\u00e9nero: Mujer<\/li>\n<li>Estilo: Urbano<\/li>\n<li>Cierre: Cordones<\/li>\n<li>Material: Textil<\/li>\n<li>Color: Guinda<\/li>\n<li>Material de la Suela: Goma<\/li>\n<\/ul>","protected":false},"excerpt":{"rendered":"<p>CL\u00c1SICO CON AMORTIGUACI\u00d3N El inconfundible estilo Chuck Taylor, pero con una mayor amortiguaci\u00f3n. Las CTAS Madison combinan el cl\u00e1sico estilo de corte bajo que ya&#8230;<\/p>","protected":false},"featured_media":28423,"comment_status":"open","ping_status":"closed","template":"","meta":{"om_disable_all_campaigns":false,"_monsterinsights_skip_tracking":false,"_monsterinsights_sitenote_active":false,"_monsterinsights_sitenote_note":"","_monsterinsights_sitenote_category":0,"_uf_show_specific_survey":0,"_uf_disable_surveys":false,"_joinchat":[]},"etheme_brands":[],"product_brand":[],"product_cat":[18],"product_tag":[],"class_list":{"0":"post-29063","1":"product","2":"type-product","3":"status-publish","4":"has-post-thumbnail","6":"product_cat-mujer","7":"product_shipping_class-envio-a-lima-y-provincia","9":"first","10":"instock","11":"sale","12":"featured","13":"shipping-taxable","14":"purchasable","15":"product-type-variable"},"aioseo_notices":[],"_links":{"self":[{"href":"https:\/\/jnksport.com\/en\/wp-json\/wp\/v2\/product\/29063","targetHints":{"allow":["GET"]}}],"collection":[{"href":"https:\/\/jnksport.com\/en\/wp-json\/wp\/v2\/product"}],"about":[{"href":"https:\/\/jnksport.com\/en\/wp-json\/wp\/v2\/types\/product"}],"replies":[{"embeddable":true,"href":"https:\/\/jnksport.com\/en\/wp-json\/wp\/v2\/comments?post=29063"}],"version-history":[{"count":0,"href":"https:\/\/jnksport.com\/en\/wp-json\/wp\/v2\/product\/29063\/revisions"}],"wp:featuredmedia":[{"embeddable":true,"href":"https:\/\/jnksport.com\/en\/wp-json\/wp\/v2\/media\/28423"}],"wp:attachment":[{"href":"https:\/\/jnksport.com\/en\/wp-json\/wp\/v2\/media?parent=29063"}],"wp:term":[{"taxonomy":"brand","embeddable":true,"href":"https:\/\/jnksport.com\/en\/wp-json\/wp\/v2\/etheme_brands?post=29063"},{"taxonomy":"product_brand","embeddable":true,"href":"https:\/\/jnksport.com\/en\/wp-json\/wp\/v2\/product_brand?post=29063"},{"taxonomy":"product_cat","embeddable":true,"href":"https:\/\/jnksport.com\/en\/wp-json\/wp\/v2\/product_cat?post=29063"},{"taxonomy":"product_tag","embeddable":true,"href":"https:\/\/jnksport.com\/en\/wp-json\/wp\/v2\/product_tag?post=29063"}],"curies":[{"name":"wp","href":"https:\/\/api.w.org\/{rel}","templated":true}]}}