{"id":29094,"date":"2024-04-12T07:49:08","date_gmt":"2024-04-12T07:49:08","guid":{"rendered":"https:\/\/jnksport.com\/?post_type=product&#038;p=29094"},"modified":"2026-02-24T08:32:26","modified_gmt":"2026-02-24T08:32:26","slug":"zapatilla-converse-rave-sparkle-party-a05512-para-ninos","status":"publish","type":"product","link":"https:\/\/jnksport.com\/en\/product\/zapatilla-converse-rave-sparkle-party-a05512-para-ninos\/","title":{"rendered":"Zapatilla Converse Rave Sparkle Party A05512 para Ni\u00f1os"},"content":{"rendered":"<div>\n<div>PONERSE ELEGANTE O DISFRAZARSE PARA JUGAR 3,2,1&#8230; Despegue. Dale un impulso a tu peque un impulso cuando d\u00e9 sus primeros pasos imaginarios en la Luna. Con el toque justo de brillo para plantar cara a los alien\u00edgenas de papel de aluminio: \u00e9chales una mano para ponerse los cordones, ajusta la presilla del tal\u00f3n y desata su imaginaci\u00f3n. (El traje espacial no viene incluido).<\/div>\n<\/div>\n<ul>\n<li>Marca: Converse<\/li>\n<li>Codigo: A05512<\/li>\n<li>Modelo: Rave Sparkle Party<\/li>\n<li>G\u00e9nero: Ni\u00f1os<\/li>\n<li>Estilo: Urbano<\/li>\n<li>Cierre: Cordones<\/li>\n<li>Material: Textil<\/li>\n<li>Color: Gris<\/li>\n<li>Material de la Suela: Goma<\/li>\n<\/ul>","protected":false},"excerpt":{"rendered":"<p>PONERSE ELEGANTE O DISFRAZARSE PARA JUGAR 3,2,1&#8230; Despegue. Dale un impulso a tu peque un impulso cuando d\u00e9 sus primeros pasos imaginarios en la Luna&#8230;.<\/p>","protected":false},"featured_media":28225,"comment_status":"open","ping_status":"closed","template":"","meta":{"om_disable_all_campaigns":false,"_monsterinsights_skip_tracking":false,"_monsterinsights_sitenote_active":false,"_monsterinsights_sitenote_note":"","_monsterinsights_sitenote_category":0,"_uf_show_specific_survey":0,"_uf_disable_surveys":false,"_joinchat":[]},"etheme_brands":[],"product_brand":[],"product_cat":[159],"product_tag":[],"class_list":{"0":"post-29094","1":"product","2":"type-product","3":"status-publish","4":"has-post-thumbnail","6":"product_cat-ninos","7":"product_shipping_class-envio-a-lima-y-provincia","9":"first","10":"instock","11":"sale","12":"featured","13":"shipping-taxable","14":"purchasable","15":"product-type-variable"},"aioseo_notices":[],"_links":{"self":[{"href":"https:\/\/jnksport.com\/en\/wp-json\/wp\/v2\/product\/29094","targetHints":{"allow":["GET"]}}],"collection":[{"href":"https:\/\/jnksport.com\/en\/wp-json\/wp\/v2\/product"}],"about":[{"href":"https:\/\/jnksport.com\/en\/wp-json\/wp\/v2\/types\/product"}],"replies":[{"embeddable":true,"href":"https:\/\/jnksport.com\/en\/wp-json\/wp\/v2\/comments?post=29094"}],"version-history":[{"count":0,"href":"https:\/\/jnksport.com\/en\/wp-json\/wp\/v2\/product\/29094\/revisions"}],"wp:featuredmedia":[{"embeddable":true,"href":"https:\/\/jnksport.com\/en\/wp-json\/wp\/v2\/media\/28225"}],"wp:attachment":[{"href":"https:\/\/jnksport.com\/en\/wp-json\/wp\/v2\/media?parent=29094"}],"wp:term":[{"taxonomy":"brand","embeddable":true,"href":"https:\/\/jnksport.com\/en\/wp-json\/wp\/v2\/etheme_brands?post=29094"},{"taxonomy":"product_brand","embeddable":true,"href":"https:\/\/jnksport.com\/en\/wp-json\/wp\/v2\/product_brand?post=29094"},{"taxonomy":"product_cat","embeddable":true,"href":"https:\/\/jnksport.com\/en\/wp-json\/wp\/v2\/product_cat?post=29094"},{"taxonomy":"product_tag","embeddable":true,"href":"https:\/\/jnksport.com\/en\/wp-json\/wp\/v2\/product_tag?post=29094"}],"curies":[{"name":"wp","href":"https:\/\/api.w.org\/{rel}","templated":true}]}}