{"id":29110,"date":"2024-04-12T07:49:17","date_gmt":"2024-04-12T07:49:17","guid":{"rendered":"https:\/\/jnksport.com\/?post_type=product&#038;p=29110"},"modified":"2026-04-29T22:31:56","modified_gmt":"2026-04-29T22:31:56","slug":"zapatilla-converse-easy-on-sparkle-party-a05532-para-ninas","status":"publish","type":"product","link":"https:\/\/jnksport.com\/en\/product\/zapatilla-converse-easy-on-sparkle-party-a05532-para-ninas\/","title":{"rendered":"Zapatilla Converse Easy-On Sparkle Party A05532 para Ni\u00f1as"},"content":{"rendered":"<div>\n<div>Desde sus primeros bailes tambaleantes hasta que le quites las zapatillas, el brillo estar\u00e1 siempre en primer plano. Ay\u00fadale a brillar durante toda la noche: p\u00f3nselas con el reforzado del tal\u00f3n, ajusta las correas y deja que sea la estrella de la mesa de los ni\u00f1os.<\/div>\n<\/div>\n<ul>\n<li>Marca: Converse<\/li>\n<li>Codigo: A05532<\/li>\n<li>Modelo: Easy-On Sparkle Party<\/li>\n<li>G\u00e9nero: Ni\u00f1as<\/li>\n<li>Estilo: Urbano<\/li>\n<li>Cierre: Cordones<\/li>\n<li>Material: Textil<\/li>\n<li>Color: Blanco<\/li>\n<li>Material de la Suela: Goma<\/li>\n<\/ul>","protected":false},"excerpt":{"rendered":"<p>Desde sus primeros bailes tambaleantes hasta que le quites las zapatillas, el brillo estar\u00e1 siempre en primer plano. Ay\u00fadale a brillar durante toda la noche:&#8230;<\/p>","protected":false},"featured_media":28237,"comment_status":"open","ping_status":"closed","template":"","meta":{"om_disable_all_campaigns":false,"_monsterinsights_skip_tracking":false,"_monsterinsights_sitenote_active":false,"_monsterinsights_sitenote_note":"","_monsterinsights_sitenote_category":0,"_uf_show_specific_survey":0,"_uf_disable_surveys":false,"_joinchat":[]},"etheme_brands":[],"product_brand":[],"product_cat":[159],"product_tag":[],"class_list":{"0":"post-29110","1":"product","2":"type-product","3":"status-publish","4":"has-post-thumbnail","6":"product_cat-ninos","7":"product_shipping_class-envio-a-lima-y-provincia","9":"first","10":"instock","11":"featured","12":"shipping-taxable","13":"purchasable","14":"product-type-variable"},"aioseo_notices":[],"_links":{"self":[{"href":"https:\/\/jnksport.com\/en\/wp-json\/wp\/v2\/product\/29110","targetHints":{"allow":["GET"]}}],"collection":[{"href":"https:\/\/jnksport.com\/en\/wp-json\/wp\/v2\/product"}],"about":[{"href":"https:\/\/jnksport.com\/en\/wp-json\/wp\/v2\/types\/product"}],"replies":[{"embeddable":true,"href":"https:\/\/jnksport.com\/en\/wp-json\/wp\/v2\/comments?post=29110"}],"version-history":[{"count":0,"href":"https:\/\/jnksport.com\/en\/wp-json\/wp\/v2\/product\/29110\/revisions"}],"wp:featuredmedia":[{"embeddable":true,"href":"https:\/\/jnksport.com\/en\/wp-json\/wp\/v2\/media\/28237"}],"wp:attachment":[{"href":"https:\/\/jnksport.com\/en\/wp-json\/wp\/v2\/media?parent=29110"}],"wp:term":[{"taxonomy":"brand","embeddable":true,"href":"https:\/\/jnksport.com\/en\/wp-json\/wp\/v2\/etheme_brands?post=29110"},{"taxonomy":"product_brand","embeddable":true,"href":"https:\/\/jnksport.com\/en\/wp-json\/wp\/v2\/product_brand?post=29110"},{"taxonomy":"product_cat","embeddable":true,"href":"https:\/\/jnksport.com\/en\/wp-json\/wp\/v2\/product_cat?post=29110"},{"taxonomy":"product_tag","embeddable":true,"href":"https:\/\/jnksport.com\/en\/wp-json\/wp\/v2\/product_tag?post=29110"}],"curies":[{"name":"wp","href":"https:\/\/api.w.org\/{rel}","templated":true}]}}