{"id":29239,"date":"2024-04-12T07:50:31","date_gmt":"2024-04-12T07:50:31","guid":{"rendered":"https:\/\/jnksport.com\/?post_type=product&#038;p=29239"},"modified":"2025-11-14T22:48:15","modified_gmt":"2025-11-14T22:48:15","slug":"zapatilla-joma-fs-reactive-fss2332in-para-hombre","status":"publish","type":"product","link":"https:\/\/jnksport.com\/en\/product\/zapatilla-joma-fs-reactive-fss2332in-para-hombre\/","title":{"rendered":"Zapatilla Joma Fs Reactive FSS2332IN para Hombre"},"content":{"rendered":"<div>\n<div>Zapatillas de f\u00fatbol sala para adultos. Este modelo de zapatillas de f\u00fatbol sala de piel aporta todos los beneficios de este tejido: flexibilidad, resistencia y transpirabilidad, reforzado con perforaciones que permiten la entrada y salida del aire. Golpea la pelota con precisi\u00f3n y potencia y no dejes que nada te frene.<br \/>\nEl corte est\u00e1 fabricado en piel de primera calidad muy flexible, acompa\u00f1ado de piezas textiles en la parte superior y en la leng\u00fceta para mayor ligereza y transpirabilidad. En las zonas de cuero hemos a\u00f1adido peque\u00f1as perforaciones con el sistema de ventilaci\u00f3n VTS.<\/p>\n<p>En cuanto a los cordones, su distribuci\u00f3n con el sistema PERFECT FIT ajusta el zapato al momento del pie para que quede sujeto.<\/p>\n<p>Incluyen refuerzo en la puntera de tecnolog\u00eda PROTECTION, para que absorban el impacto del bal\u00f3n y permitan mayor precisi\u00f3n y potencia en el tiro.<\/p>\n<p>La entresuela tiene una doble densidad de phylon, que forma el sistema de amortiguaci\u00f3n FULL DUAL PULSOR. La parte superior es de phylon m\u00e1s resistente para proporcionar estabilidad. La inferior est\u00e1 confeccionada con la nueva tecnolog\u00eda FOAM REACTIVE, un sistema de amortiguaci\u00f3n que no a\u00f1ade peso a las zapatillas.<\/p>\n<p>La suela es de caucho DURABILITY de excelente calidad y resistencia a la abrasi\u00f3n. Incorpora la tecnolog\u00eda FLEX<\/p><\/div>\n<\/div>\n<ul>\n<li>Marca: Joma<\/li>\n<li>Codigo: FSS2332IN<\/li>\n<li>Modelo: Fs Reactive<\/li>\n<li>G\u00e9nero: Hombre<\/li>\n<li>Estilo: Deportivo<\/li>\n<li>Cierre: Cordones<\/li>\n<li>Material: Cuero sintetico<\/li>\n<li>Color: Blanco<\/li>\n<li>Material de la Suela: Caucho<\/li>\n<\/ul>","protected":false},"excerpt":{"rendered":"<p>Zapatillas de f\u00fatbol sala para adultos. Este modelo de zapatillas de f\u00fatbol sala de piel aporta todos los beneficios de este tejido: flexibilidad, resistencia y&#8230;<\/p>","protected":false},"featured_media":28328,"comment_status":"open","ping_status":"closed","template":"","meta":{"om_disable_all_campaigns":false,"_monsterinsights_skip_tracking":false,"_monsterinsights_sitenote_active":false,"_monsterinsights_sitenote_note":"","_monsterinsights_sitenote_category":0,"_uf_show_specific_survey":0,"_uf_disable_surveys":false,"_joinchat":[]},"etheme_brands":[],"product_brand":[],"product_cat":[19],"product_tag":[],"class_list":{"0":"post-29239","1":"product","2":"type-product","3":"status-publish","4":"has-post-thumbnail","6":"product_cat-hombre","7":"product_shipping_class-envio-a-lima-y-provincia","9":"first","10":"instock","11":"sale","12":"featured","13":"shipping-taxable","14":"purchasable","15":"product-type-variable"},"aioseo_notices":[],"_links":{"self":[{"href":"https:\/\/jnksport.com\/en\/wp-json\/wp\/v2\/product\/29239","targetHints":{"allow":["GET"]}}],"collection":[{"href":"https:\/\/jnksport.com\/en\/wp-json\/wp\/v2\/product"}],"about":[{"href":"https:\/\/jnksport.com\/en\/wp-json\/wp\/v2\/types\/product"}],"replies":[{"embeddable":true,"href":"https:\/\/jnksport.com\/en\/wp-json\/wp\/v2\/comments?post=29239"}],"version-history":[{"count":0,"href":"https:\/\/jnksport.com\/en\/wp-json\/wp\/v2\/product\/29239\/revisions"}],"wp:featuredmedia":[{"embeddable":true,"href":"https:\/\/jnksport.com\/en\/wp-json\/wp\/v2\/media\/28328"}],"wp:attachment":[{"href":"https:\/\/jnksport.com\/en\/wp-json\/wp\/v2\/media?parent=29239"}],"wp:term":[{"taxonomy":"brand","embeddable":true,"href":"https:\/\/jnksport.com\/en\/wp-json\/wp\/v2\/etheme_brands?post=29239"},{"taxonomy":"product_brand","embeddable":true,"href":"https:\/\/jnksport.com\/en\/wp-json\/wp\/v2\/product_brand?post=29239"},{"taxonomy":"product_cat","embeddable":true,"href":"https:\/\/jnksport.com\/en\/wp-json\/wp\/v2\/product_cat?post=29239"},{"taxonomy":"product_tag","embeddable":true,"href":"https:\/\/jnksport.com\/en\/wp-json\/wp\/v2\/product_tag?post=29239"}],"curies":[{"name":"wp","href":"https:\/\/api.w.org\/{rel}","templated":true}]}}