{"id":29282,"date":"2024-04-12T07:50:54","date_gmt":"2024-04-12T07:50:54","guid":{"rendered":"https:\/\/jnksport.com\/?post_type=product&#038;p=29282"},"modified":"2026-03-21T08:03:12","modified_gmt":"2026-03-21T08:03:12","slug":"zapatilla-joma-top-flex-tops2309in-para-hombre","status":"publish","type":"product","link":"https:\/\/jnksport.com\/en\/product\/zapatilla-joma-top-flex-tops2309in-para-hombre\/","title":{"rendered":"Zapatilla Joma Top Flex  TOPS2309IN para Hombre"},"content":{"rendered":"<div>\n<div>\u00a1Prep\u00e1rate para brillar en la cancha con las zapatillas Joma Top Flex 23 Indoor TOPS2309IN! \ud83d\udcab Dise\u00f1adas para los amantes del futsal, estas zapatillas son la elecci\u00f3n de los profesionales y te garantizan un rendimiento impecable en cada juego. Con su combinaci\u00f3n perfecta de durabilidad, flexibilidad y comodidad, estar\u00e1s listo para darlo todo en el terreno de juego.<\/p>\n<p>Elaboradas con piel flexible de primera calidad, las Joma Top Flex 23 Indoor te brindan resistencia, libertad de movimiento y una ventilaci\u00f3n \u00f3ptima gracias al sistema VTS. \ud83d\udcaa Adem\u00e1s, su dise\u00f1o incluye detalles textiles en el tobillo y la leng\u00fceta para un ajuste perfecto y una comodidad incomparable durante todo el partido.<\/p>\n<p>Con su pieza de refuerzo PROTECTION en la puntera, estas zapatillas te proporcionan una precisi\u00f3n y potencia excepcionales en cada golpe. \u26bd La suela de caucho de alta calidad, con tecnolog\u00eda DURABILITY, asegura una resistencia superior a la abrasi\u00f3n, mientras que la tecnolog\u00eda ROTATION te ofrece una agilidad sin igual en cada movimiento. No esperes m\u00e1s, \u00a1a\u00f1ade las Joma Top Flex 23 Indoor al carrito y domina la cancha como nunca antes!<\/p><\/div>\n<\/div>\n<ul>\n<li>Marca: Joma<\/li>\n<li>Codigo: TOPS2309IN<\/li>\n<li>Modelo: Top Flex <\/li>\n<li>G\u00e9nero: Hombre<\/li>\n<li>Estilo: Deportivo<\/li>\n<li>Cierre: Cordones<\/li>\n<li>Material: Cuero sintetico<\/li>\n<li>Color: Verde<\/li>\n<li>Material de la Suela: Caucho<\/li>\n<\/ul>","protected":false},"excerpt":{"rendered":"<p>\u00a1Prep\u00e1rate para brillar en la cancha con las zapatillas Joma Top Flex 23 Indoor TOPS2309IN! \ud83d\udcab Dise\u00f1adas para los amantes del futsal, estas zapatillas son&#8230;<\/p>","protected":false},"featured_media":28365,"comment_status":"open","ping_status":"closed","template":"","meta":{"om_disable_all_campaigns":false,"_monsterinsights_skip_tracking":false,"_monsterinsights_sitenote_active":false,"_monsterinsights_sitenote_note":"","_monsterinsights_sitenote_category":0,"_uf_show_specific_survey":0,"_uf_disable_surveys":false,"_joinchat":[]},"etheme_brands":[],"product_brand":[],"product_cat":[19],"product_tag":[],"class_list":{"0":"post-29282","1":"product","2":"type-product","3":"status-publish","4":"has-post-thumbnail","6":"product_cat-hombre","7":"product_shipping_class-envio-a-lima-y-provincia","9":"first","10":"instock","11":"sale","12":"featured","13":"shipping-taxable","14":"purchasable","15":"product-type-variable"},"aioseo_notices":[],"_links":{"self":[{"href":"https:\/\/jnksport.com\/en\/wp-json\/wp\/v2\/product\/29282","targetHints":{"allow":["GET"]}}],"collection":[{"href":"https:\/\/jnksport.com\/en\/wp-json\/wp\/v2\/product"}],"about":[{"href":"https:\/\/jnksport.com\/en\/wp-json\/wp\/v2\/types\/product"}],"replies":[{"embeddable":true,"href":"https:\/\/jnksport.com\/en\/wp-json\/wp\/v2\/comments?post=29282"}],"version-history":[{"count":0,"href":"https:\/\/jnksport.com\/en\/wp-json\/wp\/v2\/product\/29282\/revisions"}],"wp:featuredmedia":[{"embeddable":true,"href":"https:\/\/jnksport.com\/en\/wp-json\/wp\/v2\/media\/28365"}],"wp:attachment":[{"href":"https:\/\/jnksport.com\/en\/wp-json\/wp\/v2\/media?parent=29282"}],"wp:term":[{"taxonomy":"brand","embeddable":true,"href":"https:\/\/jnksport.com\/en\/wp-json\/wp\/v2\/etheme_brands?post=29282"},{"taxonomy":"product_brand","embeddable":true,"href":"https:\/\/jnksport.com\/en\/wp-json\/wp\/v2\/product_brand?post=29282"},{"taxonomy":"product_cat","embeddable":true,"href":"https:\/\/jnksport.com\/en\/wp-json\/wp\/v2\/product_cat?post=29282"},{"taxonomy":"product_tag","embeddable":true,"href":"https:\/\/jnksport.com\/en\/wp-json\/wp\/v2\/product_tag?post=29282"}],"curies":[{"name":"wp","href":"https:\/\/api.w.org\/{rel}","templated":true}]}}