{"id":30841,"date":"2024-04-14T05:13:44","date_gmt":"2024-04-14T05:13:44","guid":{"rendered":"https:\/\/jnksport.com\/?post_type=product&#038;p=30841"},"modified":"2025-11-14T22:48:37","modified_gmt":"2025-11-14T22:48:37","slug":"zapatilla-puma-carina-2-0-385849-07-para-mujer","status":"publish","type":"product","link":"https:\/\/jnksport.com\/en\/product\/zapatilla-puma-carina-2-0-385849-07-para-mujer\/","title":{"rendered":"Zapatilla Puma Carina 2.0 385849-07 para Mujer"},"content":{"rendered":"<div>\n<div>Te presentamos las Carina 2.0. Tienen un dise\u00f1o inspirado en la d\u00e9cada de 1980 con l\u00edneas cl\u00e1sicas de tenis que combinan perfectamente con el estilo relajado de las ciudades costeras de California. Manteni\u00e9ndose fiel a su dise\u00f1o, esta temporada las Carina llegan con algunas novedades, como l\u00edneas m\u00e1s anchas en el tal\u00f3n y perforaciones en la puntera para que se vean m\u00e1s vanguardistas. Incluyen nuestra plantilla SOFTFOAM+ que proporciona una suave amortiguaci\u00f3n y comodidad durante todo el d\u00eda.\n<\/div>\n<\/div>\n<ul>\n<li>Marca: Puma<\/li>\n<li>Codigo: 385849-07<\/li>\n<li>Modelo: Carina 2.0<\/li>\n<li>G\u00e9nero: Mujer<\/li>\n<li>Estilo: Urbano<\/li>\n<li>Cierre: Cordones<\/li>\n<li>Material: Cuero Sintetico<\/li>\n<li>Color: Blanco<\/li>\n<li>Material de la Suela: Goma<\/li>\n<\/ul>","protected":false},"excerpt":{"rendered":"<p>Te presentamos las Carina 2.0. Tienen un dise\u00f1o inspirado en la d\u00e9cada de 1980 con l\u00edneas cl\u00e1sicas de tenis que combinan perfectamente con el estilo&#8230;<\/p>","protected":false},"featured_media":30001,"comment_status":"open","ping_status":"closed","template":"","meta":{"om_disable_all_campaigns":false,"_monsterinsights_skip_tracking":false,"_monsterinsights_sitenote_active":false,"_monsterinsights_sitenote_note":"","_monsterinsights_sitenote_category":0,"_uf_show_specific_survey":0,"_uf_disable_surveys":false,"_joinchat":[]},"etheme_brands":[],"product_brand":[],"product_cat":[18],"product_tag":[],"class_list":{"0":"post-30841","1":"product","2":"type-product","3":"status-publish","4":"has-post-thumbnail","6":"product_cat-mujer","7":"product_shipping_class-envio-a-lima-y-provincia","9":"first","10":"instock","11":"sale","12":"featured","13":"shipping-taxable","14":"purchasable","15":"product-type-variable"},"aioseo_notices":[],"_links":{"self":[{"href":"https:\/\/jnksport.com\/en\/wp-json\/wp\/v2\/product\/30841","targetHints":{"allow":["GET"]}}],"collection":[{"href":"https:\/\/jnksport.com\/en\/wp-json\/wp\/v2\/product"}],"about":[{"href":"https:\/\/jnksport.com\/en\/wp-json\/wp\/v2\/types\/product"}],"replies":[{"embeddable":true,"href":"https:\/\/jnksport.com\/en\/wp-json\/wp\/v2\/comments?post=30841"}],"version-history":[{"count":0,"href":"https:\/\/jnksport.com\/en\/wp-json\/wp\/v2\/product\/30841\/revisions"}],"wp:featuredmedia":[{"embeddable":true,"href":"https:\/\/jnksport.com\/en\/wp-json\/wp\/v2\/media\/30001"}],"wp:attachment":[{"href":"https:\/\/jnksport.com\/en\/wp-json\/wp\/v2\/media?parent=30841"}],"wp:term":[{"taxonomy":"brand","embeddable":true,"href":"https:\/\/jnksport.com\/en\/wp-json\/wp\/v2\/etheme_brands?post=30841"},{"taxonomy":"product_brand","embeddable":true,"href":"https:\/\/jnksport.com\/en\/wp-json\/wp\/v2\/product_brand?post=30841"},{"taxonomy":"product_cat","embeddable":true,"href":"https:\/\/jnksport.com\/en\/wp-json\/wp\/v2\/product_cat?post=30841"},{"taxonomy":"product_tag","embeddable":true,"href":"https:\/\/jnksport.com\/en\/wp-json\/wp\/v2\/product_tag?post=30841"}],"curies":[{"name":"wp","href":"https:\/\/api.w.org\/{rel}","templated":true}]}}