{"id":30895,"date":"2024-04-14T05:14:14","date_gmt":"2024-04-14T05:14:14","guid":{"rendered":"https:\/\/jnksport.com\/?post_type=product&#038;p=30895"},"modified":"2026-03-14T15:19:39","modified_gmt":"2026-03-14T15:19:39","slug":"zapatilla-puma-karmen-rebelle-387212-02-para-mujer","status":"publish","type":"product","link":"https:\/\/jnksport.com\/en\/product\/zapatilla-puma-karmen-rebelle-387212-02-para-mujer\/","title":{"rendered":"Zapatilla Puma Karmen Rebelle 387212-02 para Mujer"},"content":{"rendered":"<div>\n<div> Camina con estilo con las Karmen Rebelle. Estos tenis tienen un dise\u00f1o atrevido que se combina con una plataforma para crear un modelo de estilo inconfundiblemente retro y una imagen deportiva cl\u00e1sica que queda bien con cualquier conjunto. Y lo mejor de todo es que la plantilla SoftFoam+ brinda comodidad para que te sientas bien a cada paso de tu d\u00eda. CARACTER\u00cdSTICAS + BENEFICIOS: Producto con material reciclado: el empeine de este calzado est\u00e1 hecho con al menos un 20% de material reciclado para progresar hacia un futuro mejor. SOFTFOAM+: la plantilla c\u00f3moda, con un tal\u00f3n m\u00e1s grueso, dise\u00f1ada para ofrecer una amortiguaci\u00f3n m\u00e1s suaveDETALLES: Dise\u00f1o con un empeine atrevido con detalles y capas superpuestas. Mediasuela de goma. Plataforma con una suela exterior de goma resistente. Franja PUMA en ambos costados. Etiqueta con la marca PUMA en palabra en la leng\u00fceta. Remate con logotipos metalizados dorados<\/div>\n<\/div>\n<ul>\n<li>Marca: Puma<\/li>\n<li>Codigo: 387212-02<\/li>\n<li>Modelo: Karmen Rebelle<\/li>\n<li>G\u00e9nero: Mujer<\/li>\n<li>Estilo: Urbano<\/li>\n<li>Cierre: Cordones<\/li>\n<li>Material: Cuero sintetico<\/li>\n<li>Color: Blanco<\/li>\n<li>Material de la Suela: Caucho<\/li>\n<\/ul>","protected":false},"excerpt":{"rendered":"<p>Camina con estilo con las Karmen Rebelle. Estos tenis tienen un dise\u00f1o atrevido que se combina con una plataforma para crear un modelo de estilo&#8230;<\/p>","protected":false},"featured_media":27912,"comment_status":"open","ping_status":"closed","template":"","meta":{"om_disable_all_campaigns":false,"_monsterinsights_skip_tracking":false,"_monsterinsights_sitenote_active":false,"_monsterinsights_sitenote_note":"","_monsterinsights_sitenote_category":0,"_uf_show_specific_survey":0,"_uf_disable_surveys":false,"_joinchat":[]},"etheme_brands":[],"product_brand":[],"product_cat":[18],"product_tag":[],"class_list":{"0":"post-30895","1":"product","2":"type-product","3":"status-publish","4":"has-post-thumbnail","6":"product_cat-mujer","7":"product_shipping_class-envio-a-lima-y-provincia","9":"first","10":"instock","11":"sale","12":"featured","13":"shipping-taxable","14":"purchasable","15":"product-type-variable"},"aioseo_notices":[],"_links":{"self":[{"href":"https:\/\/jnksport.com\/en\/wp-json\/wp\/v2\/product\/30895","targetHints":{"allow":["GET"]}}],"collection":[{"href":"https:\/\/jnksport.com\/en\/wp-json\/wp\/v2\/product"}],"about":[{"href":"https:\/\/jnksport.com\/en\/wp-json\/wp\/v2\/types\/product"}],"replies":[{"embeddable":true,"href":"https:\/\/jnksport.com\/en\/wp-json\/wp\/v2\/comments?post=30895"}],"version-history":[{"count":0,"href":"https:\/\/jnksport.com\/en\/wp-json\/wp\/v2\/product\/30895\/revisions"}],"wp:featuredmedia":[{"embeddable":true,"href":"https:\/\/jnksport.com\/en\/wp-json\/wp\/v2\/media\/27912"}],"wp:attachment":[{"href":"https:\/\/jnksport.com\/en\/wp-json\/wp\/v2\/media?parent=30895"}],"wp:term":[{"taxonomy":"brand","embeddable":true,"href":"https:\/\/jnksport.com\/en\/wp-json\/wp\/v2\/etheme_brands?post=30895"},{"taxonomy":"product_brand","embeddable":true,"href":"https:\/\/jnksport.com\/en\/wp-json\/wp\/v2\/product_brand?post=30895"},{"taxonomy":"product_cat","embeddable":true,"href":"https:\/\/jnksport.com\/en\/wp-json\/wp\/v2\/product_cat?post=30895"},{"taxonomy":"product_tag","embeddable":true,"href":"https:\/\/jnksport.com\/en\/wp-json\/wp\/v2\/product_tag?post=30895"}],"curies":[{"name":"wp","href":"https:\/\/api.w.org\/{rel}","templated":true}]}}