{"id":31040,"date":"2024-04-14T05:15:32","date_gmt":"2024-04-14T05:15:32","guid":{"rendered":"https:\/\/jnksport.com\/?post_type=product&#038;p=31040"},"modified":"2026-03-13T22:00:24","modified_gmt":"2026-03-13T22:00:24","slug":"zapatilla-puma-carina-2-0-deep-dive-397422-01-para-nino","status":"publish","type":"product","link":"https:\/\/jnksport.com\/en\/product\/zapatilla-puma-carina-2-0-deep-dive-397422-01-para-nino\/","title":{"rendered":"Zapatilla Puma \u00a0Carina 2.0 Deep Dive 397422-01 para Ni\u00f1o"},"content":{"rendered":"<div>\n<div>El modelo Carina 2.0 es un dise\u00f1o de tenis inspirado en los modelos de la d\u00e9cada de 1980 y adaptado al estilo de las zapatillas m\u00e1s relajadas de las ciudades costeras de California. Combina una inspiraci\u00f3n submarina, que se refleja en dise\u00f1os listos para la aventura, con detalles transl\u00facidos, neopreno y materiales sint\u00e9ticos brillantes. Esta nueva versi\u00f3n mantiene el aspecto tradicional, pero lo actualiza con mejoras significativas y comerciales. Estas incluyen un nuevo dise\u00f1o de la base, que presenta l\u00edneas verticales m\u00e1s anchas, y un logotipo PUMA en el tal\u00f3n, que les a\u00f1ade un aspecto joven y urbano.<\/div>\n<\/div>\n<ul>\n<li>Marca: Puma<\/li>\n<li>Codigo: 397422-01<\/li>\n<li>Modelo: \u00a0Carina 2.0 Deep Dive<\/li>\n<li>G\u00e9nero: Ni\u00f1o<\/li>\n<li>Estilo: Urbano<\/li>\n<li>Cierre: Cordones<\/li>\n<li>Material: Cuero sintetico<\/li>\n<li>Color: Blanco<\/li>\n<li>Material de la Suela: Caucho<\/li>\n<\/ul>","protected":false},"excerpt":{"rendered":"<p>El modelo Carina 2.0 es un dise\u00f1o de tenis inspirado en los modelos de la d\u00e9cada de 1980 y adaptado al estilo de las zapatillas&#8230;<\/p>","protected":false},"featured_media":29458,"comment_status":"open","ping_status":"closed","template":"","meta":{"om_disable_all_campaigns":false,"_monsterinsights_skip_tracking":false,"_monsterinsights_sitenote_active":false,"_monsterinsights_sitenote_note":"","_monsterinsights_sitenote_category":0,"_uf_show_specific_survey":0,"_uf_disable_surveys":false,"_joinchat":[]},"etheme_brands":[],"product_brand":[],"product_cat":[159],"product_tag":[],"class_list":{"0":"post-31040","1":"product","2":"type-product","3":"status-publish","4":"has-post-thumbnail","6":"product_cat-ninos","7":"product_shipping_class-envio-a-lima-y-provincia","9":"first","10":"instock","11":"sale","12":"featured","13":"shipping-taxable","14":"purchasable","15":"product-type-variable"},"aioseo_notices":[],"_links":{"self":[{"href":"https:\/\/jnksport.com\/en\/wp-json\/wp\/v2\/product\/31040","targetHints":{"allow":["GET"]}}],"collection":[{"href":"https:\/\/jnksport.com\/en\/wp-json\/wp\/v2\/product"}],"about":[{"href":"https:\/\/jnksport.com\/en\/wp-json\/wp\/v2\/types\/product"}],"replies":[{"embeddable":true,"href":"https:\/\/jnksport.com\/en\/wp-json\/wp\/v2\/comments?post=31040"}],"version-history":[{"count":0,"href":"https:\/\/jnksport.com\/en\/wp-json\/wp\/v2\/product\/31040\/revisions"}],"wp:featuredmedia":[{"embeddable":true,"href":"https:\/\/jnksport.com\/en\/wp-json\/wp\/v2\/media\/29458"}],"wp:attachment":[{"href":"https:\/\/jnksport.com\/en\/wp-json\/wp\/v2\/media?parent=31040"}],"wp:term":[{"taxonomy":"brand","embeddable":true,"href":"https:\/\/jnksport.com\/en\/wp-json\/wp\/v2\/etheme_brands?post=31040"},{"taxonomy":"product_brand","embeddable":true,"href":"https:\/\/jnksport.com\/en\/wp-json\/wp\/v2\/product_brand?post=31040"},{"taxonomy":"product_cat","embeddable":true,"href":"https:\/\/jnksport.com\/en\/wp-json\/wp\/v2\/product_cat?post=31040"},{"taxonomy":"product_tag","embeddable":true,"href":"https:\/\/jnksport.com\/en\/wp-json\/wp\/v2\/product_tag?post=31040"}],"curies":[{"name":"wp","href":"https:\/\/api.w.org\/{rel}","templated":true}]}}