{"id":31055,"date":"2024-04-14T05:15:43","date_gmt":"2024-04-14T05:15:43","guid":{"rendered":"https:\/\/jnksport.com\/?post_type=product&#038;p=31055"},"modified":"2026-03-13T22:00:24","modified_gmt":"2026-03-13T22:00:24","slug":"zapatilla-skechers-s-lights-400617l-bklm-para-nino","status":"publish","type":"product","link":"https:\/\/jnksport.com\/en\/product\/zapatilla-skechers-s-lights-400617l-bklm-para-nino\/","title":{"rendered":"Zapatilla Skechers S-Lights 400617L-BKLM para Ni\u00f1o"},"content":{"rendered":"<div>\n<div>Vive la diversi\u00f3n feroz usando Skechers S-Lights\u00ae: Creature-Lights. Este estilo deportivo iluminado con tem\u00e1tica de criaturas presenta una parte superior de malla y sint\u00e9tica con cordones el\u00e1sticos, correa ajustable en el empeine y entresuela luminosa que absorbe los impactos.<\/div>\n<\/div>\n<ul>\n<li>Marca: Skechers<\/li>\n<li>Codigo: 400617L-BKLM<\/li>\n<li>Modelo: S-Lights<\/li>\n<li>G\u00e9nero: Ni\u00f1o<\/li>\n<li>Estilo: Urbano<\/li>\n<li>Cierre: Cordones<\/li>\n<li>Material: Textil<\/li>\n<li>Color: Negro<\/li>\n<li>Material de la Suela: Goma<\/li>\n<\/ul>","protected":false},"excerpt":{"rendered":"<p>Vive la diversi\u00f3n feroz usando Skechers S-Lights\u00ae: Creature-Lights. Este estilo deportivo iluminado con tem\u00e1tica de criaturas presenta una parte superior de malla y sint\u00e9tica con&#8230;<\/p>","protected":false},"featured_media":30107,"comment_status":"open","ping_status":"closed","template":"","meta":{"om_disable_all_campaigns":false,"_monsterinsights_skip_tracking":false,"_monsterinsights_sitenote_active":false,"_monsterinsights_sitenote_note":"","_monsterinsights_sitenote_category":0,"_uf_show_specific_survey":0,"_uf_disable_surveys":false,"_joinchat":[]},"etheme_brands":[],"product_brand":[],"product_cat":[159],"product_tag":[],"class_list":{"0":"post-31055","1":"product","2":"type-product","3":"status-publish","4":"has-post-thumbnail","6":"product_cat-ninos","7":"product_shipping_class-envio-a-lima-y-provincia","9":"first","10":"instock","11":"sale","12":"featured","13":"shipping-taxable","14":"purchasable","15":"product-type-variable"},"aioseo_notices":[],"_links":{"self":[{"href":"https:\/\/jnksport.com\/en\/wp-json\/wp\/v2\/product\/31055","targetHints":{"allow":["GET"]}}],"collection":[{"href":"https:\/\/jnksport.com\/en\/wp-json\/wp\/v2\/product"}],"about":[{"href":"https:\/\/jnksport.com\/en\/wp-json\/wp\/v2\/types\/product"}],"replies":[{"embeddable":true,"href":"https:\/\/jnksport.com\/en\/wp-json\/wp\/v2\/comments?post=31055"}],"version-history":[{"count":0,"href":"https:\/\/jnksport.com\/en\/wp-json\/wp\/v2\/product\/31055\/revisions"}],"wp:featuredmedia":[{"embeddable":true,"href":"https:\/\/jnksport.com\/en\/wp-json\/wp\/v2\/media\/30107"}],"wp:attachment":[{"href":"https:\/\/jnksport.com\/en\/wp-json\/wp\/v2\/media?parent=31055"}],"wp:term":[{"taxonomy":"brand","embeddable":true,"href":"https:\/\/jnksport.com\/en\/wp-json\/wp\/v2\/etheme_brands?post=31055"},{"taxonomy":"product_brand","embeddable":true,"href":"https:\/\/jnksport.com\/en\/wp-json\/wp\/v2\/product_brand?post=31055"},{"taxonomy":"product_cat","embeddable":true,"href":"https:\/\/jnksport.com\/en\/wp-json\/wp\/v2\/product_cat?post=31055"},{"taxonomy":"product_tag","embeddable":true,"href":"https:\/\/jnksport.com\/en\/wp-json\/wp\/v2\/product_tag?post=31055"}],"curies":[{"name":"wp","href":"https:\/\/api.w.org\/{rel}","templated":true}]}}