{"id":31100,"date":"2024-04-14T05:16:07","date_gmt":"2024-04-14T05:16:07","guid":{"rendered":"https:\/\/jnksport.com\/?post_type=product&#038;p=31100"},"modified":"2026-04-29T22:31:57","modified_gmt":"2026-04-29T22:31:57","slug":"zapatilla-nike-blazer-low-77-vintage-da6364-101-para-hombre","status":"publish","type":"product","link":"https:\/\/jnksport.com\/en\/product\/zapatilla-nike-blazer-low-77-vintage-da6364-101-para-hombre\/","title":{"rendered":"Zapatilla Nike Blazer Low 77 Vintage DA6364-101 para Hombre"},"content":{"rendered":"<div>\n<div>Elogiado en las calles por su sencillez cl\u00e1sica y su comodidad, el Nike Blazer Low &#8217;77 Vintage regresa con su estilo de perfil bajo y un look de b\u00e1squetbol de herencia. Con delicados detalles en gamuza, un dise\u00f1o Swoosh retro y un cuello supersuave, es un calzado imprescindible en tu armario que te llevar\u00e1 donde sea.<\/div>\n<\/div>\n<ul>\n<li>Marca: Nike<\/li>\n<li>Codigo: DA6364-101<\/li>\n<li>Modelo: Blazer Low 77 Vintage<\/li>\n<li>G\u00e9nero: Hombre<\/li>\n<li>Estilo: Deportivo<\/li>\n<li>Cierre: Cordones<\/li>\n<li>Material: Cuero sintetico<\/li>\n<li>Color: Blanco<\/li>\n<li>Material de la Suela: Goma<\/li>\n<\/ul>","protected":false},"excerpt":{"rendered":"<p>Elogiado en las calles por su sencillez cl\u00e1sica y su comodidad, el Nike Blazer Low &#8217;77 Vintage regresa con su estilo de perfil bajo y&#8230;<\/p>","protected":false},"featured_media":59426,"comment_status":"open","ping_status":"closed","template":"","meta":{"om_disable_all_campaigns":false,"_monsterinsights_skip_tracking":false,"_monsterinsights_sitenote_active":false,"_monsterinsights_sitenote_note":"","_monsterinsights_sitenote_category":0,"_uf_show_specific_survey":0,"_uf_disable_surveys":false,"_joinchat":[]},"etheme_brands":[],"product_brand":[],"product_cat":[19],"product_tag":[],"class_list":{"0":"post-31100","1":"product","2":"type-product","3":"status-publish","4":"has-post-thumbnail","6":"product_cat-hombre","7":"product_shipping_class-envio-a-lima-y-provincia","9":"first","10":"instock","11":"sale","12":"featured","13":"shipping-taxable","14":"purchasable","15":"product-type-variable"},"aioseo_notices":[],"_links":{"self":[{"href":"https:\/\/jnksport.com\/en\/wp-json\/wp\/v2\/product\/31100","targetHints":{"allow":["GET"]}}],"collection":[{"href":"https:\/\/jnksport.com\/en\/wp-json\/wp\/v2\/product"}],"about":[{"href":"https:\/\/jnksport.com\/en\/wp-json\/wp\/v2\/types\/product"}],"replies":[{"embeddable":true,"href":"https:\/\/jnksport.com\/en\/wp-json\/wp\/v2\/comments?post=31100"}],"version-history":[{"count":1,"href":"https:\/\/jnksport.com\/en\/wp-json\/wp\/v2\/product\/31100\/revisions"}],"predecessor-version":[{"id":59427,"href":"https:\/\/jnksport.com\/en\/wp-json\/wp\/v2\/product\/31100\/revisions\/59427"}],"wp:featuredmedia":[{"embeddable":true,"href":"https:\/\/jnksport.com\/en\/wp-json\/wp\/v2\/media\/59426"}],"wp:attachment":[{"href":"https:\/\/jnksport.com\/en\/wp-json\/wp\/v2\/media?parent=31100"}],"wp:term":[{"taxonomy":"brand","embeddable":true,"href":"https:\/\/jnksport.com\/en\/wp-json\/wp\/v2\/etheme_brands?post=31100"},{"taxonomy":"product_brand","embeddable":true,"href":"https:\/\/jnksport.com\/en\/wp-json\/wp\/v2\/product_brand?post=31100"},{"taxonomy":"product_cat","embeddable":true,"href":"https:\/\/jnksport.com\/en\/wp-json\/wp\/v2\/product_cat?post=31100"},{"taxonomy":"product_tag","embeddable":true,"href":"https:\/\/jnksport.com\/en\/wp-json\/wp\/v2\/product_tag?post=31100"}],"curies":[{"name":"wp","href":"https:\/\/api.w.org\/{rel}","templated":true}]}}