{"id":31325,"date":"2024-04-14T05:18:12","date_gmt":"2024-04-14T05:18:12","guid":{"rendered":"https:\/\/jnksport.com\/?post_type=product&#038;p=31325"},"modified":"2026-04-20T15:30:30","modified_gmt":"2026-04-20T15:30:30","slug":"zapatilla-adidas-grand-court-platforma-ie1092-para-mujer","status":"publish","type":"product","link":"https:\/\/jnksport.com\/en\/product\/zapatilla-adidas-grand-court-platforma-ie1092-para-mujer\/","title":{"rendered":"Zapatilla Adidas Grand Court Platforma IE1092 para Mujer"},"content":{"rendered":"<div>\n<div>Con estas zapatillas adidas pr\u00e1cticamente puedes sentir la energ\u00eda de un partido de zapatillas. Tienen sus ra\u00edces en el estilo deportivo de los 70, pero no necesitas estar en la cancha para lucirlas. La suavidad de la plataforma Cloudfoam eleva la parte superior de cuero y aterriza en cada paso con comodidad total e innegable.<\/div>\n<\/div>\n<ul>\n<li>Marca: Adidas<\/li>\n<li>Codigo: IE1092<\/li>\n<li>Modelo: Grand Court Platforma<\/li>\n<li>G\u00e9nero: Mujer<\/li>\n<li>Estilo: Urbano<\/li>\n<li>Cierre: Cordones<\/li>\n<li>Material: Cuero sintetico<\/li>\n<li>Color: Blanco<\/li>\n<li>Material de la Suela: Goma<\/li>\n<\/ul>","protected":false},"excerpt":{"rendered":"<p>Con estas zapatillas adidas pr\u00e1cticamente puedes sentir la energ\u00eda de un partido de zapatillas. Tienen sus ra\u00edces en el estilo deportivo de los 70, pero&#8230;<\/p>","protected":false},"featured_media":29642,"comment_status":"open","ping_status":"closed","template":"","meta":{"om_disable_all_campaigns":false,"_monsterinsights_skip_tracking":false,"_monsterinsights_sitenote_active":false,"_monsterinsights_sitenote_note":"","_monsterinsights_sitenote_category":0,"_uf_show_specific_survey":0,"_uf_disable_surveys":false,"_joinchat":[]},"etheme_brands":[],"product_brand":[],"product_cat":[18],"product_tag":[],"class_list":{"0":"post-31325","1":"product","2":"type-product","3":"status-publish","4":"has-post-thumbnail","6":"product_cat-mujer","7":"product_shipping_class-envio-a-lima-y-provincia","9":"first","10":"instock","11":"sale","12":"featured","13":"shipping-taxable","14":"purchasable","15":"product-type-variable"},"aioseo_notices":[],"_links":{"self":[{"href":"https:\/\/jnksport.com\/en\/wp-json\/wp\/v2\/product\/31325","targetHints":{"allow":["GET"]}}],"collection":[{"href":"https:\/\/jnksport.com\/en\/wp-json\/wp\/v2\/product"}],"about":[{"href":"https:\/\/jnksport.com\/en\/wp-json\/wp\/v2\/types\/product"}],"replies":[{"embeddable":true,"href":"https:\/\/jnksport.com\/en\/wp-json\/wp\/v2\/comments?post=31325"}],"version-history":[{"count":0,"href":"https:\/\/jnksport.com\/en\/wp-json\/wp\/v2\/product\/31325\/revisions"}],"wp:featuredmedia":[{"embeddable":true,"href":"https:\/\/jnksport.com\/en\/wp-json\/wp\/v2\/media\/29642"}],"wp:attachment":[{"href":"https:\/\/jnksport.com\/en\/wp-json\/wp\/v2\/media?parent=31325"}],"wp:term":[{"taxonomy":"brand","embeddable":true,"href":"https:\/\/jnksport.com\/en\/wp-json\/wp\/v2\/etheme_brands?post=31325"},{"taxonomy":"product_brand","embeddable":true,"href":"https:\/\/jnksport.com\/en\/wp-json\/wp\/v2\/product_brand?post=31325"},{"taxonomy":"product_cat","embeddable":true,"href":"https:\/\/jnksport.com\/en\/wp-json\/wp\/v2\/product_cat?post=31325"},{"taxonomy":"product_tag","embeddable":true,"href":"https:\/\/jnksport.com\/en\/wp-json\/wp\/v2\/product_tag?post=31325"}],"curies":[{"name":"wp","href":"https:\/\/api.w.org\/{rel}","templated":true}]}}