{"id":31340,"date":"2024-04-14T05:18:21","date_gmt":"2024-04-14T05:18:21","guid":{"rendered":"https:\/\/jnksport.com\/?post_type=product&#038;p=31340"},"modified":"2026-04-25T19:59:27","modified_gmt":"2026-04-25T19:59:27","slug":"zapatilla-adidas-breaknet-2-0-ie5251-para-hombre","status":"publish","type":"product","link":"https:\/\/jnksport.com\/en\/product\/zapatilla-adidas-breaknet-2-0-ie5251-para-hombre\/","title":{"rendered":"Zapatilla Adidas Breaknet 2.0 IE5251 para Hombre"},"content":{"rendered":"<div>\n<div>Estas zaptillas adidas se inspiran en el zaptillas, pero es en las calles en donde \u00e1n todas las miradas. Con sus l\u00edneas definidas y suaves y toques de color sutil, combinan a la perfecci\u00f3n con todo, desde shorts de entrenamiento hasta pantalones chinos, pantalones deportivos y jeans. Este producto, hecho con una serie de materiales reciclados, cuenta con un exterior que incorpora al menos un 50 % de contenido reciclado. Este producto representa solo una de nuestras soluciones para acabar con los residuos pl\u00e1sticos.<\/p>\n<p>Ajuste cl\u00e1sico<br \/>\nSistema de amarre de pasadores<br \/>\nExterior sint\u00e9tico<br \/>\nForro interno sint\u00e9tico<br \/>\nSuela de caucho<br \/>\nEl exterior contiene al menos un 50 % de material reciclado<br \/>\nColor del art\u00edculo: Cloud White \/ Semi Lucid Blue \/ Better Scarlet<br \/>\nN\u00famero de art\u00edculo: IE5251<\/p><\/div>\n<\/div>\n<ul>\n<li>Marca: Adidas<\/li>\n<li>Codigo: IE5251<\/li>\n<li>Modelo: Breaknet 2.0<\/li>\n<li>G\u00e9nero: Hombre<\/li>\n<li>Estilo: Urbano<\/li>\n<li>Cierre: Cordones<\/li>\n<li>Material: Cuero Sintetico<\/li>\n<li>Color: Blanco<\/li>\n<li>Material de la Suela: Caucho<\/li>\n<\/ul>","protected":false},"excerpt":{"rendered":"<p>Estas zaptillas adidas se inspiran en el zaptillas, pero es en las calles en donde \u00e1n todas las miradas. Con sus l\u00edneas definidas y suaves&#8230;<\/p>","protected":false},"featured_media":57191,"comment_status":"open","ping_status":"closed","template":"","meta":{"om_disable_all_campaigns":false,"_monsterinsights_skip_tracking":false,"_monsterinsights_sitenote_active":false,"_monsterinsights_sitenote_note":"","_monsterinsights_sitenote_category":0,"_uf_show_specific_survey":0,"_uf_disable_surveys":false,"_joinchat":[]},"etheme_brands":[],"product_brand":[],"product_cat":[19],"product_tag":[],"class_list":{"0":"post-31340","1":"product","2":"type-product","3":"status-publish","4":"has-post-thumbnail","6":"product_cat-hombre","7":"product_shipping_class-envio-a-lima-y-provincia","9":"first","10":"instock","11":"featured","12":"shipping-taxable","13":"purchasable","14":"product-type-variable"},"aioseo_notices":[],"_links":{"self":[{"href":"https:\/\/jnksport.com\/en\/wp-json\/wp\/v2\/product\/31340","targetHints":{"allow":["GET"]}}],"collection":[{"href":"https:\/\/jnksport.com\/en\/wp-json\/wp\/v2\/product"}],"about":[{"href":"https:\/\/jnksport.com\/en\/wp-json\/wp\/v2\/types\/product"}],"replies":[{"embeddable":true,"href":"https:\/\/jnksport.com\/en\/wp-json\/wp\/v2\/comments?post=31340"}],"version-history":[{"count":0,"href":"https:\/\/jnksport.com\/en\/wp-json\/wp\/v2\/product\/31340\/revisions"}],"wp:featuredmedia":[{"embeddable":true,"href":"https:\/\/jnksport.com\/en\/wp-json\/wp\/v2\/media\/57191"}],"wp:attachment":[{"href":"https:\/\/jnksport.com\/en\/wp-json\/wp\/v2\/media?parent=31340"}],"wp:term":[{"taxonomy":"brand","embeddable":true,"href":"https:\/\/jnksport.com\/en\/wp-json\/wp\/v2\/etheme_brands?post=31340"},{"taxonomy":"product_brand","embeddable":true,"href":"https:\/\/jnksport.com\/en\/wp-json\/wp\/v2\/product_brand?post=31340"},{"taxonomy":"product_cat","embeddable":true,"href":"https:\/\/jnksport.com\/en\/wp-json\/wp\/v2\/product_cat?post=31340"},{"taxonomy":"product_tag","embeddable":true,"href":"https:\/\/jnksport.com\/en\/wp-json\/wp\/v2\/product_tag?post=31340"}],"curies":[{"name":"wp","href":"https:\/\/api.w.org\/{rel}","templated":true}]}}