{"id":31376,"date":"2024-04-14T05:18:40","date_gmt":"2024-04-14T05:18:40","guid":{"rendered":"https:\/\/jnksport.com\/?post_type=product&#038;p=31376"},"modified":"2026-03-31T22:41:13","modified_gmt":"2026-03-31T22:41:13","slug":"zapatilla-adidas-advantage-if6108-para-mujer","status":"publish","type":"product","link":"https:\/\/jnksport.com\/en\/product\/zapatilla-adidas-advantage-if6108-para-mujer\/","title":{"rendered":"Zapatilla Adidas Advantage IF6108 para Mujer"},"content":{"rendered":"<div>\n<div>A\u00f1ade un poco de estilo sutil a tus looks informales. El refuerzo de tal\u00f3n de estas zapatillas adidas inspiradas en el tenis luce un acabado iridiscente que atraer\u00e1 todas las miradas. La combinaci\u00f3n de amortiguaci\u00f3n Cloudfoam ultrasuave y una suela tipo cupsole estabilizadora te brinda comodidad en cada paso que das. Este producto est\u00e1 hecho con Primegreen, una serie de materiales reciclados de alto desempe\u00f1o. 50 % del exterior es de material reciclado. No contienen poli\u00e9ster virgen.<\/div>\n<\/div>\n<ul>\n<li>Marca: Adidas<\/li>\n<li>Codigo: IF6108<\/li>\n<li>Modelo: Advantage<\/li>\n<li>G\u00e9nero: Mujer<\/li>\n<li>Estilo: Urbano<\/li>\n<li>Cierre: Cordones<\/li>\n<li>Material: Cuero sintetico<\/li>\n<li>Color: Blanco<\/li>\n<li>Material de la Suela: Caucho<\/li>\n<\/ul>","protected":false},"excerpt":{"rendered":"<p>A\u00f1ade un poco de estilo sutil a tus looks informales. El refuerzo de tal\u00f3n de estas zapatillas adidas inspiradas en el tenis luce un acabado&#8230;<\/p>","protected":false},"featured_media":57227,"comment_status":"open","ping_status":"closed","template":"","meta":{"om_disable_all_campaigns":false,"_monsterinsights_skip_tracking":false,"_monsterinsights_sitenote_active":false,"_monsterinsights_sitenote_note":"","_monsterinsights_sitenote_category":0,"_uf_show_specific_survey":0,"_uf_disable_surveys":false,"_joinchat":[]},"etheme_brands":[],"product_brand":[],"product_cat":[18],"product_tag":[],"class_list":{"0":"post-31376","1":"product","2":"type-product","3":"status-publish","4":"has-post-thumbnail","6":"product_cat-mujer","7":"product_shipping_class-envio-a-lima-y-provincia","9":"first","10":"instock","11":"sale","12":"featured","13":"shipping-taxable","14":"purchasable","15":"product-type-variable"},"aioseo_notices":[],"_links":{"self":[{"href":"https:\/\/jnksport.com\/en\/wp-json\/wp\/v2\/product\/31376","targetHints":{"allow":["GET"]}}],"collection":[{"href":"https:\/\/jnksport.com\/en\/wp-json\/wp\/v2\/product"}],"about":[{"href":"https:\/\/jnksport.com\/en\/wp-json\/wp\/v2\/types\/product"}],"replies":[{"embeddable":true,"href":"https:\/\/jnksport.com\/en\/wp-json\/wp\/v2\/comments?post=31376"}],"version-history":[{"count":0,"href":"https:\/\/jnksport.com\/en\/wp-json\/wp\/v2\/product\/31376\/revisions"}],"wp:featuredmedia":[{"embeddable":true,"href":"https:\/\/jnksport.com\/en\/wp-json\/wp\/v2\/media\/57227"}],"wp:attachment":[{"href":"https:\/\/jnksport.com\/en\/wp-json\/wp\/v2\/media?parent=31376"}],"wp:term":[{"taxonomy":"brand","embeddable":true,"href":"https:\/\/jnksport.com\/en\/wp-json\/wp\/v2\/etheme_brands?post=31376"},{"taxonomy":"product_brand","embeddable":true,"href":"https:\/\/jnksport.com\/en\/wp-json\/wp\/v2\/product_brand?post=31376"},{"taxonomy":"product_cat","embeddable":true,"href":"https:\/\/jnksport.com\/en\/wp-json\/wp\/v2\/product_cat?post=31376"},{"taxonomy":"product_tag","embeddable":true,"href":"https:\/\/jnksport.com\/en\/wp-json\/wp\/v2\/product_tag?post=31376"}],"curies":[{"name":"wp","href":"https:\/\/api.w.org\/{rel}","templated":true}]}}