{"id":31834,"date":"2024-06-05T10:04:12","date_gmt":"2024-06-05T10:04:12","guid":{"rendered":"https:\/\/jnksport.com\/?post_type=product&#038;p=31834"},"modified":"2026-03-29T20:21:08","modified_gmt":"2026-03-29T20:21:08","slug":"zapatilla-converse-seasonal-a06567-para-mujer","status":"publish","type":"product","link":"https:\/\/jnksport.com\/en\/product\/zapatilla-converse-seasonal-a06567-para-mujer\/","title":{"rendered":"Zapatilla Converse Seasonal  A06567 para Mujer"},"content":{"rendered":"<div>\n<div>URA PRIMAVERAL Una nueva paleta de colores inspirada en la primavera significa que puedes destacar tu estado de \u00e1nimo con las All Star cl\u00e1sicas. Por supuesto, los sentimientos cambian, por lo que probablemente deber\u00edas tener unas de cada color.<\/p>\n<p>Detalles:<br \/>\nZapatillas de corte bajo con parte superior de lona<br \/>\nEtiqueta tejida en la leng\u00fceta<br \/>\nAmortiguaci\u00f3n OrthoLite para ofrecer una comodidad \u00f3ptima<br \/>\nTipo de ca\u00f1a: Ca\u00f1a Baja<\/p><\/div>\n<\/div>\n<ul>\n<li>Marca: Converse<\/li>\n<li>Codigo: A06567<\/li>\n<li>Modelo: Seasonal <\/li>\n<li>G\u00e9nero: Mujer<\/li>\n<li>Estilo: Urbano<\/li>\n<li>Cierre: Cordones<\/li>\n<li>Material: Lona<\/li>\n<li>Color: Verde<\/li>\n<li>Material de la Suela: Caucho<\/li>\n<\/ul>","protected":false},"excerpt":{"rendered":"<p>URA PRIMAVERAL Una nueva paleta de colores inspirada en la primavera significa que puedes destacar tu estado de \u00e1nimo con las All Star cl\u00e1sicas. Por&#8230;<\/p>","protected":false},"featured_media":31821,"comment_status":"open","ping_status":"closed","template":"","meta":{"om_disable_all_campaigns":false,"_monsterinsights_skip_tracking":false,"_monsterinsights_sitenote_active":false,"_monsterinsights_sitenote_note":"","_monsterinsights_sitenote_category":0,"_uf_show_specific_survey":0,"_uf_disable_surveys":false,"_joinchat":[]},"etheme_brands":[],"product_brand":[],"product_cat":[18],"product_tag":[],"class_list":{"0":"post-31834","1":"product","2":"type-product","3":"status-publish","4":"has-post-thumbnail","6":"product_cat-mujer","7":"product_shipping_class-envio-a-lima-y-provincia","9":"first","10":"instock","11":"sale","12":"featured","13":"shipping-taxable","14":"purchasable","15":"product-type-variable"},"aioseo_notices":[],"_links":{"self":[{"href":"https:\/\/jnksport.com\/en\/wp-json\/wp\/v2\/product\/31834","targetHints":{"allow":["GET"]}}],"collection":[{"href":"https:\/\/jnksport.com\/en\/wp-json\/wp\/v2\/product"}],"about":[{"href":"https:\/\/jnksport.com\/en\/wp-json\/wp\/v2\/types\/product"}],"replies":[{"embeddable":true,"href":"https:\/\/jnksport.com\/en\/wp-json\/wp\/v2\/comments?post=31834"}],"version-history":[{"count":0,"href":"https:\/\/jnksport.com\/en\/wp-json\/wp\/v2\/product\/31834\/revisions"}],"wp:featuredmedia":[{"embeddable":true,"href":"https:\/\/jnksport.com\/en\/wp-json\/wp\/v2\/media\/31821"}],"wp:attachment":[{"href":"https:\/\/jnksport.com\/en\/wp-json\/wp\/v2\/media?parent=31834"}],"wp:term":[{"taxonomy":"brand","embeddable":true,"href":"https:\/\/jnksport.com\/en\/wp-json\/wp\/v2\/etheme_brands?post=31834"},{"taxonomy":"product_brand","embeddable":true,"href":"https:\/\/jnksport.com\/en\/wp-json\/wp\/v2\/product_brand?post=31834"},{"taxonomy":"product_cat","embeddable":true,"href":"https:\/\/jnksport.com\/en\/wp-json\/wp\/v2\/product_cat?post=31834"},{"taxonomy":"product_tag","embeddable":true,"href":"https:\/\/jnksport.com\/en\/wp-json\/wp\/v2\/product_tag?post=31834"}],"curies":[{"name":"wp","href":"https:\/\/api.w.org\/{rel}","templated":true}]}}