{"id":31848,"date":"2024-06-05T10:04:18","date_gmt":"2024-06-05T10:04:18","guid":{"rendered":"https:\/\/jnksport.com\/?post_type=product&#038;p=31848"},"modified":"2025-11-14T22:49:11","modified_gmt":"2025-11-14T22:49:11","slug":"zapatilla-converse-star-grid-a08101-para-mujer","status":"publish","type":"product","link":"https:\/\/jnksport.com\/en\/product\/zapatilla-converse-star-grid-a08101-para-mujer\/","title":{"rendered":"Zapatilla Converse Star Grid A08101 para Mujer"},"content":{"rendered":"<div>\n<div>\n<p>PARA EL EXPLORADOR URBANO Estas Chuck de corte alto, inspiradas en los pantalones Cargo, combinan detalles de dise\u00f1o inconfundibles con caracter\u00edsticas pensadas para el trail. La resistente parte superior, ic\u00f3nica a la par que pr\u00e1ctica, y los detalles de red llevan tu pasi\u00f3n por la naturaleza a cualquier conjunto.<\/p>\n<p>Detalles:<\/p>\n<p>Zapatillas de corte alto con parte superior de tejido ripstop duradero y red de poli\u00e9ster en el tal\u00f3n y la leng\u00fceta<\/p>\n<p>Amortiguaci\u00f3n OrthoLite para ofrecer una comodidad \u00f3ptima<\/p>\n<p>Cordones de trial tintados en dos tonos para un look de senderismo<\/p>\n<p>Tipo de ca\u00f1a: Ca\u00f1a Alta<\/p>\n<\/div>\n<\/div>\n<ul>\n<li>Marca: Converse<\/li>\n<li>Codigo: A08101<\/li>\n<li>Modelo: Star Grid<\/li>\n<li>G\u00e9nero: Mujer<\/li>\n<li>Estilo: Urbano<\/li>\n<li>Cierre: Cordones<\/li>\n<li>Material: Lona<\/li>\n<li>Color: Negro<\/li>\n<li>Material de la Suela: Caucho<\/li>\n<\/ul>","protected":false},"excerpt":{"rendered":"<p>PARA EL EXPLORADOR URBANO Estas Chuck de corte alto, inspiradas en los pantalones Cargo, combinan detalles de dise\u00f1o inconfundibles con caracter\u00edsticas pensadas para el trail&#8230;.<\/p>","protected":false},"featured_media":31777,"comment_status":"open","ping_status":"closed","template":"","meta":{"om_disable_all_campaigns":false,"_monsterinsights_skip_tracking":false,"_monsterinsights_sitenote_active":false,"_monsterinsights_sitenote_note":"","_monsterinsights_sitenote_category":0,"_uf_show_specific_survey":0,"_uf_disable_surveys":false,"_joinchat":[]},"etheme_brands":[],"product_brand":[],"product_cat":[18],"product_tag":[],"class_list":{"0":"post-31848","1":"product","2":"type-product","3":"status-publish","4":"has-post-thumbnail","6":"product_cat-mujer","7":"product_shipping_class-envio-a-lima-y-provincia","9":"first","10":"instock","11":"sale","12":"featured","13":"shipping-taxable","14":"purchasable","15":"product-type-variable"},"aioseo_notices":[],"_links":{"self":[{"href":"https:\/\/jnksport.com\/en\/wp-json\/wp\/v2\/product\/31848","targetHints":{"allow":["GET"]}}],"collection":[{"href":"https:\/\/jnksport.com\/en\/wp-json\/wp\/v2\/product"}],"about":[{"href":"https:\/\/jnksport.com\/en\/wp-json\/wp\/v2\/types\/product"}],"replies":[{"embeddable":true,"href":"https:\/\/jnksport.com\/en\/wp-json\/wp\/v2\/comments?post=31848"}],"version-history":[{"count":0,"href":"https:\/\/jnksport.com\/en\/wp-json\/wp\/v2\/product\/31848\/revisions"}],"wp:featuredmedia":[{"embeddable":true,"href":"https:\/\/jnksport.com\/en\/wp-json\/wp\/v2\/media\/31777"}],"wp:attachment":[{"href":"https:\/\/jnksport.com\/en\/wp-json\/wp\/v2\/media?parent=31848"}],"wp:term":[{"taxonomy":"brand","embeddable":true,"href":"https:\/\/jnksport.com\/en\/wp-json\/wp\/v2\/etheme_brands?post=31848"},{"taxonomy":"product_brand","embeddable":true,"href":"https:\/\/jnksport.com\/en\/wp-json\/wp\/v2\/product_brand?post=31848"},{"taxonomy":"product_cat","embeddable":true,"href":"https:\/\/jnksport.com\/en\/wp-json\/wp\/v2\/product_cat?post=31848"},{"taxonomy":"product_tag","embeddable":true,"href":"https:\/\/jnksport.com\/en\/wp-json\/wp\/v2\/product_tag?post=31848"}],"curies":[{"name":"wp","href":"https:\/\/api.w.org\/{rel}","templated":true}]}}