{"id":31857,"date":"2024-06-05T10:04:25","date_gmt":"2024-06-05T10:04:25","guid":{"rendered":"https:\/\/jnksport.com\/?post_type=product&#038;p=31857"},"modified":"2025-11-14T22:49:04","modified_gmt":"2025-11-14T22:49:04","slug":"zapatilla-converse-lift-platform-grid-a08864-para-mujer","status":"publish","type":"product","link":"https:\/\/jnksport.com\/en\/product\/zapatilla-converse-lift-platform-grid-a08864-para-mujer\/","title":{"rendered":"Zapatilla Converse Lift Platform Grid A08864 para Mujer"},"content":{"rendered":"<div>\n<div>\n<p>LEV\u00c1NTATE Y VE A POR TODAS Estas Chuck con plataforma, inspiradas en los pantalones cargo, combinan detalles de dise\u00f1o inconfundibles con caracter\u00edsticas pensadas para el trail. Los detalles de red y los cordones con cierres a\u00f1aden a tu look un estilo inspirado en las actividades en el exterior. Por su parte, los colores inspirados en la naturaleza te ayudan a mantener los pies en la tierra.<\/p>\n<p>Detalles:<\/p>\n<p>Zapatillas de corte alto con plataforma y parte superior de lona texturizada<\/p>\n<p>Amortiguaci\u00f3n OrthoLite para ofrecer una comodidad \u00f3ptima<\/p>\n<p>Suela de plataforma para aumentar la altura<\/p>\n<p>Cordones redondeados y detalles de red para crear un look funcional<\/p>\n<p>Parche del tobillo Chuck Taylor de tejido ripstop<\/p>\n<p>Tipo de Ca\u00f1a: Plataforma<\/p>\n<\/div>\n<\/div>\n<ul>\n<li>Marca: Converse<\/li>\n<li>Codigo: A08864<\/li>\n<li>Modelo: Lift Platform Grid<\/li>\n<li>G\u00e9nero: Mujer<\/li>\n<li>Estilo: Urbano<\/li>\n<li>Cierre: Cordones<\/li>\n<li>Material: Lona<\/li>\n<li>Color: Verde<\/li>\n<li>Material de la Suela: Caucho<\/li>\n<\/ul>","protected":false},"excerpt":{"rendered":"<p>LEV\u00c1NTATE Y VE A POR TODAS Estas Chuck con plataforma, inspiradas en los pantalones cargo, combinan detalles de dise\u00f1o inconfundibles con caracter\u00edsticas pensadas para el&#8230;<\/p>","protected":false},"featured_media":31783,"comment_status":"open","ping_status":"closed","template":"","meta":{"om_disable_all_campaigns":false,"_monsterinsights_skip_tracking":false,"_monsterinsights_sitenote_active":false,"_monsterinsights_sitenote_note":"","_monsterinsights_sitenote_category":0,"_uf_show_specific_survey":0,"_uf_disable_surveys":false,"_joinchat":[]},"etheme_brands":[],"product_brand":[],"product_cat":[18],"product_tag":[],"class_list":{"0":"post-31857","1":"product","2":"type-product","3":"status-publish","4":"has-post-thumbnail","6":"product_cat-mujer","7":"product_shipping_class-envio-a-lima-y-provincia","9":"first","10":"instock","11":"sale","12":"featured","13":"shipping-taxable","14":"purchasable","15":"product-type-variable"},"aioseo_notices":[],"_links":{"self":[{"href":"https:\/\/jnksport.com\/en\/wp-json\/wp\/v2\/product\/31857","targetHints":{"allow":["GET"]}}],"collection":[{"href":"https:\/\/jnksport.com\/en\/wp-json\/wp\/v2\/product"}],"about":[{"href":"https:\/\/jnksport.com\/en\/wp-json\/wp\/v2\/types\/product"}],"replies":[{"embeddable":true,"href":"https:\/\/jnksport.com\/en\/wp-json\/wp\/v2\/comments?post=31857"}],"version-history":[{"count":0,"href":"https:\/\/jnksport.com\/en\/wp-json\/wp\/v2\/product\/31857\/revisions"}],"wp:featuredmedia":[{"embeddable":true,"href":"https:\/\/jnksport.com\/en\/wp-json\/wp\/v2\/media\/31783"}],"wp:attachment":[{"href":"https:\/\/jnksport.com\/en\/wp-json\/wp\/v2\/media?parent=31857"}],"wp:term":[{"taxonomy":"brand","embeddable":true,"href":"https:\/\/jnksport.com\/en\/wp-json\/wp\/v2\/etheme_brands?post=31857"},{"taxonomy":"product_brand","embeddable":true,"href":"https:\/\/jnksport.com\/en\/wp-json\/wp\/v2\/product_brand?post=31857"},{"taxonomy":"product_cat","embeddable":true,"href":"https:\/\/jnksport.com\/en\/wp-json\/wp\/v2\/product_cat?post=31857"},{"taxonomy":"product_tag","embeddable":true,"href":"https:\/\/jnksport.com\/en\/wp-json\/wp\/v2\/product_tag?post=31857"}],"curies":[{"name":"wp","href":"https:\/\/api.w.org\/{rel}","templated":true}]}}