{"id":32449,"date":"2024-08-29T01:43:50","date_gmt":"2024-08-29T01:43:50","guid":{"rendered":"https:\/\/jnksport.com\/?post_type=product&#038;p=32449"},"modified":"2026-04-20T15:30:10","modified_gmt":"2026-04-20T15:30:10","slug":"zapatilla-lacoste-jump-serve-747cma0037-1y5","status":"publish","type":"product","link":"https:\/\/jnksport.com\/en\/product\/zapatilla-lacoste-jump-serve-747cma0037-1y5\/","title":{"rendered":"Zapatilla-Lacoste Jump Serve -747CMA0037-1Y5"},"content":{"rendered":"<p>Este es un SLIP JUMP SERVE con un dise\u00f1o b\u00e1sico que es ideal para el uso diario.<\/p>\n<p>La parte superior suave y el\u00e1stica proporciona un ajuste c\u00f3modo.<\/p>\n<p>A\u00f1ade un punto haciendo coincidir las l\u00edneas de color en la parte del boxeo<\/p>\n<p>Un gran producto para usar a diario.<\/p>\n<p>Parte superior: 100% algod\u00f3n<\/p>\n<p>Forro: 69% algod\u00f3n, 31% poliuretano<\/p>\n<p>Suela: 100% caucho<\/p>","protected":false},"excerpt":{"rendered":"<p>Este es un SLIP JUMP SERVE con un dise\u00f1o b\u00e1sico que es ideal para el uso diario. La parte superior suave y el\u00e1stica proporciona un&#8230;<\/p>","protected":false},"featured_media":32469,"comment_status":"open","ping_status":"closed","template":"","meta":{"om_disable_all_campaigns":false,"_monsterinsights_skip_tracking":false,"_monsterinsights_sitenote_active":false,"_monsterinsights_sitenote_note":"","_monsterinsights_sitenote_category":0,"_uf_show_specific_survey":0,"_uf_disable_surveys":false,"_joinchat":[]},"etheme_brands":[],"product_brand":[],"product_cat":[19],"product_tag":[],"class_list":{"0":"post-32449","1":"product","2":"type-product","3":"status-publish","4":"has-post-thumbnail","6":"product_cat-hombre","7":"product_shipping_class-envio-a-lima-y-provincia","9":"first","10":"instock","11":"sale","12":"shipping-taxable","13":"purchasable","14":"product-type-variable"},"aioseo_notices":[],"_links":{"self":[{"href":"https:\/\/jnksport.com\/en\/wp-json\/wp\/v2\/product\/32449","targetHints":{"allow":["GET"]}}],"collection":[{"href":"https:\/\/jnksport.com\/en\/wp-json\/wp\/v2\/product"}],"about":[{"href":"https:\/\/jnksport.com\/en\/wp-json\/wp\/v2\/types\/product"}],"replies":[{"embeddable":true,"href":"https:\/\/jnksport.com\/en\/wp-json\/wp\/v2\/comments?post=32449"}],"version-history":[{"count":0,"href":"https:\/\/jnksport.com\/en\/wp-json\/wp\/v2\/product\/32449\/revisions"}],"wp:featuredmedia":[{"embeddable":true,"href":"https:\/\/jnksport.com\/en\/wp-json\/wp\/v2\/media\/32469"}],"wp:attachment":[{"href":"https:\/\/jnksport.com\/en\/wp-json\/wp\/v2\/media?parent=32449"}],"wp:term":[{"taxonomy":"brand","embeddable":true,"href":"https:\/\/jnksport.com\/en\/wp-json\/wp\/v2\/etheme_brands?post=32449"},{"taxonomy":"product_brand","embeddable":true,"href":"https:\/\/jnksport.com\/en\/wp-json\/wp\/v2\/product_brand?post=32449"},{"taxonomy":"product_cat","embeddable":true,"href":"https:\/\/jnksport.com\/en\/wp-json\/wp\/v2\/product_cat?post=32449"},{"taxonomy":"product_tag","embeddable":true,"href":"https:\/\/jnksport.com\/en\/wp-json\/wp\/v2\/product_tag?post=32449"}],"curies":[{"name":"wp","href":"https:\/\/api.w.org\/{rel}","templated":true}]}}