{"id":32574,"date":"2024-09-03T01:51:45","date_gmt":"2024-09-03T01:51:45","guid":{"rendered":"https:\/\/jnksport.com\/?post_type=product&#038;p=32574"},"modified":"2025-11-14T22:49:15","modified_gmt":"2025-11-14T22:49:15","slug":"zapatilla-asics-gel-dedicate-8-1042a255-700","status":"publish","type":"product","link":"https:\/\/jnksport.com\/en\/product\/zapatilla-asics-gel-dedicate-8-1042a255-700\/","title":{"rendered":"Zapatilla-Asics Gel Dedicate 8 &#8211; 1042A255-700"},"content":{"rendered":"<p>La <strong>GEL-DEDICATE\u2122 8 CLAY<\/strong> te brinda la estabilidad que necesitas y una flexibilidad que te mantiene en sinton\u00eda con el juego. \ud83c\udf1f<\/p>\n<p>La parte superior de estas <strong>zapatillas<\/strong> est\u00e1 dise\u00f1ada con capas de material sint\u00e9tico que ofrecen un soporte superior, manteniendo tus pies firmes y preparados para los movimientos m\u00e1s r\u00e1pidos y desafiantes en la cancha.<\/p>\n<p>Gracias a la tecnolog\u00eda <strong>TRUSSTIC\u2122<\/strong> y la suela que se adapta perfectamente al calzado, sentir\u00e1s una estabilidad que te permitir\u00e1 moverte con total libertad. \ud83d\udd25 Cambia de direcci\u00f3n con confianza, especialmente en esos movimientos laterales que pueden definir un partido. \ud83c\udfbe\u2728<\/p>\n<p>Estas zapatillas no solo est\u00e1n dise\u00f1adas para rendir, sino para que sientas cada movimiento como una extensi\u00f3n natural de tu juego. \u00a1Lleva tu rendimiento al siguiente nivel con la GEL-DEDICATE\u2122 8 CLAY! \ud83d\udcaa<\/p>","protected":false},"excerpt":{"rendered":"<p>La GEL-DEDICATE\u2122 8 CLAY te brinda la estabilidad que necesitas y una flexibilidad que te mantiene en sinton\u00eda con el juego. \ud83c\udf1f La parte superior&#8230;<\/p>","protected":false},"featured_media":32458,"comment_status":"open","ping_status":"closed","template":"","meta":{"om_disable_all_campaigns":false,"_monsterinsights_skip_tracking":false,"_monsterinsights_sitenote_active":false,"_monsterinsights_sitenote_note":"","_monsterinsights_sitenote_category":0,"_uf_show_specific_survey":0,"_uf_disable_surveys":false,"_joinchat":[]},"etheme_brands":[],"product_brand":[],"product_cat":[18],"product_tag":[],"class_list":{"0":"post-32574","1":"product","2":"type-product","3":"status-publish","4":"has-post-thumbnail","6":"product_cat-mujer","7":"product_shipping_class-envio-a-lima-y-provincia","9":"first","10":"instock","11":"sale","12":"shipping-taxable","13":"purchasable","14":"product-type-variable"},"aioseo_notices":[],"_links":{"self":[{"href":"https:\/\/jnksport.com\/en\/wp-json\/wp\/v2\/product\/32574","targetHints":{"allow":["GET"]}}],"collection":[{"href":"https:\/\/jnksport.com\/en\/wp-json\/wp\/v2\/product"}],"about":[{"href":"https:\/\/jnksport.com\/en\/wp-json\/wp\/v2\/types\/product"}],"replies":[{"embeddable":true,"href":"https:\/\/jnksport.com\/en\/wp-json\/wp\/v2\/comments?post=32574"}],"version-history":[{"count":0,"href":"https:\/\/jnksport.com\/en\/wp-json\/wp\/v2\/product\/32574\/revisions"}],"wp:featuredmedia":[{"embeddable":true,"href":"https:\/\/jnksport.com\/en\/wp-json\/wp\/v2\/media\/32458"}],"wp:attachment":[{"href":"https:\/\/jnksport.com\/en\/wp-json\/wp\/v2\/media?parent=32574"}],"wp:term":[{"taxonomy":"brand","embeddable":true,"href":"https:\/\/jnksport.com\/en\/wp-json\/wp\/v2\/etheme_brands?post=32574"},{"taxonomy":"product_brand","embeddable":true,"href":"https:\/\/jnksport.com\/en\/wp-json\/wp\/v2\/product_brand?post=32574"},{"taxonomy":"product_cat","embeddable":true,"href":"https:\/\/jnksport.com\/en\/wp-json\/wp\/v2\/product_cat?post=32574"},{"taxonomy":"product_tag","embeddable":true,"href":"https:\/\/jnksport.com\/en\/wp-json\/wp\/v2\/product_tag?post=32574"}],"curies":[{"name":"wp","href":"https:\/\/api.w.org\/{rel}","templated":true}]}}