{"id":34613,"date":"2024-11-04T22:16:43","date_gmt":"2024-11-04T22:16:43","guid":{"rendered":"https:\/\/jnksport.com\/?post_type=product&#038;p=34613"},"modified":"2025-11-14T22:49:17","modified_gmt":"2025-11-14T22:49:17","slug":"zapatilla-converse-lift-platform-stars","status":"publish","type":"product","link":"https:\/\/jnksport.com\/en\/product\/zapatilla-converse-lift-platform-stars\/","title":{"rendered":"Zapatilla Converse Lift Platform Stars"},"content":{"rendered":"<ul class=\"gl-list\">\n<li class=\"gl-vspace-bpall-small\">\n<div class=\"titulo\">\n<p>Una obra maestra moderna\u2014estos altos premium est\u00e1n listos para robarse el show. El acabado met\u00e1lico atrae miradas (y segundas miradas), mientras que la gamuza suave agrega un toque refinado a cualquier atuendo. Brilla con estilo.<\/p>\n<p>Detalles:<\/p>\n<\/div>\n<ul>\n<li>Amortiguaci\u00f3n OrthoLite para proporcionar comodidad \u00f3ptima<\/li>\n<li>Textura brillante y detalles met\u00e1licos que a\u00f1aden un toque de sofisticaci\u00f3n<\/li>\n<li>Detalles inspirados en el vintage, como la entresuela en egret, costuras ornamentadas y una pared lateral de goma m\u00e1s alta<\/li>\n<li>Parche ic\u00f3nico de Chuck Taylor en el tobillo y placa de licencia All Star vintage<\/li>\n<li>Marca: Converse<\/li>\n<li>Categor\u00eda: Calzado<\/li>\n<li>G\u00e9nero: Mujer<\/li>\n<li>Estilo: Urbano<\/li>\n<li>Material de suela: Caucho<\/li>\n<li>Superficie : Asfalto<\/li>\n<li>Tipo de Ca\u00f1a: Ca\u00f1a Alta<\/li>\n<\/ul>\n<\/li>\n<\/ul>","protected":false},"excerpt":{"rendered":"<p>Una obra maestra moderna\u2014estos altos premium est\u00e1n listos para robarse el show. El acabado met\u00e1lico atrae miradas (y segundas miradas), mientras que la gamuza suave&#8230;<\/p>","protected":false},"featured_media":34615,"comment_status":"open","ping_status":"closed","template":"","meta":{"om_disable_all_campaigns":false,"_monsterinsights_skip_tracking":false,"_monsterinsights_sitenote_active":false,"_monsterinsights_sitenote_note":"","_monsterinsights_sitenote_category":0,"_uf_show_specific_survey":0,"_uf_disable_surveys":false,"_joinchat":[]},"etheme_brands":[],"product_brand":[],"product_cat":[18],"product_tag":[],"class_list":{"0":"post-34613","1":"product","2":"type-product","3":"status-publish","4":"has-post-thumbnail","6":"product_cat-mujer","7":"product_shipping_class-envio-a-lima-y-provincia","9":"first","10":"instock","11":"sale","12":"shipping-taxable","13":"purchasable","14":"product-type-variable"},"aioseo_notices":[],"_links":{"self":[{"href":"https:\/\/jnksport.com\/en\/wp-json\/wp\/v2\/product\/34613","targetHints":{"allow":["GET"]}}],"collection":[{"href":"https:\/\/jnksport.com\/en\/wp-json\/wp\/v2\/product"}],"about":[{"href":"https:\/\/jnksport.com\/en\/wp-json\/wp\/v2\/types\/product"}],"replies":[{"embeddable":true,"href":"https:\/\/jnksport.com\/en\/wp-json\/wp\/v2\/comments?post=34613"}],"version-history":[{"count":0,"href":"https:\/\/jnksport.com\/en\/wp-json\/wp\/v2\/product\/34613\/revisions"}],"wp:featuredmedia":[{"embeddable":true,"href":"https:\/\/jnksport.com\/en\/wp-json\/wp\/v2\/media\/34615"}],"wp:attachment":[{"href":"https:\/\/jnksport.com\/en\/wp-json\/wp\/v2\/media?parent=34613"}],"wp:term":[{"taxonomy":"brand","embeddable":true,"href":"https:\/\/jnksport.com\/en\/wp-json\/wp\/v2\/etheme_brands?post=34613"},{"taxonomy":"product_brand","embeddable":true,"href":"https:\/\/jnksport.com\/en\/wp-json\/wp\/v2\/product_brand?post=34613"},{"taxonomy":"product_cat","embeddable":true,"href":"https:\/\/jnksport.com\/en\/wp-json\/wp\/v2\/product_cat?post=34613"},{"taxonomy":"product_tag","embeddable":true,"href":"https:\/\/jnksport.com\/en\/wp-json\/wp\/v2\/product_tag?post=34613"}],"curies":[{"name":"wp","href":"https:\/\/api.w.org\/{rel}","templated":true}]}}