{"id":34647,"date":"2024-11-04T22:44:43","date_gmt":"2024-11-04T22:44:43","guid":{"rendered":"https:\/\/jnksport.com\/?post_type=product&#038;p=34647"},"modified":"2026-03-17T06:39:08","modified_gmt":"2026-03-17T06:39:08","slug":"converse-chuck-taylor-all-star-lift-flames","status":"publish","type":"product","link":"https:\/\/jnksport.com\/en\/product\/converse-chuck-taylor-all-star-lift-flames\/","title":{"rendered":"Zapatillas Converse Chuck Taylor All Star Lift Flames A07892"},"content":{"rendered":"<div class=\"titulo\">\n<p id=\"VW4NQSG\">Este modelo All Star rinde homenaje a la moda de la contracultura con elementos de inspiraci\u00f3n retro. Una entresuela interrumpida a\u00f1ade un toque intrigante sin perder el estilo caracter\u00edstico de Converse. Ahora con estampados de llamas de archivo para un estilo imperdible.<\/p>\n<div>\n<h3>Detalles<\/h3>\n<ul>\n<li>Lona cl\u00e1sica para ese aspecto y sensaci\u00f3n atemporal de las Chuck Taylor<\/li>\n<li>La amortiguaci\u00f3n OrthoLite ayuda a proporcionar una comodidad \u00f3ptima.<\/li>\n<li>Ante en la leng\u00fceta, el tal\u00f3n y los ojales.<\/li>\n<li>Estampados de llamas de archivo para una apariencia atrevida<\/li>\n<li>Parche ic\u00f3nico de Chuck Taylor en el tobillo<\/li>\n<li>Altura de elevaci\u00f3n: 29 mm<\/li>\n<\/ul>\n<\/div>\n<div>\n<h3>Or\u00edgenes de Chuck Taylor All Star<\/h3>\n<\/div>\n<p>Creada en 1917 como una zapatilla de baloncesto antideslizante, la All Star fue promocionada originalmente por su rendimiento superior en la cancha por el genio del baloncesto Chuck Taylor. Pero con el paso de las d\u00e9cadas, sucedi\u00f3 algo incre\u00edble: la zapatilla, con su silueta atemporal y su inconfundible parche en el tobillo, fue adoptada org\u00e1nicamente por rebeldes, artistas, m\u00fasicos, so\u00f1adores, pensadores y originales.<\/p>\n<\/div>","protected":false},"excerpt":{"rendered":"<p>Este modelo All Star rinde homenaje a la moda de la contracultura con elementos de inspiraci\u00f3n retro. Una entresuela interrumpida a\u00f1ade un toque intrigante sin&#8230;<\/p>","protected":false},"featured_media":34653,"comment_status":"open","ping_status":"closed","template":"","meta":{"om_disable_all_campaigns":false,"_monsterinsights_skip_tracking":false,"_monsterinsights_sitenote_active":false,"_monsterinsights_sitenote_note":"","_monsterinsights_sitenote_category":0,"_uf_show_specific_survey":0,"_uf_disable_surveys":false,"_joinchat":[]},"etheme_brands":[],"product_brand":[],"product_cat":[18],"product_tag":[],"class_list":{"0":"post-34647","1":"product","2":"type-product","3":"status-publish","4":"has-post-thumbnail","6":"product_cat-mujer","7":"product_shipping_class-envio-a-lima-y-provincia","9":"first","10":"instock","11":"sale","12":"shipping-taxable","13":"purchasable","14":"product-type-variable"},"aioseo_notices":[],"_links":{"self":[{"href":"https:\/\/jnksport.com\/en\/wp-json\/wp\/v2\/product\/34647","targetHints":{"allow":["GET"]}}],"collection":[{"href":"https:\/\/jnksport.com\/en\/wp-json\/wp\/v2\/product"}],"about":[{"href":"https:\/\/jnksport.com\/en\/wp-json\/wp\/v2\/types\/product"}],"replies":[{"embeddable":true,"href":"https:\/\/jnksport.com\/en\/wp-json\/wp\/v2\/comments?post=34647"}],"version-history":[{"count":0,"href":"https:\/\/jnksport.com\/en\/wp-json\/wp\/v2\/product\/34647\/revisions"}],"wp:featuredmedia":[{"embeddable":true,"href":"https:\/\/jnksport.com\/en\/wp-json\/wp\/v2\/media\/34653"}],"wp:attachment":[{"href":"https:\/\/jnksport.com\/en\/wp-json\/wp\/v2\/media?parent=34647"}],"wp:term":[{"taxonomy":"brand","embeddable":true,"href":"https:\/\/jnksport.com\/en\/wp-json\/wp\/v2\/etheme_brands?post=34647"},{"taxonomy":"product_brand","embeddable":true,"href":"https:\/\/jnksport.com\/en\/wp-json\/wp\/v2\/product_brand?post=34647"},{"taxonomy":"product_cat","embeddable":true,"href":"https:\/\/jnksport.com\/en\/wp-json\/wp\/v2\/product_cat?post=34647"},{"taxonomy":"product_tag","embeddable":true,"href":"https:\/\/jnksport.com\/en\/wp-json\/wp\/v2\/product_tag?post=34647"}],"curies":[{"name":"wp","href":"https:\/\/api.w.org\/{rel}","templated":true}]}}