{"id":34662,"date":"2024-11-05T09:07:10","date_gmt":"2024-11-05T09:07:10","guid":{"rendered":"https:\/\/jnksport.com\/?post_type=product&#038;p=34662"},"modified":"2026-04-25T19:59:27","modified_gmt":"2026-04-25T19:59:27","slug":"zapatilla-reebok-princess-100000101-mujer","status":"publish","type":"product","link":"https:\/\/jnksport.com\/en\/product\/zapatilla-reebok-princess-100000101-mujer\/","title":{"rendered":"Zapatilla Reebok Princess  100000101 Mujer"},"content":{"rendered":"<p>Deslumbra a todos con este calzado, uno de los m\u00e1s c\u00f3modos que hayas usado jam\u00e1s. Su exterior de cuero sint\u00e9tico brinda comodidad al instante. Al igual que el suave forro de polar. La amortiguaci\u00f3n y la comodidad est\u00e1n garantizados gracias a la entresuela de EVA y a la plantilla de espuma acolchada. Suela exterior de caucho de alta resistencia al desgaste para durabilidad.<\/p>","protected":false},"excerpt":{"rendered":"<p>Deslumbra a todos con este calzado, uno de los m\u00e1s c\u00f3modos que hayas usado jam\u00e1s. Su exterior de cuero sint\u00e9tico brinda comodidad al instante. Al&#8230;<\/p>","protected":false},"featured_media":33443,"comment_status":"open","ping_status":"closed","template":"","meta":{"om_disable_all_campaigns":false,"_monsterinsights_skip_tracking":false,"_monsterinsights_sitenote_active":false,"_monsterinsights_sitenote_note":"","_monsterinsights_sitenote_category":0,"_uf_show_specific_survey":0,"_uf_disable_surveys":false,"_joinchat":[]},"etheme_brands":[],"product_brand":[],"product_cat":[18],"product_tag":[],"class_list":{"0":"post-34662","1":"product","2":"type-product","3":"status-publish","4":"has-post-thumbnail","6":"product_cat-mujer","7":"product_shipping_class-envio-a-lima-y-provincia","9":"first","10":"instock","11":"sale","12":"featured","13":"shipping-taxable","14":"purchasable","15":"product-type-variable"},"aioseo_notices":[],"_links":{"self":[{"href":"https:\/\/jnksport.com\/en\/wp-json\/wp\/v2\/product\/34662","targetHints":{"allow":["GET"]}}],"collection":[{"href":"https:\/\/jnksport.com\/en\/wp-json\/wp\/v2\/product"}],"about":[{"href":"https:\/\/jnksport.com\/en\/wp-json\/wp\/v2\/types\/product"}],"replies":[{"embeddable":true,"href":"https:\/\/jnksport.com\/en\/wp-json\/wp\/v2\/comments?post=34662"}],"version-history":[{"count":0,"href":"https:\/\/jnksport.com\/en\/wp-json\/wp\/v2\/product\/34662\/revisions"}],"wp:featuredmedia":[{"embeddable":true,"href":"https:\/\/jnksport.com\/en\/wp-json\/wp\/v2\/media\/33443"}],"wp:attachment":[{"href":"https:\/\/jnksport.com\/en\/wp-json\/wp\/v2\/media?parent=34662"}],"wp:term":[{"taxonomy":"brand","embeddable":true,"href":"https:\/\/jnksport.com\/en\/wp-json\/wp\/v2\/etheme_brands?post=34662"},{"taxonomy":"product_brand","embeddable":true,"href":"https:\/\/jnksport.com\/en\/wp-json\/wp\/v2\/product_brand?post=34662"},{"taxonomy":"product_cat","embeddable":true,"href":"https:\/\/jnksport.com\/en\/wp-json\/wp\/v2\/product_cat?post=34662"},{"taxonomy":"product_tag","embeddable":true,"href":"https:\/\/jnksport.com\/en\/wp-json\/wp\/v2\/product_tag?post=34662"}],"curies":[{"name":"wp","href":"https:\/\/api.w.org\/{rel}","templated":true}]}}