{"id":34703,"date":"2024-11-05T09:07:49","date_gmt":"2024-11-05T09:07:49","guid":{"rendered":"https:\/\/jnksport.com\/?post_type=product&#038;p=34703"},"modified":"2025-11-14T22:49:21","modified_gmt":"2025-11-14T22:49:21","slug":"zapatilla-reebok-court-advance-100202649-mujer","status":"publish","type":"product","link":"https:\/\/jnksport.com\/en\/product\/zapatilla-reebok-court-advance-100202649-mujer\/","title":{"rendered":"Zapatilla Reebok Court Advance 100202649 Mujer"},"content":{"rendered":"<p>Los Zapatillas Classics Reebok Court Advance Surge para mujer cuentan con tecnolog\u00eda de amortiguaci\u00f3n que absorbe impactos y proporciona un retorno de energ\u00eda.<\/p>\n<p>Los Zapatillas Classics Reebok Court Advance Surge para mujer combinan una est\u00e9tica moderna con un toque cl\u00e1sico. Su perfil estilizado, acentuado por detalles en contraste, aporta una apariencia sofisticada que resalta sin esfuerzo en cualquier entorno. Cada l\u00ednea est\u00e1 pensada para ofrecer un ajuste c\u00f3modo y seguro, asegurando que tu look se mantenga impecable en todo momento.<\/p>","protected":false},"excerpt":{"rendered":"<p>Los Zapatillas Classics Reebok Court Advance Surge para mujer cuentan con tecnolog\u00eda de amortiguaci\u00f3n que absorbe impactos y proporciona un retorno de energ\u00eda. Los Zapatillas&#8230;<\/p>","protected":false},"featured_media":33492,"comment_status":"open","ping_status":"closed","template":"","meta":{"om_disable_all_campaigns":false,"_monsterinsights_skip_tracking":false,"_monsterinsights_sitenote_active":false,"_monsterinsights_sitenote_note":"","_monsterinsights_sitenote_category":0,"_uf_show_specific_survey":0,"_uf_disable_surveys":false,"_joinchat":[]},"etheme_brands":[],"product_brand":[],"product_cat":[18],"product_tag":[],"class_list":{"0":"post-34703","1":"product","2":"type-product","3":"status-publish","4":"has-post-thumbnail","6":"product_cat-mujer","7":"product_shipping_class-envio-a-lima-y-provincia","9":"first","10":"instock","11":"sale","12":"featured","13":"shipping-taxable","14":"purchasable","15":"product-type-variable"},"aioseo_notices":[],"_links":{"self":[{"href":"https:\/\/jnksport.com\/en\/wp-json\/wp\/v2\/product\/34703","targetHints":{"allow":["GET"]}}],"collection":[{"href":"https:\/\/jnksport.com\/en\/wp-json\/wp\/v2\/product"}],"about":[{"href":"https:\/\/jnksport.com\/en\/wp-json\/wp\/v2\/types\/product"}],"replies":[{"embeddable":true,"href":"https:\/\/jnksport.com\/en\/wp-json\/wp\/v2\/comments?post=34703"}],"version-history":[{"count":0,"href":"https:\/\/jnksport.com\/en\/wp-json\/wp\/v2\/product\/34703\/revisions"}],"wp:featuredmedia":[{"embeddable":true,"href":"https:\/\/jnksport.com\/en\/wp-json\/wp\/v2\/media\/33492"}],"wp:attachment":[{"href":"https:\/\/jnksport.com\/en\/wp-json\/wp\/v2\/media?parent=34703"}],"wp:term":[{"taxonomy":"brand","embeddable":true,"href":"https:\/\/jnksport.com\/en\/wp-json\/wp\/v2\/etheme_brands?post=34703"},{"taxonomy":"product_brand","embeddable":true,"href":"https:\/\/jnksport.com\/en\/wp-json\/wp\/v2\/product_brand?post=34703"},{"taxonomy":"product_cat","embeddable":true,"href":"https:\/\/jnksport.com\/en\/wp-json\/wp\/v2\/product_cat?post=34703"},{"taxonomy":"product_tag","embeddable":true,"href":"https:\/\/jnksport.com\/en\/wp-json\/wp\/v2\/product_tag?post=34703"}],"curies":[{"name":"wp","href":"https:\/\/api.w.org\/{rel}","templated":true}]}}